{"id":1376476,"date":"2025-05-20T09:23:40","date_gmt":"2025-05-20T08:23:40","guid":{"rendered":"https:\/\/franotech.com\/start\/"},"modified":"2026-02-27T07:40:19","modified_gmt":"2026-02-27T06:40:19","slug":"start","status":"publish","type":"page","link":"https:\/\/franotech.com\/en\/","title":{"rendered":"Start"},"content":{"rendered":"\n<div class=\"et_pb_section_0 et_pb_section et_section_regular et_block_section et_animated\"><div class=\"et_pb_row_0 et_pb_row et_block_row\"><div class=\"et_pb_column_0 et_pb_column et_pb_column_4_4 et-last-child et_block_column et_pb_css_mix_blend_mode_passthrough\"><div class=\"et_pb_text_0 et_pb_text et_pb_bg_layout_dark et_pb_module et_block_module et_pb_text_align_center\"><div class=\"et_pb_text_inner\"><h1>Specialist for<br \/>Vision  Safety<\/h1>\n<p>Top prices, top quality and fast delivery throughout Europe<\/p>\n<\/div><\/div><div class=\"et_pb_module et_pb_button_module_wrapper et_pb_button_0_wrapper\"><a class=\"et_pb_button_0 et_pb_button et_pb_bg_layout_dark et_pb_module et_block_module\" href=\"https:\/\/franotech.com\/wholesale\/\">To the Dealer Shop<\/a><\/div><\/div><\/div><\/div><div class=\"et_pb_section_1 et_pb_section et_section_regular et_block_section\"><div class=\"et_pb_row_1 et_pb_row et_block_row\"><div class=\"et_pb_column_1 et_pb_column et_pb_column_4_4 et-last-child et_block_column et_pb_css_mix_blend_mode_passthrough\"><div class=\"et_pb_heading_0 et_pb_heading et_pb_module et_block_module\"><div class=\"et_pb_heading_container\"><h1 class=\"et_pb_module_header\">Overview of our Products<\/h1><\/div><\/div><\/div><\/div><div class=\"et_pb_row_2 et_pb_row et_pb_equal_columns et_block_row\"><div class=\"et_pb_column_2 et_pb_column et_pb_column_1_2 et_block_column et_pb_css_mix_blend_mode_passthrough\"><div class=\"et_pb_text_1 et_pb_text et_pb_bg_layout_light et_pb_module et_block_module\"><div class=\"et_pb_text_inner\"><h2>First Aid Kits<\/h2>\n<\/div><\/div><div class=\"et_pb_text_2 et_pb_text et_pb_bg_layout_light et_pb_module et_block_module\"><div class=\"et_pb_text_inner\"><p>First aid kits are available in 1-piece versions with only bandage material, 2-piece with bandage material and safety vest, and 3-piece with bandage material, safety vest, and warning triangle. With us, you will always find the most up-to-date standards for optimal legal security: <br \/><strong>-Bandage material according to the latest 13164 DIN standard<br \/>-Safety vest according to the latest <span>EN ISO 20471 standard<br \/>-Warning triangle according to the latest 27R<\/span> E standard<br \/><\/strong>Due to our fast inventory turnover, we always have the latest expiration dates for the bandage material. We guarantee a minimum of 5 years shelf life for our dealer customers from the order date. <br \/><strong>NOW NEW WITH COLOR LOGO BY DIGITAL PRINT AT THE SAME PRICE!<\/strong><\/p>\n<\/div><\/div><div class=\"et_pb_module et_pb_button_module_wrapper et_pb_button_1_wrapper\"><a class=\"et_pb_button_1 et_pb_button et_pb_bg_layout_dark et_pb_module et_block_module\" href=\"https:\/\/franotech.com\/wholesale\/\">Order now with your own company logo<\/a><\/div><\/div><div class=\"et_pb_column_3 et_pb_column et_pb_column_1_2 et-last-child et_block_column et_pb_css_mix_blend_mode_passthrough\"><div class=\"et_pb_image_0 et_pb_image et_pb_module et_block_module\"><span class=\"et_pb_image_wrap\"><img loading=\"lazy\" decoding=\"async\" src=\"https:\/\/franotech.com\/wp-content\/uploads\/2025\/09\/All-in-One-Kfz-Kombitasche-Start-page-1.jpg\" width=\"800\" height=\"533\" srcset=\"https:\/\/franotech.com\/wp-content\/uploads\/2025\/09\/All-in-One-Kfz-Kombitasche-Start-page-1.jpg 800w, https:\/\/franotech.com\/wp-content\/uploads\/2025\/09\/All-in-One-Kfz-Kombitasche-Start-page-1-480x320.jpg 480w\" sizes=\"(min-width: 0px) and (max-width: 480px) 480px, (min-width: 481px) 800px, 100vw\" class=\"wp-image-1378789\" title=\"All in One Car Combi Bag Start page\" \/><\/span><\/div><\/div><\/div><div class=\"et_pb_row_3 et_pb_row et_pb_equal_columns et_block_row\"><div class=\"et_pb_column_4 et_pb_column et_pb_column_1_2 et_block_column et_pb_css_mix_blend_mode_passthrough\"><div class=\"et_pb_image_1 et_pb_image et_pb_module et_block_module\"><span class=\"et_pb_image_wrap\"><img loading=\"lazy\" decoding=\"async\" src=\"https:\/\/franotech.com\/wp-content\/uploads\/2025\/05\/wipers.jpg\" width=\"800\" height=\"533\" srcset=\"https:\/\/franotech.com\/wp-content\/uploads\/2025\/05\/wipers.jpg 800w, https:\/\/franotech.com\/wp-content\/uploads\/2025\/05\/wipers-480x320.jpg 480w\" sizes=\"(min-width: 0px) and (max-width: 480px) 480px, (min-width: 481px) 800px, 100vw\" class=\"wp-image-1376077\" title=\"Wipers\" \/><\/span><\/div><\/div><div class=\"et_pb_column_5 et_pb_column et_pb_column_1_2 et-last-child et_block_column et_pb_css_mix_blend_mode_passthrough\"><div class=\"et_pb_text_3 et_pb_text et_pb_bg_layout_light et_pb_module et_block_module\"><div class=\"et_pb_text_inner\"><h2>Windshield Wipers<\/h2>\n<\/div><\/div><div class=\"et_pb_text_4 et_pb_text et_pb_bg_layout_light et_pb_module et_block_module\"><div class=\"et_pb_text_inner\"><p>High contact pressure and a high-quality rubber lip allow our windshield wipers to glide over the windshield and ensure a safe journey even in heavy rain. Thanks to our modular adapter system, dealers can drastically reduce their inventory and conveniently order by length. Simply choose the correct wiper length and clip on the appropriate adapter instead of ordering wipers according to vehicle model.  <\/p>\n<\/div><\/div><div class=\"et_pb_module et_pb_button_module_wrapper et_pb_button_2_wrapper\"><a class=\"et_pb_button_2 et_pb_button et_pb_bg_layout_dark et_pb_module et_block_module\" href=\"https:\/\/franotech.com\/wholesale\/\">Order windshield wipers by length now<\/a><\/div><\/div><\/div><div class=\"et_pb_row_4 et_pb_row et_pb_equal_columns et_block_row\"><div class=\"et_pb_column_6 et_pb_column et_pb_column_1_2 et_block_column et_pb_css_mix_blend_mode_passthrough\"><div class=\"et_pb_text_5 et_pb_text et_pb_bg_layout_light et_pb_module et_block_module\"><div class=\"et_pb_text_inner\"><h2>Vehicle Lamps<\/h2>\n<\/div><\/div><div class=\"et_pb_text_6 et_pb_text et_pb_bg_layout_light et_pb_module et_block_module\"><div class=\"et_pb_text_inner\"><p>We offer lamps for all socket types at top prices. Since there are often problems with cheap Chinese imports from our competitors when it comes to lamps, we rely on high-quality processing from Korea to offer our dealer customers long-lasting and high-quality lamps.<br \/>Recently, we have also been offering LED lamps for a large number of vehicle models. <\/p>\n<\/div><\/div><div class=\"et_pb_module et_pb_button_module_wrapper et_pb_button_3_wrapper\"><a class=\"et_pb_button_3 et_pb_button et_pb_bg_layout_dark et_pb_module et_block_module\" href=\"https:\/\/franotech.com\/wholesale\/\">Order Halogen, Xenon or latest LED lamps now<\/a><\/div><\/div><div class=\"et_pb_column_7 et_pb_column et_pb_column_1_2 et-last-child et_block_column et_pb_css_mix_blend_mode_passthrough\"><div class=\"et_pb_image_2 et_pb_image et_pb_module et_block_module\"><span class=\"et_pb_image_wrap\"><img loading=\"lazy\" decoding=\"async\" src=\"https:\/\/franotech.com\/wp-content\/uploads\/2025\/05\/car-light.jpg\" width=\"800\" height=\"533\" srcset=\"https:\/\/franotech.com\/wp-content\/uploads\/2025\/05\/car-light.jpg 800w, https:\/\/franotech.com\/wp-content\/uploads\/2025\/05\/car-light-480x320.jpg 480w\" sizes=\"(min-width: 0px) and (max-width: 480px) 480px, (min-width: 481px) 800px, 100vw\" class=\"wp-image-1376088\" title=\"Car Light\" \/><\/span><\/div><\/div><\/div><\/div><div class=\"et_pb_section_2 et_pb_section et_section_regular et_block_section\"><div class=\"et_pb_row_5 et_pb_row et_block_row\"><div class=\"et_pb_column_8 et_pb_column et_pb_column_1_3 et_block_column et_pb_css_mix_blend_mode_passthrough\"><div class=\"et_pb_blurb_0 et_pb_blurb et_pb_bg_layout_light et_pb_blurb_position_left et_animated et_pb_module et_block_module\"><div class=\"et_pb_blurb_content\"><div class=\"et_pb_main_blurb_image\"><span class=\"et_pb_image_wrap\"><span class=\"et-pb-icon et-waypoint et_pb_animation_off et_pb_animation_off_tablet et_pb_animation_off_phone\">N<\/span><\/span><\/div><div class=\"et_pb_blurb_container\"><h4 class=\"et_pb_module_header\">Long-standing Experience<\/h4><div class=\"et_pb_blurb_description\"><p>Our team of experts has been working in the Vision  Safety industry for decades.<\/p>\n<\/div><\/div><\/div><\/div><\/div><div class=\"et_pb_column_9 et_pb_column et_pb_column_1_3 et_block_column et_pb_css_mix_blend_mode_passthrough\"><div class=\"et_pb_blurb_1 et_pb_blurb et_pb_bg_layout_light et_pb_blurb_position_left et_animated et_pb_module et_block_module\"><div class=\"et_pb_blurb_content\"><div class=\"et_pb_main_blurb_image\"><span class=\"et_pb_image_wrap\"><span class=\"et-pb-icon et-waypoint et_pb_animation_off et_pb_animation_off_tablet et_pb_animation_off_phone\">N<\/span><\/span><\/div><div class=\"et_pb_blurb_container\"><h4 class=\"et_pb_module_header\">Europe-wide Deliveries<\/h4><div class=\"et_pb_blurb_description\"><p>With several warehouses in Europe, we can quickly supply all car dealerships, workshops, etc.<\/p>\n<\/div><\/div><\/div><\/div><\/div><div class=\"et_pb_column_10 et_pb_column et_pb_column_1_3 et-last-child et_block_column et_pb_css_mix_blend_mode_passthrough\"><div class=\"et_pb_blurb_2 et_pb_blurb et_pb_bg_layout_light et_pb_blurb_position_left et_animated et_pb_module et_block_module\"><div class=\"et_pb_blurb_content\"><div class=\"et_pb_main_blurb_image\"><span class=\"et_pb_image_wrap\"><span class=\"et-pb-icon et-waypoint et_pb_animation_off et_pb_animation_off_tablet et_pb_animation_off_phone\">N<\/span><\/span><\/div><div class=\"et_pb_blurb_container\"><h4 class=\"et_pb_module_header\">Support<\/h4><div class=\"et_pb_blurb_description\"><p>With our multilingual customer centers, we offer individual advice and support.<\/p>\n<\/div><\/div><\/div><\/div><\/div><\/div><div class=\"et_pb_row_6 et_pb_row et_block_row\"><div class=\"et_pb_column_11 et_pb_column et_pb_column_1_3 et_block_column et_pb_css_mix_blend_mode_passthrough\"><div class=\"et_pb_blurb_3 et_pb_blurb et_pb_bg_layout_light et_pb_blurb_position_left et_animated et_pb_module et_block_module\"><div class=\"et_pb_blurb_content\"><div class=\"et_pb_main_blurb_image\"><span class=\"et_pb_image_wrap\"><span class=\"et-pb-icon et-waypoint et_pb_animation_off et_pb_animation_off_tablet et_pb_animation_off_phone\">N<\/span><\/span><\/div><div class=\"et_pb_blurb_container\"><h4 class=\"et_pb_module_header\">Various Payment Methods<\/h4><div class=\"et_pb_blurb_description\"><p>We offer almost every payment method. From purchase on account to Bitcoin. <\/p>\n<\/div><\/div><\/div><\/div><\/div><div class=\"et_pb_column_12 et_pb_column et_pb_column_1_3 et_block_column et_pb_css_mix_blend_mode_passthrough\"><div class=\"et_pb_blurb_4 et_pb_blurb et_pb_bg_layout_light et_pb_blurb_position_left et_animated et_pb_module et_block_module\"><div class=\"et_pb_blurb_content\"><div class=\"et_pb_main_blurb_image\"><span class=\"et_pb_image_wrap\"><span class=\"et-pb-icon et-waypoint et_pb_animation_off et_pb_animation_off_tablet et_pb_animation_off_phone\">N<\/span><\/span><\/div><div class=\"et_pb_blurb_container\"><h4 class=\"et_pb_module_header\">Quality is Safety<\/h4><div class=\"et_pb_blurb_description\"><p>A quality management team regularly checks to deliver perfect quality to our customers.<\/p>\n<\/div><\/div><\/div><\/div><\/div><div class=\"et_pb_column_13 et_pb_column et_pb_column_1_3 et-last-child et_block_column et_pb_css_mix_blend_mode_passthrough\"><div class=\"et_pb_blurb_5 et_pb_blurb et_pb_bg_layout_light et_pb_blurb_position_left et_animated et_pb_module et_block_module\"><div class=\"et_pb_blurb_content\"><div class=\"et_pb_main_blurb_image\"><span class=\"et_pb_image_wrap\"><span class=\"et-pb-icon et-waypoint et_pb_animation_off et_pb_animation_off_tablet et_pb_animation_off_phone\">N<\/span><\/span><\/div><div class=\"et_pb_blurb_container\"><h4 class=\"et_pb_module_header\">Own Production<\/h4><div class=\"et_pb_blurb_description\"><p>Not everything, but much is still manufactured directly by us in Europe. This means we don't have long shipping routes for large orders. <\/p>\n<\/div><\/div><\/div><\/div><\/div><\/div><\/div><div class=\"et_pb_section_3 et_pb_section et_section_regular et_block_section section_has_divider et_pb_bottom_divider\"><div class=\"et_pb_row_7 et_pb_row et_block_row\"><div class=\"et_pb_column_14 et_pb_column et_pb_column_4_4 et-last-child et_block_column et_pb_css_mix_blend_mode_passthrough\"><div class=\"et_pb_text_7 et_pb_text et_pb_bg_layout_light et_pb_module et_block_module\"><div class=\"et_pb_text_inner\"><p style=\"text-align: center;\"><strong>Customer Reviews<\/strong><\/p>\n<\/div><\/div><\/div><\/div><div class=\"et_pb_row_8 et_pb_row et_block_row\"><div class=\"et_pb_column_15 et_pb_column et_pb_column_4_4 et-last-child et_block_column et_pb_css_mix_blend_mode_passthrough\"><div class=\"et_pb_with_border et_pb_module et_d4_element dmpro_carousel dmpro_carousel_0\">\n\t\t\t\t\n\t\t\t\t\n\t\t\t\t\n\t\t\t\t\n\t\t\t\t\n\t\t\t\t\n\t\t\t\t<div class=\"et_pb_module_inner\">\n\t\t\t\t\t<style><\/style>\n            <div class=\"dmpro-carousel-main\" aria-roledescription=\"carousel\" data-columnsdesktop='3' data-columnstablet='3' data-columnsphone='3' data-spacebetween='30' data-spacebetween_tablet='30' data-spacebetween_phone='30' data-loop='on' data-speed='500' data-navigation='on' data-pagination='on' data-autoplay='on' data-autoplayspeed='5000' data-pauseonhover='off' data-effect='coverflow' data-rotate='50' data-dynamicbullets='on' data-ordernumber='0' data-centered='on' data-shadow='true' data-a11y-prevslidemessage='Previous slide' data-a11y-nextslidemessage='Next slide' data-a11y-firstslidemessage='This is the first slide' data-a11y-lastslidemessage='This is the last slide' data-a11y-paginationbulletmessage='Go to slide {{index}}' data-a11y-slidelabelmessage='{{index}} \/ {{slidesLength}}'>\n\t\t\t\t<a role=\"button\" aria-label=\"Previous slide\" class=\"swiper-button-prev swiper-arrow-button dmpro-sbp0 et-pb-arrow-prev\" ><\/a>\n\t\t\t\t <a role=\"button\" aria-label=\"Next slide\" class=\"swiper-button-next swiper-arrow-button dmpro-sbn0 et-pb-arrow-next\" ><\/a> \n                 \n                <div class=\"swiper swiper-dmpro-container\">\n                    <div class=\"swiper-wrapper dmpro-carousel-wrapper\">\n                        <div class=\"et_pb_module et_d4_element dmpro_carousel_child dmpro_carousel_child_0\">\n\t\t\t\t\n\t\t\t\t\n\t\t\t\t\n\t\t\t\t\n\t\t\t\t\n\t\t\t\t\n\t\t\t\t<div class=\"et_pb_module_inner\">\n\t\t\t\t\t\n            <div class=\"dmpro-carousel-child-wrapper\">\n                <div class=\"dmpro-image-wrap\"><span class=\"dmpro-carousel-image\">\n                    <img decoding=\"async\" src=\"https:\/\/franotech.com\/wp-content\/uploads\/2025\/05\/CSY-1024x1024.jpg\" alt=\"\" >\n                <\/span><\/div>\n                \n\t\t\t   <div class=\"dmpro-carousel-item-content\">\n\t\t\t\t\t<h2 class=\"dmpro-carousel-item-title\">Slawomir Mina\u0159\u00edk - C&SZ, Tschechien<\/h2>\n\t\t\t\t\t<div class=\"dmpro-carousel-item-desc\"><p>Verbandtaschen, Lampen und Scheibenwischer sind sehr gut im Preis. Die Bestellungen werden schnell bearbeitet womit wir keine gro\u00dfe Lagerhaltung brauchen. Bei Konkurrenten haben wir mindestens 2 Wochen auf bedruckte Verbandtaschen gewartet.<\/p><\/div>\n\t\t\t\t\t<div class=\"dmpro-carousel-button-wrapper\">\n\t\t\t\t\t\t\n\t\t\t\t\t<\/div>\n\t\t\t\t<\/div>\n            <\/div>\n\t\t\t\t<\/div>\n\t\t\t<\/div><div class=\"et_pb_module et_d4_element dmpro_carousel_child dmpro_carousel_child_1\">\n\t\t\t\t\n\t\t\t\t\n\t\t\t\t\n\t\t\t\t\n\t\t\t\t\n\t\t\t\t\n\t\t\t\t<div class=\"et_pb_module_inner\">\n\t\t\t\t\t\n            <div class=\"dmpro-carousel-child-wrapper\">\n                <div class=\"dmpro-image-wrap\"><span class=\"dmpro-carousel-image\">\n                    <img decoding=\"async\" src=\"https:\/\/franotech.com\/wp-content\/uploads\/2025\/05\/CarIdeet-1024x1024.jpg\" alt=\"\" >\n                <\/span><\/div>\n                \n\t\t\t   <div class=\"dmpro-carousel-item-content\">\n\t\t\t\t\t<h2 class=\"dmpro-carousel-item-title\">Bj\u00f6rn Jaspers - Carideet in Niederlande<\/h2>\n\t\t\t\t\t<div class=\"dmpro-carousel-item-desc\"><p>Ich freue mich noch einen festen menschlichen Ansprechpartner zu haben, welcher die Bestellungen auf unsere Bed\u00fcrfnisse anpasst. Die bedruckten Verbandtaschen sind vom Preis her unschlagbar und in 2-3 Tagen geliefert.<\/p><\/div>\n\t\t\t\t\t<div class=\"dmpro-carousel-button-wrapper\">\n\t\t\t\t\t\t\n\t\t\t\t\t<\/div>\n\t\t\t\t<\/div>\n            <\/div>\n\t\t\t\t<\/div>\n\t\t\t<\/div><div class=\"et_pb_module et_d4_element dmpro_carousel_child dmpro_carousel_child_2\">\n\t\t\t\t\n\t\t\t\t\n\t\t\t\t\n\t\t\t\t\n\t\t\t\t\n\t\t\t\t\n\t\t\t\t<div class=\"et_pb_module_inner\">\n\t\t\t\t\t\n            <div class=\"dmpro-carousel-child-wrapper\">\n                <div class=\"dmpro-image-wrap\"><span class=\"dmpro-carousel-image\">\n                    <img decoding=\"async\" src=\"https:\/\/franotech.com\/wp-content\/uploads\/2025\/05\/mechanic-tom-1024x1024.jpg\" alt=\"\" >\n                <\/span><\/div>\n                \n\t\t\t   <div class=\"dmpro-carousel-item-content\">\n\t\t\t\t\t<h2 class=\"dmpro-carousel-item-title\">Louis Kos - Werkstatt, Deutschland<\/h2>\n\t\t\t\t\t<div class=\"dmpro-carousel-item-desc\"><p>Als kleine Werkstatt haben wir oft nicht die M\u00f6glichkeit von Gro\u00dfhandelsrabatten, aber Franotech beliefert auch kleine Bestellmengen zu Gro\u00dfh\u00e4ndlerpreisen. Ich hoffe Franotech nimmt noch mehr Produkte ins Programm.<\/p><\/div>\n\t\t\t\t\t<div class=\"dmpro-carousel-button-wrapper\">\n\t\t\t\t\t\t\n\t\t\t\t\t<\/div>\n\t\t\t\t<\/div>\n            <\/div>\n\t\t\t\t<\/div>\n\t\t\t<\/div><div class=\"et_pb_module et_d4_element dmpro_carousel_child dmpro_carousel_child_3\">\n\t\t\t\t\n\t\t\t\t\n\t\t\t\t\n\t\t\t\t\n\t\t\t\t\n\t\t\t\t\n\t\t\t\t<div class=\"et_pb_module_inner\">\n\t\t\t\t\t\n            <div class=\"dmpro-carousel-child-wrapper\">\n                <div class=\"dmpro-image-wrap\"><span class=\"dmpro-carousel-image\">\n                    <img decoding=\"async\" src=\"https:\/\/franotech.com\/wp-content\/uploads\/2025\/05\/warehouse-manager-wholesale-1024x1024.jpg\" alt=\"\" >\n                <\/span><\/div>\n                \n\t\t\t   <div class=\"dmpro-carousel-item-content\">\n\t\t\t\t\t<h2 class=\"dmpro-carousel-item-title\">Tommy P. - Gro\u00dfhandel, Deutschland<\/h2>\n\t\t\t\t\t<div class=\"dmpro-carousel-item-desc\"><p>Wir sind ein Gro\u00dfhandel und bestellen normalerweise in China und co. Jedoch bekommt Franotech es hin, dass sie billiger und schneller sind wenn man die Risiken, China Schiffzeiten von ca. 3+ Monaten und Lagerhaltung mit einberechnet. Deswegen liefert Franotech in unserem Namen direkt an unsere Kunden.<\/p><\/div>\n\t\t\t\t\t<div class=\"dmpro-carousel-button-wrapper\">\n\t\t\t\t\t\t\n\t\t\t\t\t<\/div>\n\t\t\t\t<\/div>\n            <\/div>\n\t\t\t\t<\/div>\n\t\t\t<\/div><div class=\"et_pb_module et_d4_element dmpro_carousel_child dmpro_carousel_child_4\">\n\t\t\t\t\n\t\t\t\t\n\t\t\t\t\n\t\t\t\t\n\t\t\t\t\n\t\t\t\t\n\t\t\t\t<div class=\"et_pb_module_inner\">\n\t\t\t\t\t\n            <div class=\"dmpro-carousel-child-wrapper\">\n                <div class=\"dmpro-image-wrap\"><span class=\"dmpro-carousel-image\">\n                    <img decoding=\"async\" src=\"https:\/\/franotech.com\/wp-content\/uploads\/2025\/05\/Tomasz-Janowski-1024x1024.jpg\" alt=\"\" >\n                <\/span><\/div>\n                \n\t\t\t   <div class=\"dmpro-carousel-item-content\">\n\t\t\t\t\t<h2 class=\"dmpro-carousel-item-title\">Tomasz Janowski - Truck Fleet Manager, Polen<\/h2>\n\t\t\t\t\t<div class=\"dmpro-carousel-item-desc\"><p>Unsere LKW Flotte von \u00fcber 250+ LKWs statten wir mit Sicherheitsprodukten von Franotech aus. Warnwesten und Verbandtaschen immer in top Qualit\u00e4t zu top preisen und aus neuester Produktion mit langem Haltbarkeitsdatum. Das ist f\u00fcr uns am wichtigsten um die Wartungsintervalle lang zu halten und kosten zu sparen.<\/p><\/div>\n\t\t\t\t\t<div class=\"dmpro-carousel-button-wrapper\">\n\t\t\t\t\t\t\n\t\t\t\t\t<\/div>\n\t\t\t\t<\/div>\n            <\/div>\n\t\t\t\t<\/div>\n\t\t\t<\/div>\n                    <\/div>\n                <\/div>\n                <div class=\"swiper-pagination dmpro-sp0\"><\/div>\n            <\/div>\n\t\t\t\t<\/div>\n\t\t\t<\/div><div class=\"et_pb_text_8 et_pb_text et_pb_bg_layout_light et_pb_module et_block_module\"><div class=\"et_pb_text_inner\"><p style=\"text-align: center;\">May we publish your customer review? Write us 2-3 lines and send a representative image to <a href=\"mailto:service@franotech.com\">service@franotech.com<\/a><br \/>and receive a one-time discount of <span style=\"text-decoration: underline;\">up to 10%<\/span> on your next order up to 1,000 EUR. <\/p>\n<\/div><\/div><\/div><\/div><div class=\"et_pb_bottom_inside_divider et-no-transition\"><\/div><\/div>\n","protected":false},"excerpt":{"rendered":"","protected":false},"author":1,"featured_media":0,"parent":0,"menu_order":0,"comment_status":"closed","ping_status":"closed","template":"","meta":{"_et_pb_use_builder":"on","_et_pb_old_content":"","_et_gb_content_width":"","footnotes":""},"class_list":["post-1376476","page","type-page","status-publish","hentry"],"ams_acf":[],"_links":{"self":[{"href":"https:\/\/franotech.com\/en\/wp-json\/wp\/v2\/pages\/1376476","targetHints":{"allow":["GET"]}}],"collection":[{"href":"https:\/\/franotech.com\/en\/wp-json\/wp\/v2\/pages"}],"about":[{"href":"https:\/\/franotech.com\/en\/wp-json\/wp\/v2\/types\/page"}],"author":[{"embeddable":true,"href":"https:\/\/franotech.com\/en\/wp-json\/wp\/v2\/users\/1"}],"replies":[{"embeddable":true,"href":"https:\/\/franotech.com\/en\/wp-json\/wp\/v2\/comments?post=1376476"}],"version-history":[{"count":4,"href":"https:\/\/franotech.com\/en\/wp-json\/wp\/v2\/pages\/1376476\/revisions"}],"predecessor-version":[{"id":1380847,"href":"https:\/\/franotech.com\/en\/wp-json\/wp\/v2\/pages\/1376476\/revisions\/1380847"}],"wp:attachment":[{"href":"https:\/\/franotech.com\/en\/wp-json\/wp\/v2\/media?parent=1376476"}],"curies":[{"name":"wp","href":"https:\/\/api.w.org\/{rel}","templated":true}]}}