{"id":1376488,"date":"2025-05-20T09:23:40","date_gmt":"2025-05-20T08:23:40","guid":{"rendered":"https:\/\/franotech.com\/inicio\/"},"modified":"2026-02-27T07:40:19","modified_gmt":"2026-02-27T06:40:19","slug":"inicio","status":"publish","type":"page","link":"https:\/\/franotech.com\/es\/","title":{"rendered":"Inicio"},"content":{"rendered":"\n<div class=\"et_pb_section_0 et_pb_section et_section_regular et_block_section et_animated\"><div class=\"et_pb_row_0 et_pb_row et_block_row\"><div class=\"et_pb_column_0 et_pb_column et_pb_column_4_4 et-last-child et_block_column et_pb_css_mix_blend_mode_passthrough\"><div class=\"et_pb_text_0 et_pb_text et_pb_bg_layout_dark et_pb_module et_block_module et_pb_text_align_center\"><div class=\"et_pb_text_inner\"><h1>Especialista en<br \/>Visi\u00f3n y Seguridad<\/h1>\n<p>Precios inmejorables, calidad superior y entrega r\u00e1pida en toda Europa<\/p>\n<\/div><\/div><div class=\"et_pb_module et_pb_button_module_wrapper et_pb_button_0_wrapper\"><a class=\"et_pb_button_0 et_pb_button et_pb_bg_layout_dark et_pb_module et_block_module\" href=\"https:\/\/franotech.com\/wholesale\/\">Ir a la tienda del distribuidor<\/a><\/div><\/div><\/div><\/div><div class=\"et_pb_section_1 et_pb_section et_section_regular et_block_section\"><div class=\"et_pb_row_1 et_pb_row et_block_row\"><div class=\"et_pb_column_1 et_pb_column et_pb_column_4_4 et-last-child et_block_column et_pb_css_mix_blend_mode_passthrough\"><div class=\"et_pb_heading_0 et_pb_heading et_pb_module et_block_module\"><div class=\"et_pb_heading_container\"><h1 class=\"et_pb_module_header\">Resumen de nuestros productos<\/h1><\/div><\/div><\/div><\/div><div class=\"et_pb_row_2 et_pb_row et_pb_equal_columns et_block_row\"><div class=\"et_pb_column_2 et_pb_column et_pb_column_1_2 et_block_column et_pb_css_mix_blend_mode_passthrough\"><div class=\"et_pb_text_1 et_pb_text et_pb_bg_layout_light et_pb_module et_block_module\"><div class=\"et_pb_text_inner\"><h2>Botiquines de primeros auxilios<\/h2>\n<\/div><\/div><div class=\"et_pb_text_2 et_pb_text et_pb_bg_layout_light et_pb_module et_block_module\"><div class=\"et_pb_text_inner\"><p>Los botiquines de primeros auxilios est\u00e1n disponibles en versiones de una pieza solo con material de vendaje, de dos piezas con material de vendaje y chaleco reflectante, y de tres piezas con material de vendaje, chaleco reflectante y tri\u00e1ngulo de advertencia. En nuestro establecimiento, siempre encontrar\u00e1 las normas m\u00e1s actualizadas para una \u00f3ptima seguridad jur\u00eddica: <br \/><strong>-Material de vendaje seg\u00fan la norma DIN 13164 m\u00e1s reciente<br \/>-Chaleco reflectante seg\u00fan la norma <span>EN ISO 20471 m\u00e1s reciente<br \/>-Tri\u00e1ngulo de advertencia seg\u00fan la norma 27R<\/span> E m\u00e1s reciente<br \/><\/strong>Gracias a nuestra alta rotaci\u00f3n de inventario, siempre disponemos de las fechas de caducidad m\u00e1s recientes para el material de vendaje. Garantizamos un m\u00ednimo de 5 a\u00f1os de vida \u00fatil para nuestros clientes distribuidores a partir de la fecha de pedido. <br \/><strong>\u00a1AHORA NUEVO CON LOGOTIPO A COLOR POR IMPRESI\u00d3N DIGITAL AL MISMO PRECIO!<\/strong><\/p>\n<\/div><\/div><div class=\"et_pb_module et_pb_button_module_wrapper et_pb_button_1_wrapper\"><a class=\"et_pb_button_1 et_pb_button et_pb_bg_layout_dark et_pb_module et_block_module\" href=\"https:\/\/franotech.com\/wholesale\/\">Realice ahora su pedido con su propio logotipo corporativo<\/a><\/div><\/div><div class=\"et_pb_column_3 et_pb_column et_pb_column_1_2 et-last-child et_block_column et_pb_css_mix_blend_mode_passthrough\"><div class=\"et_pb_image_0 et_pb_image et_pb_module et_block_module\"><span class=\"et_pb_image_wrap\"><img loading=\"lazy\" decoding=\"async\" src=\"https:\/\/franotech.com\/wp-content\/uploads\/2025\/09\/All-in-One-Kfz-Kombitasche-Start-page-1.jpg\" width=\"800\" height=\"533\" srcset=\"https:\/\/franotech.com\/wp-content\/uploads\/2025\/09\/All-in-One-Kfz-Kombitasche-Start-page-1.jpg 800w, https:\/\/franotech.com\/wp-content\/uploads\/2025\/09\/All-in-One-Kfz-Kombitasche-Start-page-1-480x320.jpg 480w\" sizes=\"(min-width: 0px) and (max-width: 480px) 480px, (min-width: 481px) 800px, 100vw\" class=\"wp-image-1378789\" title=\"Bolsa Combi Todo en Uno para Coche P\u00e1gina de inicio\" \/><\/span><\/div><\/div><\/div><div class=\"et_pb_row_3 et_pb_row et_pb_equal_columns et_block_row\"><div class=\"et_pb_column_4 et_pb_column et_pb_column_1_2 et_block_column et_pb_css_mix_blend_mode_passthrough\"><div class=\"et_pb_image_1 et_pb_image et_pb_module et_block_module\"><span class=\"et_pb_image_wrap\"><img loading=\"lazy\" decoding=\"async\" src=\"https:\/\/franotech.com\/wp-content\/uploads\/2025\/05\/wipers.jpg\" width=\"800\" height=\"533\" srcset=\"https:\/\/franotech.com\/wp-content\/uploads\/2025\/05\/wipers.jpg 800w, https:\/\/franotech.com\/wp-content\/uploads\/2025\/05\/wipers-480x320.jpg 480w\" sizes=\"(min-width: 0px) and (max-width: 480px) 480px, (min-width: 481px) 800px, 100vw\" class=\"wp-image-1376077\" title=\"wipers\" \/><\/span><\/div><\/div><div class=\"et_pb_column_5 et_pb_column et_pb_column_1_2 et-last-child et_block_column et_pb_css_mix_blend_mode_passthrough\"><div class=\"et_pb_text_3 et_pb_text et_pb_bg_layout_light et_pb_module et_block_module\"><div class=\"et_pb_text_inner\"><h2>Limpiaparabrisas<\/h2>\n<\/div><\/div><div class=\"et_pb_text_4 et_pb_text et_pb_bg_layout_light et_pb_module et_block_module\"><div class=\"et_pb_text_inner\"><p>Una alta presi\u00f3n de contacto y una l\u00e1mina de goma de alta calidad permiten que nuestros limpiaparabrisas se deslicen sobre el parabrisas, garantizando un viaje seguro incluso en condiciones de lluvia intensa. Gracias a nuestro sistema modular de adaptadores, los distribuidores pueden reducir dr\u00e1sticamente su inventario y realizar pedidos c\u00f3modamente por longitudes. Simplemente seleccione la longitud correcta del limpiaparabrisas y acople el adaptador adecuado, en lugar de pedir limpiaparabrisas seg\u00fan el modelo de veh\u00edculo.  <\/p>\n<\/div><\/div><div class=\"et_pb_module et_pb_button_module_wrapper et_pb_button_2_wrapper\"><a class=\"et_pb_button_2 et_pb_button et_pb_bg_layout_dark et_pb_module et_block_module\" href=\"https:\/\/franotech.com\/wholesale\/\">Realice ahora su pedido de limpiaparabrisas por longitud<\/a><\/div><\/div><\/div><div class=\"et_pb_row_4 et_pb_row et_pb_equal_columns et_block_row\"><div class=\"et_pb_column_6 et_pb_column et_pb_column_1_2 et_block_column et_pb_css_mix_blend_mode_passthrough\"><div class=\"et_pb_text_5 et_pb_text et_pb_bg_layout_light et_pb_module et_block_module\"><div class=\"et_pb_text_inner\"><h2>L\u00e1mparas para veh\u00edculos<\/h2>\n<\/div><\/div><div class=\"et_pb_text_6 et_pb_text et_pb_bg_layout_light et_pb_module et_block_module\"><div class=\"et_pb_text_inner\"><p>Ofrecemos l\u00e1mparas para todos los tipos de casquillos a precios inmejorables. Dado que nuestros competidores a menudo experimentan problemas con las importaciones baratas de China en el caso de las l\u00e1mparas, apostamos por una fabricaci\u00f3n de alta calidad procedente de Corea para ofrecer a nuestros clientes distribuidores l\u00e1mparas duraderas y de alta calidad.<br \/>Recientemente, tambi\u00e9n hemos comenzado a ofrecer l\u00e1mparas LED para una gran parte de los modelos de veh\u00edculos. <\/p>\n<\/div><\/div><div class=\"et_pb_module et_pb_button_module_wrapper et_pb_button_3_wrapper\"><a class=\"et_pb_button_3 et_pb_button et_pb_bg_layout_dark et_pb_module et_block_module\" href=\"https:\/\/franotech.com\/wholesale\/\">Realice ahora su pedido de l\u00e1mparas hal\u00f3genas, xen\u00f3n o las m\u00e1s recientes l\u00e1mparas LED<\/a><\/div><\/div><div class=\"et_pb_column_7 et_pb_column et_pb_column_1_2 et-last-child et_block_column et_pb_css_mix_blend_mode_passthrough\"><div class=\"et_pb_image_2 et_pb_image et_pb_module et_block_module\"><span class=\"et_pb_image_wrap\"><img loading=\"lazy\" decoding=\"async\" src=\"https:\/\/franotech.com\/wp-content\/uploads\/2025\/05\/car-light.jpg\" width=\"800\" height=\"533\" srcset=\"https:\/\/franotech.com\/wp-content\/uploads\/2025\/05\/car-light.jpg 800w, https:\/\/franotech.com\/wp-content\/uploads\/2025\/05\/car-light-480x320.jpg 480w\" sizes=\"(min-width: 0px) and (max-width: 480px) 480px, (min-width: 481px) 800px, 100vw\" class=\"wp-image-1376088\" title=\"car light\" \/><\/span><\/div><\/div><\/div><\/div><div class=\"et_pb_section_2 et_pb_section et_section_regular et_block_section\"><div class=\"et_pb_row_5 et_pb_row et_block_row\"><div class=\"et_pb_column_8 et_pb_column et_pb_column_1_3 et_block_column et_pb_css_mix_blend_mode_passthrough\"><div class=\"et_pb_blurb_0 et_pb_blurb et_pb_bg_layout_light et_pb_blurb_position_left et_animated et_pb_module et_block_module\"><div class=\"et_pb_blurb_content\"><div class=\"et_pb_main_blurb_image\"><span class=\"et_pb_image_wrap\"><span class=\"et-pb-icon et-waypoint et_pb_animation_off et_pb_animation_off_tablet et_pb_animation_off_phone\">N<\/span><\/span><\/div><div class=\"et_pb_blurb_container\"><h4 class=\"et_pb_module_header\">Experiencia de larga data<\/h4><div class=\"et_pb_blurb_description\"><p>Nuestro equipo de expertos lleva d\u00e9cadas trabajando en la industria de la visi\u00f3n y la seguridad.<\/p>\n<\/div><\/div><\/div><\/div><\/div><div class=\"et_pb_column_9 et_pb_column et_pb_column_1_3 et_block_column et_pb_css_mix_blend_mode_passthrough\"><div class=\"et_pb_blurb_1 et_pb_blurb et_pb_bg_layout_light et_pb_blurb_position_left et_animated et_pb_module et_block_module\"><div class=\"et_pb_blurb_content\"><div class=\"et_pb_main_blurb_image\"><span class=\"et_pb_image_wrap\"><span class=\"et-pb-icon et-waypoint et_pb_animation_off et_pb_animation_off_tablet et_pb_animation_off_phone\">N<\/span><\/span><\/div><div class=\"et_pb_blurb_container\"><h4 class=\"et_pb_module_header\">Entregas en toda Europa<\/h4><div class=\"et_pb_blurb_description\"><p>Con varios almacenes en Europa, podemos suministrar r\u00e1pidamente a todos los concesionarios, talleres, etc.<\/p>\n<\/div><\/div><\/div><\/div><\/div><div class=\"et_pb_column_10 et_pb_column et_pb_column_1_3 et-last-child et_block_column et_pb_css_mix_blend_mode_passthrough\"><div class=\"et_pb_blurb_2 et_pb_blurb et_pb_bg_layout_light et_pb_blurb_position_left et_animated et_pb_module et_block_module\"><div class=\"et_pb_blurb_content\"><div class=\"et_pb_main_blurb_image\"><span class=\"et_pb_image_wrap\"><span class=\"et-pb-icon et-waypoint et_pb_animation_off et_pb_animation_off_tablet et_pb_animation_off_phone\">N<\/span><\/span><\/div><div class=\"et_pb_blurb_container\"><h4 class=\"et_pb_module_header\">Soporte<\/h4><div class=\"et_pb_blurb_description\"><p>Con nuestros centros de atenci\u00f3n al cliente multiling\u00fces, ofrecemos asesoramiento y soporte personalizados.<\/p>\n<\/div><\/div><\/div><\/div><\/div><\/div><div class=\"et_pb_row_6 et_pb_row et_block_row\"><div class=\"et_pb_column_11 et_pb_column et_pb_column_1_3 et_block_column et_pb_css_mix_blend_mode_passthrough\"><div class=\"et_pb_blurb_3 et_pb_blurb et_pb_bg_layout_light et_pb_blurb_position_left et_animated et_pb_module et_block_module\"><div class=\"et_pb_blurb_content\"><div class=\"et_pb_main_blurb_image\"><span class=\"et_pb_image_wrap\"><span class=\"et-pb-icon et-waypoint et_pb_animation_off et_pb_animation_off_tablet et_pb_animation_off_phone\">N<\/span><\/span><\/div><div class=\"et_pb_blurb_container\"><h4 class=\"et_pb_module_header\">Diversas modalidades de pago<\/h4><div class=\"et_pb_blurb_description\"><p>Ofrecemos pr\u00e1cticamente todos los m\u00e9todos de pago. Desde compra a cr\u00e9dito hasta Bitcoin. <\/p>\n<\/div><\/div><\/div><\/div><\/div><div class=\"et_pb_column_12 et_pb_column et_pb_column_1_3 et_block_column et_pb_css_mix_blend_mode_passthrough\"><div class=\"et_pb_blurb_4 et_pb_blurb et_pb_bg_layout_light et_pb_blurb_position_left et_animated et_pb_module et_block_module\"><div class=\"et_pb_blurb_content\"><div class=\"et_pb_main_blurb_image\"><span class=\"et_pb_image_wrap\"><span class=\"et-pb-icon et-waypoint et_pb_animation_off et_pb_animation_off_tablet et_pb_animation_off_phone\">N<\/span><\/span><\/div><div class=\"et_pb_blurb_container\"><h4 class=\"et_pb_module_header\">La calidad es seguridad<\/h4><div class=\"et_pb_blurb_description\"><p>Un equipo de gesti\u00f3n de calidad realiza controles regulares para garantizar una calidad perfecta a nuestros clientes.<\/p>\n<\/div><\/div><\/div><\/div><\/div><div class=\"et_pb_column_13 et_pb_column et_pb_column_1_3 et-last-child et_block_column et_pb_css_mix_blend_mode_passthrough\"><div class=\"et_pb_blurb_5 et_pb_blurb et_pb_bg_layout_light et_pb_blurb_position_left et_animated et_pb_module et_block_module\"><div class=\"et_pb_blurb_content\"><div class=\"et_pb_main_blurb_image\"><span class=\"et_pb_image_wrap\"><span class=\"et-pb-icon et-waypoint et_pb_animation_off et_pb_animation_off_tablet et_pb_animation_off_phone\">N<\/span><\/span><\/div><div class=\"et_pb_blurb_container\"><h4 class=\"et_pb_module_header\">Producci\u00f3n propia<\/h4><div class=\"et_pb_blurb_description\"><p>No todo, pero gran parte de nuestros productos a\u00fan se fabrican directamente en Europa. Esto nos permite evitar largas rutas de env\u00edo mar\u00edtimo para pedidos de gran volumen. <\/p>\n<\/div><\/div><\/div><\/div><\/div><\/div><\/div><div class=\"et_pb_section_3 et_pb_section et_section_regular et_block_section section_has_divider et_pb_bottom_divider\"><div class=\"et_pb_row_7 et_pb_row et_block_row\"><div class=\"et_pb_column_14 et_pb_column et_pb_column_4_4 et-last-child et_block_column et_pb_css_mix_blend_mode_passthrough\"><div class=\"et_pb_text_7 et_pb_text et_pb_bg_layout_light et_pb_module et_block_module\"><div class=\"et_pb_text_inner\"><p style=\"text-align: center;\"><strong>Opiniones de los clientes<\/strong><\/p>\n<\/div><\/div><\/div><\/div><div class=\"et_pb_row_8 et_pb_row et_block_row\"><div class=\"et_pb_column_15 et_pb_column et_pb_column_4_4 et-last-child et_block_column et_pb_css_mix_blend_mode_passthrough\"><div class=\"et_pb_with_border et_pb_module et_d4_element dmpro_carousel dmpro_carousel_0\">\n\t\t\t\t\n\t\t\t\t\n\t\t\t\t\n\t\t\t\t\n\t\t\t\t\n\t\t\t\t\n\t\t\t\t<div class=\"et_pb_module_inner\">\n\t\t\t\t\t<style><\/style>\n            <div class=\"dmpro-carousel-main\" aria-roledescription=\"carousel\" data-columnsdesktop='3' data-columnstablet='3' data-columnsphone='3' data-spacebetween='30' data-spacebetween_tablet='30' data-spacebetween_phone='30' data-loop='on' data-speed='500' data-navigation='on' data-pagination='on' data-autoplay='on' data-autoplayspeed='5000' data-pauseonhover='off' data-effect='coverflow' data-rotate='50' data-dynamicbullets='on' data-ordernumber='0' data-centered='on' data-shadow='true' data-a11y-prevslidemessage='Previous slide' data-a11y-nextslidemessage='Next slide' data-a11y-firstslidemessage='This is the first slide' data-a11y-lastslidemessage='This is the last slide' data-a11y-paginationbulletmessage='Go to slide {{index}}' data-a11y-slidelabelmessage='{{index}} \/ {{slidesLength}}'>\n\t\t\t\t<a role=\"button\" aria-label=\"Previous slide\" class=\"swiper-button-prev swiper-arrow-button dmpro-sbp0 et-pb-arrow-prev\" ><\/a>\n\t\t\t\t <a role=\"button\" aria-label=\"Next slide\" class=\"swiper-button-next swiper-arrow-button dmpro-sbn0 et-pb-arrow-next\" ><\/a> \n                 \n                <div class=\"swiper swiper-dmpro-container\">\n                    <div class=\"swiper-wrapper dmpro-carousel-wrapper\">\n                        <div class=\"et_pb_module et_d4_element dmpro_carousel_child dmpro_carousel_child_0\">\n\t\t\t\t\n\t\t\t\t\n\t\t\t\t\n\t\t\t\t\n\t\t\t\t\n\t\t\t\t\n\t\t\t\t<div class=\"et_pb_module_inner\">\n\t\t\t\t\t\n            <div class=\"dmpro-carousel-child-wrapper\">\n                <div class=\"dmpro-image-wrap\"><span class=\"dmpro-carousel-image\">\n                    <img decoding=\"async\" src=\"https:\/\/franotech.com\/wp-content\/uploads\/2025\/05\/CSY-1024x1024.jpg\" alt=\"\" >\n                <\/span><\/div>\n                \n\t\t\t   <div class=\"dmpro-carousel-item-content\">\n\t\t\t\t\t<h2 class=\"dmpro-carousel-item-title\">Slawomir Mina\u0159\u00edk - C&SZ, Tschechien<\/h2>\n\t\t\t\t\t<div class=\"dmpro-carousel-item-desc\"><p>Verbandtaschen, Lampen und Scheibenwischer sind sehr gut im Preis. Die Bestellungen werden schnell bearbeitet womit wir keine gro\u00dfe Lagerhaltung brauchen. Bei Konkurrenten haben wir mindestens 2 Wochen auf bedruckte Verbandtaschen gewartet.<\/p><\/div>\n\t\t\t\t\t<div class=\"dmpro-carousel-button-wrapper\">\n\t\t\t\t\t\t\n\t\t\t\t\t<\/div>\n\t\t\t\t<\/div>\n            <\/div>\n\t\t\t\t<\/div>\n\t\t\t<\/div><div class=\"et_pb_module et_d4_element dmpro_carousel_child dmpro_carousel_child_1\">\n\t\t\t\t\n\t\t\t\t\n\t\t\t\t\n\t\t\t\t\n\t\t\t\t\n\t\t\t\t\n\t\t\t\t<div class=\"et_pb_module_inner\">\n\t\t\t\t\t\n            <div class=\"dmpro-carousel-child-wrapper\">\n                <div class=\"dmpro-image-wrap\"><span class=\"dmpro-carousel-image\">\n                    <img decoding=\"async\" src=\"https:\/\/franotech.com\/wp-content\/uploads\/2025\/05\/CarIdeet-1024x1024.jpg\" alt=\"\" >\n                <\/span><\/div>\n                \n\t\t\t   <div class=\"dmpro-carousel-item-content\">\n\t\t\t\t\t<h2 class=\"dmpro-carousel-item-title\">Bj\u00f6rn Jaspers - Carideet in Niederlande<\/h2>\n\t\t\t\t\t<div class=\"dmpro-carousel-item-desc\"><p>Ich freue mich noch einen festen menschlichen Ansprechpartner zu haben, welcher die Bestellungen auf unsere Bed\u00fcrfnisse anpasst. Die bedruckten Verbandtaschen sind vom Preis her unschlagbar und in 2-3 Tagen geliefert.<\/p><\/div>\n\t\t\t\t\t<div class=\"dmpro-carousel-button-wrapper\">\n\t\t\t\t\t\t\n\t\t\t\t\t<\/div>\n\t\t\t\t<\/div>\n            <\/div>\n\t\t\t\t<\/div>\n\t\t\t<\/div><div class=\"et_pb_module et_d4_element dmpro_carousel_child dmpro_carousel_child_2\">\n\t\t\t\t\n\t\t\t\t\n\t\t\t\t\n\t\t\t\t\n\t\t\t\t\n\t\t\t\t\n\t\t\t\t<div class=\"et_pb_module_inner\">\n\t\t\t\t\t\n            <div class=\"dmpro-carousel-child-wrapper\">\n                <div class=\"dmpro-image-wrap\"><span class=\"dmpro-carousel-image\">\n                    <img decoding=\"async\" src=\"https:\/\/franotech.com\/wp-content\/uploads\/2025\/05\/mechanic-tom-1024x1024.jpg\" alt=\"\" >\n                <\/span><\/div>\n                \n\t\t\t   <div class=\"dmpro-carousel-item-content\">\n\t\t\t\t\t<h2 class=\"dmpro-carousel-item-title\">Louis Kos - Werkstatt, Deutschland<\/h2>\n\t\t\t\t\t<div class=\"dmpro-carousel-item-desc\"><p>Als kleine Werkstatt haben wir oft nicht die M\u00f6glichkeit von Gro\u00dfhandelsrabatten, aber Franotech beliefert auch kleine Bestellmengen zu Gro\u00dfh\u00e4ndlerpreisen. Ich hoffe Franotech nimmt noch mehr Produkte ins Programm.<\/p><\/div>\n\t\t\t\t\t<div class=\"dmpro-carousel-button-wrapper\">\n\t\t\t\t\t\t\n\t\t\t\t\t<\/div>\n\t\t\t\t<\/div>\n            <\/div>\n\t\t\t\t<\/div>\n\t\t\t<\/div><div class=\"et_pb_module et_d4_element dmpro_carousel_child dmpro_carousel_child_3\">\n\t\t\t\t\n\t\t\t\t\n\t\t\t\t\n\t\t\t\t\n\t\t\t\t\n\t\t\t\t\n\t\t\t\t<div class=\"et_pb_module_inner\">\n\t\t\t\t\t\n            <div class=\"dmpro-carousel-child-wrapper\">\n                <div class=\"dmpro-image-wrap\"><span class=\"dmpro-carousel-image\">\n                    <img decoding=\"async\" src=\"https:\/\/franotech.com\/wp-content\/uploads\/2025\/05\/warehouse-manager-wholesale-1024x1024.jpg\" alt=\"\" >\n                <\/span><\/div>\n                \n\t\t\t   <div class=\"dmpro-carousel-item-content\">\n\t\t\t\t\t<h2 class=\"dmpro-carousel-item-title\">Tommy P. - Gro\u00dfhandel, Deutschland<\/h2>\n\t\t\t\t\t<div class=\"dmpro-carousel-item-desc\"><p>Wir sind ein Gro\u00dfhandel und bestellen normalerweise in China und co. Jedoch bekommt Franotech es hin, dass sie billiger und schneller sind wenn man die Risiken, China Schiffzeiten von ca. 3+ Monaten und Lagerhaltung mit einberechnet. Deswegen liefert Franotech in unserem Namen direkt an unsere Kunden.<\/p><\/div>\n\t\t\t\t\t<div class=\"dmpro-carousel-button-wrapper\">\n\t\t\t\t\t\t\n\t\t\t\t\t<\/div>\n\t\t\t\t<\/div>\n            <\/div>\n\t\t\t\t<\/div>\n\t\t\t<\/div><div class=\"et_pb_module et_d4_element dmpro_carousel_child dmpro_carousel_child_4\">\n\t\t\t\t\n\t\t\t\t\n\t\t\t\t\n\t\t\t\t\n\t\t\t\t\n\t\t\t\t\n\t\t\t\t<div class=\"et_pb_module_inner\">\n\t\t\t\t\t\n            <div class=\"dmpro-carousel-child-wrapper\">\n                <div class=\"dmpro-image-wrap\"><span class=\"dmpro-carousel-image\">\n                    <img decoding=\"async\" src=\"https:\/\/franotech.com\/wp-content\/uploads\/2025\/05\/Tomasz-Janowski-1024x1024.jpg\" alt=\"\" >\n                <\/span><\/div>\n                \n\t\t\t   <div class=\"dmpro-carousel-item-content\">\n\t\t\t\t\t<h2 class=\"dmpro-carousel-item-title\">Tomasz Janowski - Truck Fleet Manager, Polen<\/h2>\n\t\t\t\t\t<div class=\"dmpro-carousel-item-desc\"><p>Unsere LKW Flotte von \u00fcber 250+ LKWs statten wir mit Sicherheitsprodukten von Franotech aus. Warnwesten und Verbandtaschen immer in top Qualit\u00e4t zu top preisen und aus neuester Produktion mit langem Haltbarkeitsdatum. Das ist f\u00fcr uns am wichtigsten um die Wartungsintervalle lang zu halten und kosten zu sparen.<\/p><\/div>\n\t\t\t\t\t<div class=\"dmpro-carousel-button-wrapper\">\n\t\t\t\t\t\t\n\t\t\t\t\t<\/div>\n\t\t\t\t<\/div>\n            <\/div>\n\t\t\t\t<\/div>\n\t\t\t<\/div>\n                    <\/div>\n                <\/div>\n                <div class=\"swiper-pagination dmpro-sp0\"><\/div>\n            <\/div>\n\t\t\t\t<\/div>\n\t\t\t<\/div><div class=\"et_pb_text_8 et_pb_text et_pb_bg_layout_light et_pb_module et_block_module\"><div class=\"et_pb_text_inner\"><p style=\"text-align: center;\">\u00bfQuieres que publiquemos tu testimonio de cliente? Escr\u00edbenos 2-3 l\u00edneas y env\u00eda una foto representativa a <a href=\"mailto:service@franotech.com\">service@franotech.com<\/a><br \/>y recibe un descuento \u00fanico de <span style=\"text-decoration: underline;\">hasta el 10%<\/span> en tu pr\u00f3ximo pedido de hasta 1.000 UER. <\/p>\n<\/div><\/div><\/div><\/div><div class=\"et_pb_bottom_inside_divider et-no-transition\"><\/div><\/div>\n","protected":false},"excerpt":{"rendered":"","protected":false},"author":1,"featured_media":0,"parent":0,"menu_order":0,"comment_status":"closed","ping_status":"closed","template":"","meta":{"_et_pb_use_builder":"on","_et_pb_old_content":"","_et_gb_content_width":"","footnotes":""},"class_list":["post-1376488","page","type-page","status-publish","hentry"],"ams_acf":[],"_links":{"self":[{"href":"https:\/\/franotech.com\/es\/wp-json\/wp\/v2\/pages\/1376488","targetHints":{"allow":["GET"]}}],"collection":[{"href":"https:\/\/franotech.com\/es\/wp-json\/wp\/v2\/pages"}],"about":[{"href":"https:\/\/franotech.com\/es\/wp-json\/wp\/v2\/types\/page"}],"author":[{"embeddable":true,"href":"https:\/\/franotech.com\/es\/wp-json\/wp\/v2\/users\/1"}],"replies":[{"embeddable":true,"href":"https:\/\/franotech.com\/es\/wp-json\/wp\/v2\/comments?post=1376488"}],"version-history":[{"count":6,"href":"https:\/\/franotech.com\/es\/wp-json\/wp\/v2\/pages\/1376488\/revisions"}],"predecessor-version":[{"id":1380845,"href":"https:\/\/franotech.com\/es\/wp-json\/wp\/v2\/pages\/1376488\/revisions\/1380845"}],"wp:attachment":[{"href":"https:\/\/franotech.com\/es\/wp-json\/wp\/v2\/media?parent=1376488"}],"curies":[{"name":"wp","href":"https:\/\/api.w.org\/{rel}","templated":true}]}}