{"id":1379305,"date":"2025-05-21T08:14:25","date_gmt":"2025-05-21T07:14:25","guid":{"rendered":"https:\/\/franotech.com\/limpiaparabrisas\/"},"modified":"2026-02-27T07:40:20","modified_gmt":"2026-02-27T06:40:20","slug":"limpiaparabrisas","status":"publish","type":"page","link":"https:\/\/franotech.com\/es\/limpiaparabrisas\/","title":{"rendered":"Limpiaparabrisas"},"content":{"rendered":"\n<div class=\"et_pb_section_0 et_pb_section et_section_regular et_block_section\"><div class=\"et_pb_row_0 et_pb_row et_block_row\"><div class=\"et_pb_column_0 et_pb_column et_pb_column_1_2 et_block_column et_pb_css_mix_blend_mode_passthrough\"><div class=\"et_pb_image_0 et_pb_image et_pb_module et_block_module\"><span class=\"et_pb_image_wrap\"><img loading=\"lazy\" decoding=\"async\" src=\"https:\/\/franotech.com\/wp-content\/uploads\/2025\/05\/wipers.jpg\" width=\"800\" height=\"533\" srcset=\"https:\/\/franotech.com\/wp-content\/uploads\/2025\/05\/wipers.jpg 800w, https:\/\/franotech.com\/wp-content\/uploads\/2025\/05\/wipers-480x320.jpg 480w\" sizes=\"(min-width: 0px) and (max-width: 480px) 480px, (min-width: 481px) 800px, 100vw\" class=\"wp-image-1376077\" title=\"wipers\" \/><\/span><\/div><\/div><div class=\"et_pb_column_1 et_pb_column et_pb_column_1_2 et-last-child et_block_column et_pb_css_mix_blend_mode_passthrough\"><div class=\"et_pb_text_0 et_pb_text et_pb_bg_layout_light et_pb_module et_block_module\"><div class=\"et_pb_text_inner\"><p style=\"text-align: center;\"><span class=\"\"><strong>Experimenta el futuro de la visi\u00f3n: limpiaparabrisas de alta tecnolog\u00eda desarrollados por ingenieros alemanes.<\/strong><\/span><span><\/span><\/p>\n<ul class=\"list-outside list-disc pl-8\">\n<li><span class=\"\">Visibilidad perfecta con cualquier tiempo: nuestros limpiaparabrisas dominan la lluvia, la nieve y el hielo con una tecnolog\u00eda innovadora y garantizan unos resultados de limpieza sin rayas, incluso en condiciones extremas.<\/span><span class=\"\"><span class=\"whitespace-nowrap\"><span class=\"ml-xs hover:opacity-50 transition duration-300 cursor-pointer tabular-nums light text-[11px] font-bold tracking-wide font-mono leading-none uppercase text-textOff dark:text-textOffDark selection:bg-superDuper selection:text-textMain\"><span><\/span><\/span>.<\/span><\/span><span class=\"\"><\/span><\/li>\n<li><span class=\"\">Precisi\u00f3n gracias a la ingenier\u00eda alemana: los ra\u00edles de muelle de alta tecnolog\u00eda personalizados se adaptan perfectamente al parabrisas y distribuyen uniformemente la presi\u00f3n de contacto, para una vida \u00fatil hasta un 30% m\u00e1s larga y la m\u00e1xima calidad de limpieza, incluso a altas velocidades.<\/span><span class=\"\"><span class=\"whitespace-nowrap\"><span class=\"ml-xs hover:opacity-50 transition duration-300 cursor-pointer tabular-nums light text-[11px] font-bold tracking-wide font-mono leading-none uppercase text-textOff dark:text-textOffDark selection:bg-superDuper selection:text-textMain\"><span><\/span><\/span>.<\/span><\/span><span class=\"\"><\/span><\/li>\n<li><span class=\"\">Fiables en invierno: Nuestras escobillas planas sin marco evitan la formaci\u00f3n de hielo y garantizan una visi\u00f3n clara, incluso con escarcha y nieve.<\/span><span class=\"\"><\/span><\/li>\n<li><span class=\"\">Instalaci\u00f3n sencilla, ajuste universal: con el innovador adaptador universal, nuestras escobillas limpiaparabrisas est\u00e1n listas para su uso en casi cualquier modelo de veh\u00edculo en un abrir y cerrar de ojos<\/span><span class=\"\"><span class=\"whitespace-nowrap\"><span class=\"ml-xs hover:opacity-50 transition duration-300 cursor-pointer tabular-nums light text-[11px] font-bold tracking-wide font-mono leading-none uppercase text-textOff dark:text-textOffDark selection:bg-superDuper selection:text-textMain\"><span><\/span><\/span>. Perfecto para que los talleres mantengan bajos los costes de almacenamiento.<\/span><\/span><\/li>\n<\/ul>\n<\/div><\/div><\/div><\/div><div class=\"et_pb_row_1 et_pb_row et_pb_row_3-5_1-5_1-5 et_block_row et_block_row_3-5_1-5_1-5\"><div class=\"et_pb_column_2 et_pb_column et_pb_column_3_5 et_block_column et_pb_css_mix_blend_mode_passthrough\"><div class=\"et_pb_text_1 et_pb_text et_pb_bg_layout_light et_pb_module et_block_module\"><div class=\"et_pb_text_inner\"><ul class=\"list-outside list-disc pl-8\">\n<li><span class=\"\">Silencioso y aerodin\u00e1mico: gracias al ruido del viento minimizado y al \u00e1rea de flujo de aire reducida, puedes disfrutar de una conducci\u00f3n silenciosa independientemente de la velocidad a la que viajes.<\/span><span class=\"\"><span class=\"whitespace-nowrap\"><span class=\"ml-xs hover:opacity-50 transition duration-300 cursor-pointer tabular-nums light text-[11px] font-bold tracking-wide font-mono leading-none uppercase text-textOff dark:text-textOffDark selection:bg-superDuper selection:text-textMain\"><span><\/span><\/span>.<\/span><\/span><\/li>\n<\/ul>\n<\/div><\/div><\/div><div class=\"et_pb_column_3 et_pb_column et_pb_column_1_5 et_block_column et_pb_css_mix_blend_mode_passthrough\"><div class=\"et_pb_image_1 et_pb_image et_pb_module et_block_module\"><span class=\"et_pb_image_wrap\"><img loading=\"lazy\" decoding=\"async\" src=\"https:\/\/franotech.com\/wp-content\/uploads\/2025\/05\/CFD-Analysis-2-16to9.gif\" width=\"538\" height=\"336\" srcset=\"https:\/\/franotech.com\/wp-content\/uploads\/2025\/05\/CFD-Analysis-2-16to9.gif 538w\" sizes=\"(min-width: 0px) and (max-width: 480px) 480px, (min-width: 481px) 538px, 100vw\" class=\"wp-image-1376715\" title=\"An\u00e1lisis CFD 2 16to9\" \/><\/span><\/div><\/div><div class=\"et_pb_column_4 et_pb_column et_pb_column_1_5 et-last-child et_block_column et_pb_css_mix_blend_mode_passthrough\"><div class=\"et_pb_image_2 et_pb_image et_pb_module et_block_module\"><span class=\"et_pb_image_wrap\"><img loading=\"lazy\" decoding=\"async\" src=\"https:\/\/franotech.com\/wp-content\/uploads\/2025\/05\/CFD-Analysis-1-16to9.gif\" width=\"393\" height=\"221\" srcset=\"https:\/\/franotech.com\/wp-content\/uploads\/2025\/05\/CFD-Analysis-1-16to9.gif 393w\" sizes=\"(max-width: 393px) 100vw, 393px\" class=\"wp-image-1376697\" title=\"An\u00e1lisis CFD 1 16to9\" \/><\/span><\/div><\/div><\/div><div class=\"et_pb_row_2 et_pb_row et_block_row\"><div class=\"et_pb_column_5 et_pb_column et_pb_column_4_4 et-last-child et_block_column et_pb_css_mix_blend_mode_passthrough\"><div class=\"et_pb_module et_pb_button_module_wrapper et_pb_button_0_wrapper\"><a class=\"et_pb_button_0 et_pb_button et_pb_bg_layout_dark et_pb_module et_block_module\" href=\"\">Pide ahora limpiaparabrisas por longitud<\/a><\/div><div class=\"et_pb_divider_0 et_pb_divider et_pb_space et_pb_divider_position_top et_pb_module\"><div class=\"et_pb_divider_internal\"><\/div><\/div><\/div><\/div><div class=\"et_pb_row_3 et_pb_row et_block_row\"><div class=\"et_pb_column_6 et_pb_column et_pb_column_4_4 et-last-child et_block_column et_pb_css_mix_blend_mode_passthrough\"><div class=\"et_pb_text_2 et_pb_text et_pb_bg_layout_light et_pb_module et_block_module\"><div class=\"et_pb_text_inner\"><p style=\"text-align: center;\"><strong>Pr\u00f3ximamente: El Rainglide One<\/strong><\/p>\n<\/div><\/div><\/div><\/div><div class=\"et_pb_row_4 et_pb_row et_pb_equal_columns et_block_row\"><div class=\"et_pb_column_7 et_pb_column et_pb_column_1_2 et_block_column et_pb_css_mix_blend_mode_passthrough\"><div class=\"et_pb_video_0 et_pb_video et_pb_module et_block_module\"><div class=\"et_pb_video_box\"><video controls><source type=\"video\/webm\" src=\"https:\/\/rainglide.com\/wp-content\/uploads\/2025\/02\/Rainglide-German-compress.mp4\" \/><\/video><\/div><\/div><\/div><div class=\"et_pb_column_8 et_pb_column et_pb_column_1_2 et-last-child et_block_column et_pb_css_mix_blend_mode_passthrough\"><div class=\"et_pb_text_3 et_pb_text et_pb_bg_layout_light et_pb_module et_block_module\"><div class=\"et_pb_text_inner\"><ul>\n<li><strong>Innovaci\u00f3n aerodin\u00e1mica para una gran carga aerodin\u00e1mica a altas velocidades<\/strong><\/li>\n<li><strong>Tecnolog\u00eda rascabichos contra los restos de bichos y otras suciedades persistentes<\/strong><\/li>\n<li><strong>Cuidado del parabrisas en cada ciclo de limpieza gracias al dep\u00f3sito incorporado para dispensar el producto de nanocuidado Magic Glide<\/strong><\/li>\n<\/ul>\n<p><strong>M\u00e1s informaci\u00f3n en: <a href=\"https:\/\/rainglide.com\/\">rainglide.com<\/a><\/strong><\/p>\n<\/div><\/div><\/div><\/div><\/div>\n","protected":false},"excerpt":{"rendered":"","protected":false},"author":1,"featured_media":0,"parent":0,"menu_order":0,"comment_status":"closed","ping_status":"closed","template":"","meta":{"footnotes":""},"class_list":["post-1379305","page","type-page","status-publish","hentry"],"ams_acf":[],"_links":{"self":[{"href":"https:\/\/franotech.com\/es\/wp-json\/wp\/v2\/pages\/1379305","targetHints":{"allow":["GET"]}}],"collection":[{"href":"https:\/\/franotech.com\/es\/wp-json\/wp\/v2\/pages"}],"about":[{"href":"https:\/\/franotech.com\/es\/wp-json\/wp\/v2\/types\/page"}],"author":[{"embeddable":true,"href":"https:\/\/franotech.com\/es\/wp-json\/wp\/v2\/users\/1"}],"replies":[{"embeddable":true,"href":"https:\/\/franotech.com\/es\/wp-json\/wp\/v2\/comments?post=1379305"}],"version-history":[{"count":3,"href":"https:\/\/franotech.com\/es\/wp-json\/wp\/v2\/pages\/1379305\/revisions"}],"predecessor-version":[{"id":1380856,"href":"https:\/\/franotech.com\/es\/wp-json\/wp\/v2\/pages\/1379305\/revisions\/1380856"}],"wp:attachment":[{"href":"https:\/\/franotech.com\/es\/wp-json\/wp\/v2\/media?parent=1379305"}],"curies":[{"name":"wp","href":"https:\/\/api.w.org\/{rel}","templated":true}]}}