{"id":1379319,"date":"2025-05-20T09:21:34","date_gmt":"2025-05-20T09:21:34","guid":{"rendered":"https:\/\/franotech.com\/politica-de-privacidad\/"},"modified":"2025-09-18T11:14:52","modified_gmt":"2025-09-18T11:14:52","slug":"politica-de-privacidad","status":"publish","type":"page","link":"https:\/\/franotech.com\/es\/politica-de-privacidad\/","title":{"rendered":"Pol\u00edtica de privacidad"},"content":{"rendered":"\n<p><strong>1. responsable del tratamiento de los datos<\/strong><br\/>El responsable del tratamiento de los datos personales de este sitio web es:<br\/>Franotech OU<br\/>Narva Mnt 5, 10117 Tallin, Estonia<br\/>Director General: Marlon Franosch<br\/>Correo electr\u00f3nico: service@franotech.com<\/p>\n\n<p><strong>2. informaci\u00f3n general sobre el tratamiento de datos<\/strong><br\/>Nos tomamos muy en serio la protecci\u00f3n de tus datos personales. Los datos personales s\u00f3lo se procesan en este sitio web en la medida necesaria. El tratamiento se lleva a cabo de acuerdo con las disposiciones del Reglamento General de Protecci\u00f3n de Datos (RGPD) y otras leyes pertinentes de protecci\u00f3n de datos.  <\/p>\n\n<p><strong>3. recogida y almacenamiento de datos personales y naturaleza y finalidad de su uso<\/strong><br\/>Cuando visitas nuestro sitio web, se recogen autom\u00e1ticamente los siguientes datos, que se almacenan temporalmente en archivos de registro del servidor:<\/p>\n\n<ul class=\"wp-block-list\">\n<li>Direcci\u00f3n IP del ordenador solicitante<\/li>\n\n\n\n<li>Fecha y hora de acceso<\/li>\n\n\n\n<li>Nombre y URL del archivo recuperado<\/li>\n\n\n\n<li>Sitio web desde el que se accede (URL de referencia)<\/li>\n\n\n\n<li>Navegador utilizado y, si procede, sistema operativo de tu ordenador<\/li>\n<\/ul>\n\n<p>Estos datos se procesan con el fin de garantizar una conexi\u00f3n sin problemas al sitio web, para la seguridad y estabilidad del sistema y con fines administrativos. La base jur\u00eddica es el Art. 6 p\u00e1rr. 1 lit. f GDPR.   <\/p>\n\n<p><strong>4. formulario<\/strong> de <strong>contacto y contacto por correo electr\u00f3nico<\/strong><br\/>Si nos env\u00edas consultas a trav\u00e9s del formulario de contacto o por correo electr\u00f3nico, tus datos, incluidos los datos de contacto que nos facilites, ser\u00e1n almacenados por nosotros con el fin de procesar la consulta y en caso de preguntas de seguimiento. No transmitiremos estos datos sin tu consentimiento. La base jur\u00eddica es el Art. 6 p\u00e1rr. 1 lit. b GDPR.    <\/p>\n\n<p><strong>5. cookies y herramientas de seguimiento<\/strong><br\/>Nuestro sitio web utiliza cookies. Las cookies son peque\u00f1os archivos de texto que se almacenan en tu dispositivo final y permiten analizar tu uso del sitio web. Puedes evitar el almacenamiento de cookies seleccionando la configuraci\u00f3n adecuada en el software de tu navegador.<br\/>Si utilizamos herramientas de seguimiento (como Google Analytics) o plugins de redes sociales, te informaremos de ello por separado en esta pol\u00edtica de privacidad. Se utilizan sobre la base del Art. 6 p\u00e1rr. 1 lit. a GDPR (consentimiento) o Art. 6 p\u00e1rr. 1 lit. f GDPR (inter\u00e9s leg\u00edtimo).       <\/p>\n\n<p><strong>6. transferencia de datos a terceros<\/strong><br\/>Tus datos personales s\u00f3lo se transferir\u00e1n a terceros si lo permite la ley o si has dado tu consentimiento. Los posibles destinatarios son, por ejemplo, proveedores de servicios inform\u00e1ticos, proveedores de alojamiento o autoridades en el \u00e1mbito de las obligaciones legales. Los datos s\u00f3lo se transferir\u00e1n a terceros pa\u00edses fuera de la UE si existen garant\u00edas adecuadas y se te ha informado al respecto.  <\/p>\n\n<p><strong>7. duraci\u00f3n del almacenamiento<\/strong><br\/>Los datos personales s\u00f3lo se almacenar\u00e1n mientras sea necesario para los fines indicados o mientras existan periodos de conservaci\u00f3n legales. Una vez que haya dejado de existir la finalidad respectiva o hayan expirado dichos periodos, los datos se eliminar\u00e1n de forma rutinaria. <\/p>\n\n<p><strong>8. derechos de los interesados<\/strong><br\/>Tienes derecho a<\/p>\n\n<ul class=\"wp-block-list\">\n<li>recibir informaci\u00f3n sobre tus datos personales almacenados por nosotros (Art. 15 GDPR)<\/li>\n\n\n\n<li>solicitar la rectificaci\u00f3n de datos inexactos (Art. 16 GDPR)<\/li>\n\n\n\n<li>solicitar la supresi\u00f3n de tus datos (Art. 17 GDPR)<\/li>\n\n\n\n<li>exigir la restricci\u00f3n del tratamiento (Art. 18 GDPR)<\/li>\n\n\n\n<li>oponerte al tratamiento (Art. 21 GDPR)<\/li>\n\n\n\n<li>solicitar la portabilidad de los datos (Art. 20 GDPR)<\/li>\n\n\n\n<li>Revocar el consentimiento otorgado en cualquier momento (Art. 7 p\u00e1rr. 3 GDPR)<\/li>\n\n\n\n<li>presentar una reclamaci\u00f3n ante una autoridad supervisora (Art. 77 GDPR).<\/li>\n<\/ul>\n\n<p><strong>9. obligaci\u00f3n de facilitar datos<\/strong><br\/>La facilitaci\u00f3n de datos personales es en parte obligatoria por ley o necesaria para la celebraci\u00f3n de un contrato. Sin estos datos, no puede celebrarse un contrato ni tramitarse una consulta. <\/p>\n\n<p><strong>10. toma de decisiones automatizada<\/strong><br\/>La toma de decisiones automatizada, incluida la elaboraci\u00f3n de perfiles, no tiene lugar a menos que se indique expresamente en esta pol\u00edtica de privacidad.<\/p>\n\n<p><strong>11. actualidad y modificaci\u00f3n de esta pol\u00edtica<\/strong> de privacidad<br\/>Esta pol\u00edtica de privacidad es actualmente v\u00e1lida y est\u00e1 fechada en mayo de 2025. debido al desarrollo posterior de nuestro sitio web o debido a cambios en los requisitos legales u oficiales, puede ser necesario modificar esta pol\u00edtica de privacidad. Puedes acceder a la pol\u00edtica de privacidad actual en cualquier momento en este sitio web.  <\/p>\n","protected":false},"excerpt":{"rendered":"<p>1. responsable del tratamiento de los datosEl responsable del tratamiento de los datos personales de este sitio web es:Franotech OUNarva Mnt 5, 10117 Tallin, EstoniaDirector General: Marlon FranoschCorreo electr\u00f3nico: service@franotech.com 2. informaci\u00f3n general sobre el tratamiento de datosNos tomamos muy en serio la protecci\u00f3n de tus datos personales. Los datos personales s\u00f3lo se procesan en [&hellip;]<\/p>\n","protected":false},"author":1,"featured_media":0,"parent":0,"menu_order":0,"comment_status":"closed","ping_status":"closed","template":"","meta":{"footnotes":""},"class_list":["post-1379319","page","type-page","status-publish","hentry"],"ams_acf":[],"_links":{"self":[{"href":"https:\/\/franotech.com\/es\/wp-json\/wp\/v2\/pages\/1379319","targetHints":{"allow":["GET"]}}],"collection":[{"href":"https:\/\/franotech.com\/es\/wp-json\/wp\/v2\/pages"}],"about":[{"href":"https:\/\/franotech.com\/es\/wp-json\/wp\/v2\/types\/page"}],"author":[{"embeddable":true,"href":"https:\/\/franotech.com\/es\/wp-json\/wp\/v2\/users\/1"}],"replies":[{"embeddable":true,"href":"https:\/\/franotech.com\/es\/wp-json\/wp\/v2\/comments?post=1379319"}],"version-history":[{"count":1,"href":"https:\/\/franotech.com\/es\/wp-json\/wp\/v2\/pages\/1379319\/revisions"}],"predecessor-version":[{"id":1379321,"href":"https:\/\/franotech.com\/es\/wp-json\/wp\/v2\/pages\/1379319\/revisions\/1379321"}],"wp:attachment":[{"href":"https:\/\/franotech.com\/es\/wp-json\/wp\/v2\/media?parent=1379319"}],"curies":[{"name":"wp","href":"https:\/\/api.w.org\/{rel}","templated":true}]}}