{"id":1379334,"date":"2025-05-20T09:21:34","date_gmt":"2025-05-20T09:21:34","guid":{"rendered":"https:\/\/franotech.com\/pie-de-imprenta\/"},"modified":"2025-05-20T09:21:34","modified_gmt":"2025-05-20T09:21:34","slug":"pie-de-imprenta","status":"publish","type":"page","link":"https:\/\/franotech.com\/es\/pie-de-imprenta\/","title":{"rendered":"Pie de imprenta"},"content":{"rendered":"<p class=\"my-0\"><strong>Informaci\u00f3n seg\u00fan el art\u00edculo 5 de la Directiva 2000\/31\/CE sobre comercio electr\u00f3nico, la legislaci\u00f3n estonia y para orientarse sobre los requisitos alemanes para las actividades comerciales internacionales<\/strong><\/p>\n<p class=\"my-0\"><strong>Nombre de la empresa:<\/strong><br \/>\nFranotech OU<\/p>\n<p class=\"my-0\"><strong>Forma jur\u00eddica:<\/strong><br \/>\nOsa\u00fching (sociedad an\u00f3nima estonia, OU)<\/p>\n<p class=\"my-0\"><strong>Director General:<\/strong><br \/>\nMarlon Franosch<\/p>\n<p class=\"my-0\"><strong>Domicilio social de la empresa:<\/strong><br \/>\nNarva Mnt 5, 10117, Tallin, Estonia<\/p>\n<p class=\"my-0\"><strong>N\u00famero de registro mercantil:<\/strong><br \/>\n16065958<\/p>\n<p class=\"my-0\"><strong>N\u00famero de identificaci\u00f3n del impuesto sobre el valor a\u00f1adido (NIF-IVA):<\/strong><br \/>\nEE102296864<\/p>\n<p class=\"my-0\"><strong>Contacto:<\/strong><br \/>\nTel\u00e9fono: [Introduce el n\u00famero de tel\u00e9fono]<br \/>\nCorreo electr\u00f3nico: service@franotech.com<\/p>\n<p class=\"my-0\"><strong>Responsable del contenido seg\u00fan \u00a7 55 Abs. 2 RStV (si es necesario): <\/strong><br \/>\nMarlon Franosch<\/p>\n<div class=\"woocommerce woocommerce-gzd woocommerce-gzd-complaints-shortcode\">\n\t\t\t<h3>Alternative Dispute Resolution in accordance with Art. 14 (1) ODR-VO and \u00a7 36 VSBG:<\/h3>\n\t\nZur Teilnahme an einem Streitbeilegungsverfahren vor einer Verbraucherschlichtungsstelle sind wir nicht verpflichtet und nicht bereit.<\/div>\n<p class=\"my-0\"><strong>Responsabilidad por el contenido<\/strong><br \/>\nEl contenido de nuestro sitio web ha sido creado con el mayor cuidado posible. Sin embargo, no asumimos ninguna responsabilidad por la exactitud, integridad y actualidad del contenido proporcionado. Como proveedor de servicios, somos responsables de nuestro propio contenido en estas p\u00e1ginas de acuerdo con las disposiciones legales aplicables. Sin embargo, no estamos obligados a controlar la informaci\u00f3n de terceros transmitida o almacenada, ni a investigar circunstancias que indiquen una actividad ilegal. Esto no afecta a las obligaciones de eliminar o bloquear el uso de informaci\u00f3n de acuerdo con la legislaci\u00f3n general. Sin embargo, la responsabilidad a este respecto s\u00f3lo es posible a partir del momento en que se tiene conocimiento de una infracci\u00f3n concreta. Tan pronto como tengamos conocimiento de tales infracciones, eliminaremos este contenido inmediatamente.      <\/p>\n<p class=\"my-0\"><strong>Responsabilidad por enlaces externos<\/strong><br \/>\nNuestro sitio web contiene enlaces a sitios web externos de terceros sobre cuyo contenido no tenemos ninguna influencia. Por lo tanto, no podemos aceptar ninguna responsabilidad por este contenido externo. El respectivo proveedor u operador de las p\u00e1ginas es siempre responsable del contenido de las p\u00e1ginas enlazadas. En el momento de establecer el enlace no se reconocieron infracciones legales. Sin embargo, la supervisi\u00f3n permanente del contenido de las p\u00e1ginas enlazadas no es razonable sin pruebas concretas de una infracci\u00f3n. Si tenemos conocimiento de alguna infracci\u00f3n legal, eliminaremos dichos enlaces inmediatamente.     <\/p>\n<p class=\"my-0\"><strong>Copyright<\/strong><br \/>\nEl contenido y las obras creadas por los operadores del sitio en estas p\u00e1ginas est\u00e1n sujetos a copyright. Las contribuciones de terceros est\u00e1n etiquetadas como tales. La reproducci\u00f3n, edici\u00f3n, distribuci\u00f3n y cualquier tipo de utilizaci\u00f3n fuera de los l\u00edmites de la ley de derechos de autor requieren el consentimiento por escrito del autor o creador respectivo. Las descargas y copias de este sitio s\u00f3lo est\u00e1n permitidas para uso privado y no comercial.   <\/p>\n<p class=\"my-0\"><strong>Nota<\/strong><br \/>\nUna exclusi\u00f3n de responsabilidad no puede excluir efectivamente la responsabilidad legal, en particular en caso de dolo o negligencia grave o de lesi\u00f3n de la vida, la integridad f\u00edsica o la salud. La redacci\u00f3n tiene fines de aclaraci\u00f3n y transparencia, pero no sustituye al asesoramiento jur\u00eddico individual. <\/p>\n","protected":false},"excerpt":{"rendered":"<p>Informaci\u00f3n seg\u00fan el art\u00edculo 5 de la Directiva 2000\/31\/CE sobre comercio electr\u00f3nico, la legislaci\u00f3n estonia y para orientarse sobre los requisitos alemanes para las actividades comerciales internacionales Nombre de la empresa: Franotech OU Forma jur\u00eddica: Osa\u00fching (sociedad an\u00f3nima estonia, OU) Director General: Marlon Franosch Domicilio social de la empresa: Narva Mnt 5, 10117, Tallin, Estonia [&hellip;]<\/p>\n","protected":false},"author":1,"featured_media":0,"parent":0,"menu_order":0,"comment_status":"closed","ping_status":"closed","template":"","meta":{"footnotes":""},"class_list":["post-1379334","page","type-page","status-publish","hentry"],"ams_acf":[],"_links":{"self":[{"href":"https:\/\/franotech.com\/es\/wp-json\/wp\/v2\/pages\/1379334","targetHints":{"allow":["GET"]}}],"collection":[{"href":"https:\/\/franotech.com\/es\/wp-json\/wp\/v2\/pages"}],"about":[{"href":"https:\/\/franotech.com\/es\/wp-json\/wp\/v2\/types\/page"}],"author":[{"embeddable":true,"href":"https:\/\/franotech.com\/es\/wp-json\/wp\/v2\/users\/1"}],"replies":[{"embeddable":true,"href":"https:\/\/franotech.com\/es\/wp-json\/wp\/v2\/comments?post=1379334"}],"version-history":[{"count":0,"href":"https:\/\/franotech.com\/es\/wp-json\/wp\/v2\/pages\/1379334\/revisions"}],"wp:attachment":[{"href":"https:\/\/franotech.com\/es\/wp-json\/wp\/v2\/media?parent=1379334"}],"curies":[{"name":"wp","href":"https:\/\/api.w.org\/{rel}","templated":true}]}}