{"id":1379377,"date":"2025-05-21T08:48:48","date_gmt":"2025-05-21T07:48:48","guid":{"rendered":"https:\/\/franotech.com\/contacta-con-nosotros\/"},"modified":"2026-02-27T07:40:38","modified_gmt":"2026-02-27T06:40:38","slug":"contacta-con-nosotros","status":"publish","type":"page","link":"https:\/\/franotech.com\/es\/contacta-con-nosotros\/","title":{"rendered":"Contacta con nosotros"},"content":{"rendered":"\n<div class=\"et_pb_section_0 et_pb_section et_section_regular et_block_section\"><div class=\"et_pb_row_0 et_pb_row et_block_row\"><div class=\"et_pb_column_0 et_pb_column et_pb_column_4_4 et-last-child et_block_column et_pb_css_mix_blend_mode_passthrough\"><div class=\"et_pb_text_0 et_pb_text et_pb_bg_layout_light et_pb_module et_block_module\"><div class=\"et_pb_text_inner\"><h1>Apoyo en toda Europa<\/h1>\n<\/div><\/div><div class=\"et_pb_text_1 et_pb_text et_pb_bg_layout_light et_pb_module et_block_module\"><div class=\"et_pb_text_inner\"><p><span>Bienvenido a nuestro servicio de atenci\u00f3n al cliente: \u00a1la pieza central de nuestra promesa de servicio!<\/span><br \/><span>Creemos que los grandes productos s\u00f3lo convencen de verdad si van acompa\u00f1ados de un servicio igual de bueno. Por eso hacemos todo lo posible no s\u00f3lo para darte respuestas, sino para ofrecerte soluciones reales. En toda Europa.  <\/span><\/p>\n<\/div><\/div><\/div><\/div><div class=\"et_pb_row_1 et_pb_row et_block_row\"><div class=\"et_pb_column_1 et_pb_column et_pb_column_4_4 et-last-child et_block_column et_pb_css_mix_blend_mode_passthrough\"><div class=\"et_pb_text_2 et_pb_text et_pb_bg_layout_light et_pb_module et_block_module\"><div class=\"et_pb_text_inner\"><p><strong>Siempre disponible en toda Europa. Por tel\u00e9fono, sistema de tickets o correo electr\u00f3nico: <\/strong><\/p>\n<\/div><\/div><\/div><\/div><div class=\"et_pb_row_2 et_pb_row et_pb_row_1-4_1-4_1-2 et_pb_equal_columns et_block_row et_block_row_1-4_1-4_1-2\"><div class=\"et_pb_column_2 et_pb_column et_pb_column_1_4 et_block_column et_pb_css_mix_blend_mode_passthrough\"><div class=\"et_pb_text_3 et_pb_text et_pb_bg_layout_light et_pb_module et_block_module\"><div class=\"et_pb_text_inner\"><p><img decoding=\"async\" class=\"wpml-ls-flag\" src=\"https:\/\/franotech.com\/wp-content\/plugins\/sitepress-multilingual-cms\/res\/flags\/de.svg\" alt=\"\">  +4970314204070<br \/><img decoding=\"async\" class=\"wpml-ls-flag\" src=\"https:\/\/franotech.com\/wp-content\/plugins\/sitepress-multilingual-cms\/res\/flags\/en.svg\" alt=\"\"> +44 1865 638761<br \/><img decoding=\"async\" class=\"wpml-ls-flag\" src=\"https:\/\/franotech.com\/wp-content\/plugins\/sitepress-multilingual-cms\/res\/flags\/es.svg\" alt=\"\"> +pr\u00f3ximamente<\/p>\n<\/div><\/div><\/div><div class=\"et_pb_column_3 et_pb_column et_pb_column_1_4 et_block_column et_pb_css_mix_blend_mode_passthrough\"><div class=\"et_pb_text_4 et_pb_text et_pb_bg_layout_light et_pb_module et_block_module\"><div class=\"et_pb_text_inner\"><p><img decoding=\"async\" class=\"wpml-ls-flag\" src=\"https:\/\/franotech.com\/wp-content\/plugins\/sitepress-multilingual-cms\/res\/flags\/fr.svg\" alt=\"\">  +pr\u00f3ximamente<br \/><img decoding=\"async\" class=\"wpml-ls-flag\" src=\"https:\/\/franotech.com\/wp-content\/plugins\/sitepress-multilingual-cms\/res\/flags\/pl.svg\" alt=\"\"> +48664330894<br \/><img decoding=\"async\" class=\"wpml-ls-flag\" src=\"https:\/\/franotech.com\/wp-content\/plugins\/sitepress-multilingual-cms\/res\/flags\/et.svg\" alt=\"\"> +372 636 0743<\/p>\n<\/div><\/div><\/div><div class=\"et_pb_column_4 et_pb_column et_pb_column_1_2 et-last-child et_block_column et_pb_css_mix_blend_mode_passthrough\"><div class=\"et_pb_image_0 et_pb_image et_pb_module et_block_module\"><span class=\"et_pb_image_wrap\"><img loading=\"lazy\" decoding=\"async\" src=\"https:\/\/franotech.com\/wp-content\/uploads\/2025\/06\/contact-center-1024x576.jpg\" width=\"1024\" height=\"576\" srcset=\"https:\/\/franotech.com\/wp-content\/uploads\/2025\/06\/contact-center-980x551.jpg 980w, https:\/\/franotech.com\/wp-content\/uploads\/2025\/06\/contact-center-480x270.jpg 480w\" sizes=\"(min-width: 0px) and (max-width: 480px) 480px, (min-width: 481px) and (max-width: 980px) 980px, (min-width: 981px) 1024px, 100vw\" class=\"wp-image-1377004\" title=\"centro de contacto\" \/><\/span><\/div><\/div><\/div><div class=\"et_pb_row_3 et_pb_row et_block_row\"><div class=\"et_pb_column_5 et_pb_column et_pb_column_4_4 et-last-child et_block_column et_pb_css_mix_blend_mode_passthrough\"><div class=\"et_pb_text_5 et_pb_text et_pb_bg_layout_light et_pb_module et_block_module\"><div class=\"et_pb_text_inner\"><p><strong>Correo electr\u00f3nico (todos los idiomas admitidos): service@franotech.com<\/strong><\/p>\n<\/div><\/div><div class=\"et_pb_login_0 et_pb_login et_pb_newsletter et_pb_bg_layout_dark et_pb_module et_block_module\"><div class=\"et_pb_newsletter_description\"><h2 class=\"et_pb_module_header\">Sistema de billetes<\/h2><div class=\"et_pb_newsletter_description_content\"><p>Accede al sistema de tickets para ver un resumen de todas tus consultas sobre ventas, soporte y logotipos. Todo se almacena aqu\u00ed de forma estructurada y tienes acceso a las FAQ. Todas las consultas a <a href=\"mailto:service@franotech.com\">service@franotech.com<\/a> abren autom\u00e1ticamente un ticket. <strong>Recomendamos el sistema de tickets sobre el chat en directo y el tel\u00e9fono.<\/strong>  <\/p>\n<\/div><\/div><div class=\"et_pb_newsletter_form et_pb_login_form\"><form action=\"https:\/\/franotech.com\/es\/wp-login.php\" method=\"post\"><p class=\"et_pb_contact_form_field\"><label class=\"et_pb_contact_form_label\" for=\"user_login_0\" style=\"display: none;\">Nombre De Usuario<\/label><input class=\"input\" id=\"user_login_0\" placeholder=\"Nombre De Usuario\" type=\"text\" value=\"\" name=\"log\" \/><\/p><p class=\"et_pb_contact_form_field\"><label class=\"et_pb_contact_form_label\" for=\"user_pass_0\" style=\"display: none;\">Contrase\u00f1a<\/label><input class=\"input\" id=\"user_pass_0\" placeholder=\"Contrase\u00f1a\" type=\"password\" value=\"\" name=\"pwd\" \/><\/p><p class=\"et_pb_forgot_password\"><a href=\"https:\/\/franotech.com\/es\/mi-cuenta\/lost-password\/\">\u00bfOlvidaste tu contrase\u00f1a?<\/a><\/p><p><button type=\"submit\" name=\"et_builder_submit_button\" class=\"et_pb_button et_pb_newsletter_button\">Login<\/button><input type=\"hidden\" name=\"redirect_to\" value=\"https:\/\/franotech.com\/es\/wp-json\/wp\/v2\/pages\/1379377\" \/><\/p><\/form><\/div><\/div><\/div><\/div><\/div>\n","protected":false},"excerpt":{"rendered":"","protected":false},"author":1,"featured_media":0,"parent":0,"menu_order":0,"comment_status":"closed","ping_status":"closed","template":"","meta":{"footnotes":""},"class_list":["post-1379377","page","type-page","status-publish","hentry"],"ams_acf":[],"_links":{"self":[{"href":"https:\/\/franotech.com\/es\/wp-json\/wp\/v2\/pages\/1379377","targetHints":{"allow":["GET"]}}],"collection":[{"href":"https:\/\/franotech.com\/es\/wp-json\/wp\/v2\/pages"}],"about":[{"href":"https:\/\/franotech.com\/es\/wp-json\/wp\/v2\/types\/page"}],"author":[{"embeddable":true,"href":"https:\/\/franotech.com\/es\/wp-json\/wp\/v2\/users\/1"}],"replies":[{"embeddable":true,"href":"https:\/\/franotech.com\/es\/wp-json\/wp\/v2\/comments?post=1379377"}],"version-history":[{"count":3,"href":"https:\/\/franotech.com\/es\/wp-json\/wp\/v2\/pages\/1379377\/revisions"}],"predecessor-version":[{"id":1380868,"href":"https:\/\/franotech.com\/es\/wp-json\/wp\/v2\/pages\/1379377\/revisions\/1380868"}],"wp:attachment":[{"href":"https:\/\/franotech.com\/es\/wp-json\/wp\/v2\/media?parent=1379377"}],"curies":[{"name":"wp","href":"https:\/\/api.w.org\/{rel}","templated":true}]}}