{"id":1379499,"date":"2025-05-21T10:23:34","date_gmt":"2025-05-21T09:23:34","guid":{"rendered":"https:\/\/franotech.com\/botiquines-de-primeros-auxilios\/"},"modified":"2026-02-27T07:40:38","modified_gmt":"2026-02-27T06:40:38","slug":"botiquines-de-primeros-auxilios","status":"publish","type":"page","link":"https:\/\/franotech.com\/es\/botiquines-de-primeros-auxilios\/","title":{"rendered":"Botiquines de primeros auxilios"},"content":{"rendered":"\n<div class=\"et_pb_section_0 et_pb_section et_section_regular et_block_section\"><div class=\"et_pb_row_0 et_pb_row et_block_row\"><div class=\"et_pb_column_0 et_pb_column et_pb_column_4_4 et-last-child et_block_column et_pb_css_mix_blend_mode_passthrough\"><div class=\"et_pb_text_0 et_pb_text et_pb_bg_layout_light et_pb_module et_block_module\"><div class=\"et_pb_text_inner\"><p style=\"text-align: center;\"><strong>Nuestros botiquines<\/strong><\/p>\n<\/div><\/div><div class=\"et_pb_text_1 et_pb_text et_pb_bg_layout_light et_pb_module et_block_module\"><div class=\"et_pb_text_inner\"><p>Todas nuestras bolsas de primeros auxilios pueden imprimirse con el logotipo de tu empresa y, por ejemplo, la imagen de tu empresa, incluso para peque\u00f1as cantidades de 10 o m\u00e1s. La mejor publicidad por el precio m\u00e1s bajo. Imprescindible para todo concesionario de coches que quiera hacerse un nombre. Utilizamos impresi\u00f3n digital con la \u00faltima tecnolog\u00eda. Por eso Franotech te ofrece tu logotipo no s\u00f3lo impreso en blanco, sino tambi\u00e9n <strong>en color, \u00a1sin coste adicional!<\/strong>    <\/p>\n<\/div><\/div><\/div><\/div><div class=\"et_pb_row_1 et_pb_row et_pb_equal_columns et_block_row\"><div class=\"et_pb_column_1 et_pb_column et_pb_column_3_5 et_block_column et_pb_css_mix_blend_mode_passthrough\"><div class=\"et_pb_text_2 et_pb_text et_pb_bg_layout_light et_pb_module et_block_module\"><div class=\"et_pb_text_inner\"><p style=\"text-align: center;\"><strong>El cl\u00e1sico. El botiqu\u00edn de 3 piezas <\/strong><\/p>\n<p style=\"text-align: left;\"><strong>Material de vendaje conforme a la \u00faltima norma 13164 DIN<br \/>-Chaleco de advertencia conforme a la \u00faltima<span>norma<\/span><span> <\/span>EN ISO 20471<br \/> -Tri\u00e1ngulo de advertencia conforme ala \u00faltima norma27R<span> <\/span>E<\/strong><\/p>\n<p style=\"text-align: left;\"><span>En caso de accidente, es importante asegurar el lugar del accidente lo antes posible para evitar m\u00e1s accidentes. Las bolsas de primeros auxilios de 3 piezas de Franotech tienen todo lo que necesitas a mano. <\/span><br \/><span>Por tanto, la bolsa combinada contiene material de primeros auxilios, un chaleco de alta visibilidad y un tri\u00e1ngulo de advertencia. Todo lo que el StVZO prescribe llevar en el veh\u00edculo. <\/span><span><\/span><\/p>\n<p style=\"text-align: left;\"><span>Dimensiones: 43 cm x 5 cm x 13 cm Peso: 850 g<\/span><\/p>\n<\/div><\/div><\/div><div class=\"et_pb_column_2 et_pb_column et_pb_column_2_5 et-last-child et_block_column et_pb_css_mix_blend_mode_passthrough\"><div class=\"et_pb_module et_d4_element dmpro_carousel dmpro_carousel_0\">\n\t\t\t\t\n\t\t\t\t\n\t\t\t\t\n\t\t\t\t\n\t\t\t\t\n\t\t\t\t\n\t\t\t\t<div class=\"et_pb_module_inner\">\n\t\t\t\t\t<style>.dmpro_carousel_0 .dmpro-carousel-main .swiper-button-next:before { content: attr(data-icon);}.dmpro_carousel_0 .dmpro-carousel-main .swiper-button-prev:before { content: attr(data-icon);}<\/style>\n            <div class=\"dmpro-carousel-main\" aria-roledescription=\"carousel\" data-columnsdesktop='1' data-columnstablet='1' data-columnsphone='1' data-spacebetween='30' data-spacebetween_tablet='30' data-spacebetween_phone='30' data-loop='on' data-speed='1201' data-navigation='on' data-pagination='off' data-autoplay='on' data-autoplayspeed='5000' data-pauseonhover='on' data-effect='coverflow' data-rotate='50' data-dynamicbullets='on' data-ordernumber='0' data-centered='on' data-shadow='false' data-a11y-prevslidemessage='Previous slide' data-a11y-nextslidemessage='Next slide' data-a11y-firstslidemessage='This is the first slide' data-a11y-lastslidemessage='This is the last slide' data-a11y-paginationbulletmessage='Go to slide {{index}}' data-a11y-slidelabelmessage='{{index}} \/ {{slidesLength}}'>\n\t\t\t\t<a role=\"button\" aria-label=\"Previous slide\" class=\"swiper-button-prev swiper-arrow-button dmpro-sbp0 et-pb-arrow-prev\" data-icon=\"\ue03b\"><\/a>\n\t\t\t\t <a role=\"button\" aria-label=\"Next slide\" class=\"swiper-button-next swiper-arrow-button dmpro-sbn0 et-pb-arrow-next\" data-icon=\"\ue03c\"><\/a> \n                 \n                <div class=\"swiper swiper-dmpro-container\">\n                    <div class=\"swiper-wrapper dmpro-carousel-wrapper\">\n                        <div class=\"et_pb_module et_d4_element dmpro_carousel_child dmpro_carousel_child_0\">\n\t\t\t\t\n\t\t\t\t\n\t\t\t\t\n\t\t\t\t\n\t\t\t\t\n\t\t\t\t\n\t\t\t\t<div class=\"et_pb_module_inner\">\n\t\t\t\t\t\n            <div class=\"dmpro-carousel-child-wrapper\">\n                <div class=\"dmpro-image-wrap\"><span class=\"dmpro-carousel-image\">\n                    <img decoding=\"async\" src=\"https:\/\/franotech.com\/wp-content\/uploads\/2025\/09\/AiO-Kfz-Kombitasche-Start-640x640-1.jpg\" alt=\"\" >\n                <\/span><\/div>\n                \n            <\/div>\n\t\t\t\t<\/div>\n\t\t\t<\/div><div class=\"et_pb_module et_d4_element dmpro_carousel_child dmpro_carousel_child_1\">\n\t\t\t\t\n\t\t\t\t\n\t\t\t\t\n\t\t\t\t\n\t\t\t\t\n\t\t\t\t\n\t\t\t\t<div class=\"et_pb_module_inner\">\n\t\t\t\t\t\n            <div class=\"dmpro-carousel-child-wrapper\">\n                <div class=\"dmpro-image-wrap\"><span class=\"dmpro-carousel-image\">\n                    <img decoding=\"async\" src=\"https:\/\/franotech.com\/wp-content\/uploads\/2025\/09\/6kombi-schwar.jpg\" alt=\"\" >\n                <\/span><\/div>\n                \n            <\/div>\n\t\t\t\t<\/div>\n\t\t\t<\/div><div class=\"et_pb_module et_d4_element dmpro_carousel_child dmpro_carousel_child_2\">\n\t\t\t\t\n\t\t\t\t\n\t\t\t\t\n\t\t\t\t\n\t\t\t\t\n\t\t\t\t\n\t\t\t\t<div class=\"et_pb_module_inner\">\n\t\t\t\t\t\n            <div class=\"dmpro-carousel-child-wrapper\">\n                <div class=\"dmpro-image-wrap\"><span class=\"dmpro-carousel-image\">\n                    <img decoding=\"async\" src=\"https:\/\/franotech.com\/wp-content\/uploads\/2025\/09\/5kombi-schwar.jpg\" alt=\"\" >\n                <\/span><\/div>\n                \n            <\/div>\n\t\t\t\t<\/div>\n\t\t\t<\/div><div class=\"et_pb_module et_d4_element dmpro_carousel_child dmpro_carousel_child_3\">\n\t\t\t\t\n\t\t\t\t\n\t\t\t\t\n\t\t\t\t\n\t\t\t\t\n\t\t\t\t\n\t\t\t\t<div class=\"et_pb_module_inner\">\n\t\t\t\t\t\n            <div class=\"dmpro-carousel-child-wrapper\">\n                <div class=\"dmpro-image-wrap\"><span class=\"dmpro-carousel-image\">\n                    <img decoding=\"async\" src=\"https:\/\/franotech.com\/wp-content\/uploads\/2025\/09\/3kombi-schwar.jpg\" alt=\"\" >\n                <\/span><\/div>\n                \n            <\/div>\n\t\t\t\t<\/div>\n\t\t\t<\/div><div class=\"et_pb_module et_d4_element dmpro_carousel_child dmpro_carousel_child_4\">\n\t\t\t\t\n\t\t\t\t\n\t\t\t\t\n\t\t\t\t\n\t\t\t\t\n\t\t\t\t\n\t\t\t\t<div class=\"et_pb_module_inner\">\n\t\t\t\t\t\n            <div class=\"dmpro-carousel-child-wrapper\">\n                <div class=\"dmpro-image-wrap\"><span class=\"dmpro-carousel-image\">\n                    <img decoding=\"async\" src=\"https:\/\/franotech.com\/wp-content\/uploads\/2025\/09\/4kombi-schwar.jpg\" alt=\"\" >\n                <\/span><\/div>\n                \n            <\/div>\n\t\t\t\t<\/div>\n\t\t\t<\/div>\n                    <\/div>\n                <\/div>\n                \n            <\/div>\n\t\t\t\t<\/div>\n\t\t\t<\/div><div class=\"et_pb_module et_d4_element dmpro_carousel dmpro_carousel_1\">\n\t\t\t\t\n\t\t\t\t\n\t\t\t\t\n\t\t\t\t\n\t\t\t\t\n\t\t\t\t\n\t\t\t\t<div class=\"et_pb_module_inner\">\n\t\t\t\t\t<style><\/style>\n            <div class=\"dmpro-carousel-main\" aria-roledescription=\"carousel\" data-columnsdesktop='4' data-columnstablet='2' data-columnsphone='1' data-spacebetween='30' data-spacebetween_tablet='30' data-spacebetween_phone='30' data-loop='off' data-speed='500' data-navigation='off' data-pagination='off' data-autoplay='off' data-autoplayspeed='5000' data-pauseonhover='on' data-effect='slide' data-rotate='50' data-dynamicbullets='on' data-ordernumber='1' data-centered='on' data-shadow='true' data-a11y-prevslidemessage='Previous slide' data-a11y-nextslidemessage='Next slide' data-a11y-firstslidemessage='This is the first slide' data-a11y-lastslidemessage='This is the last slide' data-a11y-paginationbulletmessage='Go to slide {{index}}' data-a11y-slidelabelmessage='{{index}} \/ {{slidesLength}}'>\n\t\t\t\t\n                <div class=\"swiper swiper-dmpro-container\">\n                    <div class=\"swiper-wrapper dmpro-carousel-wrapper\">\n                        \n                    <\/div>\n                <\/div>\n                \n            <\/div>\n\t\t\t\t<\/div>\n\t\t\t<\/div><\/div><\/div><div class=\"et_pb_row_2 et_pb_row et_block_row\"><div class=\"et_pb_column_3 et_pb_column et_pb_column_4_4 et-last-child et_block_column et_pb_css_mix_blend_mode_passthrough\"><div class=\"et_pb_divider_0 et_pb_divider et_pb_space et_pb_divider_position_top et_pb_module\"><div class=\"et_pb_divider_internal\"><\/div><\/div><\/div><\/div><div class=\"et_pb_row_3 et_pb_row et_pb_equal_columns et_block_row\"><div class=\"et_pb_column_4 et_pb_column et_pb_column_2_5 et_block_column et_pb_css_mix_blend_mode_passthrough\"><div class=\"et_pb_module et_d4_element dmpro_carousel dmpro_carousel_2\">\n\t\t\t\t\n\t\t\t\t\n\t\t\t\t\n\t\t\t\t\n\t\t\t\t\n\t\t\t\t\n\t\t\t\t<div class=\"et_pb_module_inner\">\n\t\t\t\t\t<style>.dmpro_carousel_2 .dmpro-carousel-main .swiper-button-next:before { content: attr(data-icon);}.dmpro_carousel_2 .dmpro-carousel-main .swiper-button-prev:before { content: attr(data-icon);}<\/style>\n            <div class=\"dmpro-carousel-main\" aria-roledescription=\"carousel\" data-columnsdesktop='1' data-columnstablet='1' data-columnsphone='1' data-spacebetween='30' data-spacebetween_tablet='30' data-spacebetween_phone='30' data-loop='on' data-speed='1201' data-navigation='on' data-pagination='off' data-autoplay='on' data-autoplayspeed='5000' data-pauseonhover='on' data-effect='coverflow' data-rotate='50' data-dynamicbullets='on' data-ordernumber='2' data-centered='on' data-shadow='false' data-a11y-prevslidemessage='Previous slide' data-a11y-nextslidemessage='Next slide' data-a11y-firstslidemessage='This is the first slide' data-a11y-lastslidemessage='This is the last slide' data-a11y-paginationbulletmessage='Go to slide {{index}}' data-a11y-slidelabelmessage='{{index}} \/ {{slidesLength}}'>\n\t\t\t\t<a role=\"button\" aria-label=\"Previous slide\" class=\"swiper-button-prev swiper-arrow-button dmpro-sbp2 et-pb-arrow-prev\" data-icon=\"\ue03b\"><\/a>\n\t\t\t\t <a role=\"button\" aria-label=\"Next slide\" class=\"swiper-button-next swiper-arrow-button dmpro-sbn2 et-pb-arrow-next\" data-icon=\"\ue03c\"><\/a> \n                 \n                <div class=\"swiper swiper-dmpro-container\">\n                    <div class=\"swiper-wrapper dmpro-carousel-wrapper\">\n                        <div class=\"et_pb_module et_d4_element dmpro_carousel_child dmpro_carousel_child_5\">\n\t\t\t\t\n\t\t\t\t\n\t\t\t\t\n\t\t\t\t\n\t\t\t\t\n\t\t\t\t\n\t\t\t\t<div class=\"et_pb_module_inner\">\n\t\t\t\t\t\n            <div class=\"dmpro-carousel-child-wrapper\">\n                <div class=\"dmpro-image-wrap\"><span class=\"dmpro-carousel-image\">\n                    <img decoding=\"async\" src=\"https:\/\/franotech.com\/wp-content\/uploads\/2025\/09\/Nanotaschen-Webpage-640x640-1.jpg\" alt=\"\" >\n                <\/span><\/div>\n                \n            <\/div>\n\t\t\t\t<\/div>\n\t\t\t<\/div><div class=\"et_pb_module et_d4_element dmpro_carousel_child dmpro_carousel_child_6\">\n\t\t\t\t\n\t\t\t\t\n\t\t\t\t\n\t\t\t\t\n\t\t\t\t\n\t\t\t\t\n\t\t\t\t<div class=\"et_pb_module_inner\">\n\t\t\t\t\t\n            <div class=\"dmpro-carousel-child-wrapper\">\n                <div class=\"dmpro-image-wrap\"><span class=\"dmpro-carousel-image\">\n                    <img decoding=\"async\" src=\"https:\/\/franotech.com\/wp-content\/uploads\/2025\/09\/6nano-schwarz.jpg\" alt=\"\" >\n                <\/span><\/div>\n                \n            <\/div>\n\t\t\t\t<\/div>\n\t\t\t<\/div><div class=\"et_pb_module et_d4_element dmpro_carousel_child dmpro_carousel_child_7\">\n\t\t\t\t\n\t\t\t\t\n\t\t\t\t\n\t\t\t\t\n\t\t\t\t\n\t\t\t\t\n\t\t\t\t<div class=\"et_pb_module_inner\">\n\t\t\t\t\t\n            <div class=\"dmpro-carousel-child-wrapper\">\n                <div class=\"dmpro-image-wrap\"><span class=\"dmpro-carousel-image\">\n                    <img decoding=\"async\" src=\"https:\/\/franotech.com\/wp-content\/uploads\/2025\/09\/5nano-schwarz.jpg\" alt=\"\" >\n                <\/span><\/div>\n                \n            <\/div>\n\t\t\t\t<\/div>\n\t\t\t<\/div><div class=\"et_pb_module et_d4_element dmpro_carousel_child dmpro_carousel_child_8\">\n\t\t\t\t\n\t\t\t\t\n\t\t\t\t\n\t\t\t\t\n\t\t\t\t\n\t\t\t\t\n\t\t\t\t<div class=\"et_pb_module_inner\">\n\t\t\t\t\t\n            <div class=\"dmpro-carousel-child-wrapper\">\n                <div class=\"dmpro-image-wrap\"><span class=\"dmpro-carousel-image\">\n                    <img decoding=\"async\" src=\"https:\/\/franotech.com\/wp-content\/uploads\/2025\/09\/3nano-schwarz.jpg\" alt=\"\" >\n                <\/span><\/div>\n                \n            <\/div>\n\t\t\t\t<\/div>\n\t\t\t<\/div><div class=\"et_pb_module et_d4_element dmpro_carousel_child dmpro_carousel_child_9\">\n\t\t\t\t\n\t\t\t\t\n\t\t\t\t\n\t\t\t\t\n\t\t\t\t\n\t\t\t\t\n\t\t\t\t<div class=\"et_pb_module_inner\">\n\t\t\t\t\t\n            <div class=\"dmpro-carousel-child-wrapper\">\n                <div class=\"dmpro-image-wrap\"><span class=\"dmpro-carousel-image\">\n                    <img decoding=\"async\" src=\"https:\/\/franotech.com\/wp-content\/uploads\/2025\/09\/4nano-schwarz.jpg\" alt=\"\" >\n                <\/span><\/div>\n                \n            <\/div>\n\t\t\t\t<\/div>\n\t\t\t<\/div>\n                    <\/div>\n                <\/div>\n                \n            <\/div>\n\t\t\t\t<\/div>\n\t\t\t<\/div><\/div><div class=\"et_pb_column_5 et_pb_column et_pb_column_3_5 et-last-child et_block_column et_pb_css_mix_blend_mode_passthrough\"><div class=\"et_pb_text_3 et_pb_text et_pb_bg_layout_light et_pb_module et_block_module\"><div class=\"et_pb_text_inner\"><p style=\"text-align: center;\"><strong>El cl\u00e1sico, pero m\u00e1s peque\u00f1o.<\/strong><\/p>\n<p style=\"text-align: left;\">En t\u00e9rminos de funcionalidad, la nano bolsa no tiene nada que envidiar a la bolsa combi. Sin embargo, gracias a un tri\u00e1ngulo de advertencia plegable patentado, la nano bolsa tiene la mitad de tama\u00f1o que la bolsa combi. <\/p>\n<p>Por supuesto, el tri\u00e1ngulo de se\u00f1alizaci\u00f3n plegable tambi\u00e9n ha sido normalizado por nosotros y probado en el t\u00fanel de viento. Especialmente en el caso de los tri\u00e1ngulos de se\u00f1alizaci\u00f3n plegables, es importante recurrir \u00fanicamente a un fabricante con certificaci\u00f3n ISO como nosotros, ya que las imitaciones de estos tri\u00e1ngulos de se\u00f1alizaci\u00f3n est\u00e1n hechas de materiales de calidad inferior y se los llevan los camiones que pasan. <\/p>\n<p>Dimensiones: 22 cm x 10 cm x 13 cm Peso: 1065 g<\/p>\n<\/div><\/div><\/div><\/div><div class=\"et_pb_row_4 et_pb_row et_block_row\"><div class=\"et_pb_column_6 et_pb_column et_pb_column_4_4 et-last-child et_block_column et_pb_css_mix_blend_mode_passthrough\"><div class=\"et_pb_divider_1 et_pb_divider et_pb_space et_pb_divider_position_top et_pb_module\"><div class=\"et_pb_divider_internal\"><\/div><\/div><\/div><\/div><div class=\"et_pb_row_5 et_pb_row et_pb_equal_columns et_block_row\"><div class=\"et_pb_column_7 et_pb_column et_pb_column_3_5 et_block_column et_pb_css_mix_blend_mode_passthrough\"><div class=\"et_pb_text_4 et_pb_text et_pb_bg_layout_light et_pb_module et_block_module\"><div class=\"et_pb_text_inner\"><p style=\"text-align: center;\"><strong>La Norma<\/strong><\/p>\n<p style=\"text-align: left;\">Nuestras bolsas de primeros auxilios est\u00e1n fabricadas con tejido de nailon repelente al agua y tienen correas de velcro cosidas a la parte posterior para que la bolsa pueda fijarse f\u00e1cilmente al interior del veh\u00edculo.<\/p>\n<p>Como el material del vendaje se envasa por separado, puede sustituirse f\u00e1cilmente una vez pasada la fecha de caducidad. Gracias a los materiales de alta calidad utilizados, la vida \u00fatil m\u00ednima de nuestras vendas es de 5 a\u00f1os. Ten en cuenta que a\u00fan necesitas un tri\u00e1ngulo de advertencia para cumplir todos los puntos del StVZO.  <\/p>\n<p>Por supuesto, la bolsa de primeros auxilios de 2 piezas tambi\u00e9n est\u00e1 disponible como bolsa de primeros auxilios de 1 pieza que s\u00f3lo contiene el material de primeros auxilios.<\/p>\n<p>Dimensiones: 20 cm x 6 cm x 12 cm Peso: 420 g<\/p>\n<\/div><\/div><\/div><div class=\"et_pb_column_8 et_pb_column et_pb_column_2_5 et-last-child et_block_column et_pb_css_mix_blend_mode_passthrough\"><div class=\"et_pb_module et_d4_element dmpro_carousel dmpro_carousel_3\">\n\t\t\t\t\n\t\t\t\t\n\t\t\t\t\n\t\t\t\t\n\t\t\t\t\n\t\t\t\t\n\t\t\t\t<div class=\"et_pb_module_inner\">\n\t\t\t\t\t<style>.dmpro_carousel_3 .dmpro-carousel-main .swiper-button-next:before { content: attr(data-icon);}.dmpro_carousel_3 .dmpro-carousel-main .swiper-button-prev:before { content: attr(data-icon);}<\/style>\n            <div class=\"dmpro-carousel-main\" aria-roledescription=\"carousel\" data-columnsdesktop='1' data-columnstablet='1' data-columnsphone='1' data-spacebetween='30' data-spacebetween_tablet='30' data-spacebetween_phone='30' data-loop='on' data-speed='1201' data-navigation='on' data-pagination='off' data-autoplay='on' data-autoplayspeed='5000' data-pauseonhover='on' data-effect='coverflow' data-rotate='50' data-dynamicbullets='on' data-ordernumber='3' data-centered='on' data-shadow='false' data-a11y-prevslidemessage='Previous slide' data-a11y-nextslidemessage='Next slide' data-a11y-firstslidemessage='This is the first slide' data-a11y-lastslidemessage='This is the last slide' data-a11y-paginationbulletmessage='Go to slide {{index}}' data-a11y-slidelabelmessage='{{index}} \/ {{slidesLength}}'>\n\t\t\t\t<a role=\"button\" aria-label=\"Previous slide\" class=\"swiper-button-prev swiper-arrow-button dmpro-sbp3 et-pb-arrow-prev\" data-icon=\"\ue03b\"><\/a>\n\t\t\t\t <a role=\"button\" aria-label=\"Next slide\" class=\"swiper-button-next swiper-arrow-button dmpro-sbn3 et-pb-arrow-next\" data-icon=\"\ue03c\"><\/a> \n                 \n                <div class=\"swiper swiper-dmpro-container\">\n                    <div class=\"swiper-wrapper dmpro-carousel-wrapper\">\n                        <div class=\"et_pb_module et_d4_element dmpro_carousel_child dmpro_carousel_child_10\">\n\t\t\t\t\n\t\t\t\t\n\t\t\t\t\n\t\t\t\t\n\t\t\t\t\n\t\t\t\t\n\t\t\t\t<div class=\"et_pb_module_inner\">\n\t\t\t\t\t\n            <div class=\"dmpro-carousel-child-wrapper\">\n                <div class=\"dmpro-image-wrap\"><span class=\"dmpro-carousel-image\">\n                    <img decoding=\"async\" src=\"https:\/\/franotech.com\/wp-content\/uploads\/2025\/09\/Verbandtaschen-Web-Page-640x640-1.jpg\" alt=\"\" >\n                <\/span><\/div>\n                \n            <\/div>\n\t\t\t\t<\/div>\n\t\t\t<\/div><div class=\"et_pb_module et_d4_element dmpro_carousel_child dmpro_carousel_child_11\">\n\t\t\t\t\n\t\t\t\t\n\t\t\t\t\n\t\t\t\t\n\t\t\t\t\n\t\t\t\t\n\t\t\t\t<div class=\"et_pb_module_inner\">\n\t\t\t\t\t\n            <div class=\"dmpro-carousel-child-wrapper\">\n                <div class=\"dmpro-image-wrap\"><span class=\"dmpro-carousel-image\">\n                    <img decoding=\"async\" src=\"https:\/\/franotech.com\/wp-content\/uploads\/2025\/09\/6verband-schw.jpg\" alt=\"\" >\n                <\/span><\/div>\n                \n            <\/div>\n\t\t\t\t<\/div>\n\t\t\t<\/div><div class=\"et_pb_module et_d4_element dmpro_carousel_child dmpro_carousel_child_12\">\n\t\t\t\t\n\t\t\t\t\n\t\t\t\t\n\t\t\t\t\n\t\t\t\t\n\t\t\t\t\n\t\t\t\t<div class=\"et_pb_module_inner\">\n\t\t\t\t\t\n            <div class=\"dmpro-carousel-child-wrapper\">\n                <div class=\"dmpro-image-wrap\"><span class=\"dmpro-carousel-image\">\n                    <img decoding=\"async\" src=\"https:\/\/franotech.com\/wp-content\/uploads\/2025\/09\/5verband-schw.jpg\" alt=\"\" >\n                <\/span><\/div>\n                \n            <\/div>\n\t\t\t\t<\/div>\n\t\t\t<\/div><div class=\"et_pb_module et_d4_element dmpro_carousel_child dmpro_carousel_child_13\">\n\t\t\t\t\n\t\t\t\t\n\t\t\t\t\n\t\t\t\t\n\t\t\t\t\n\t\t\t\t\n\t\t\t\t<div class=\"et_pb_module_inner\">\n\t\t\t\t\t\n            <div class=\"dmpro-carousel-child-wrapper\">\n                <div class=\"dmpro-image-wrap\"><span class=\"dmpro-carousel-image\">\n                    <img decoding=\"async\" src=\"https:\/\/franotech.com\/wp-content\/uploads\/2025\/09\/3verband-schw.jpg\" alt=\"\" >\n                <\/span><\/div>\n                \n            <\/div>\n\t\t\t\t<\/div>\n\t\t\t<\/div><div class=\"et_pb_module et_d4_element dmpro_carousel_child dmpro_carousel_child_14\">\n\t\t\t\t\n\t\t\t\t\n\t\t\t\t\n\t\t\t\t\n\t\t\t\t\n\t\t\t\t\n\t\t\t\t<div class=\"et_pb_module_inner\">\n\t\t\t\t\t\n            <div class=\"dmpro-carousel-child-wrapper\">\n                <div class=\"dmpro-image-wrap\"><span class=\"dmpro-carousel-image\">\n                    <img decoding=\"async\" src=\"https:\/\/franotech.com\/wp-content\/uploads\/2025\/09\/4verband-schw.jpg\" alt=\"\" >\n                <\/span><\/div>\n                \n            <\/div>\n\t\t\t\t<\/div>\n\t\t\t<\/div>\n                    <\/div>\n                <\/div>\n                \n            <\/div>\n\t\t\t\t<\/div>\n\t\t\t<\/div><\/div><\/div><div class=\"et_pb_row_6 et_pb_row et_block_row\"><div class=\"et_pb_column_9 et_pb_column et_pb_column_4_4 et-last-child et_block_column et_pb_css_mix_blend_mode_passthrough\"><div class=\"et_pb_divider_2 et_pb_divider et_pb_space et_pb_divider_position_top et_pb_module\"><div class=\"et_pb_divider_internal\"><\/div><\/div><\/div><\/div><div class=\"et_pb_row_7 et_pb_row et_block_row\"><div class=\"et_pb_column_10 et_pb_column et_pb_column_4_4 et-last-child et_block_column et_pb_css_mix_blend_mode_passthrough\"><div class=\"et_pb_text_5 et_pb_text et_pb_bg_layout_light et_pb_module et_block_module\"><div class=\"et_pb_text_inner\"><h4 style=\"text-align: center;\"><strong>Todas nuestras bolsas combi, nano bolsas combi o bolsas de primeros auxilios vienen con :<\/strong><\/h4>\n<h4 style=\"text-align: center;\"><strong>2 cintas de velcro y una gu\u00eda r\u00e1pida de emergencia en la parte posterior<\/strong><\/h4>\n<\/div><\/div><\/div><\/div><div class=\"et_pb_row_8 et_pb_row et_pb_equal_columns et_block_row\"><div class=\"et_pb_column_11 et_pb_column et_pb_column_1_2 et_block_column et_pb_css_mix_blend_mode_passthrough\"><div class=\"et_pb_image_0 et_pb_image et_pb_module et_block_module\"><span class=\"et_pb_image_wrap\"><img loading=\"lazy\" decoding=\"async\" src=\"https:\/\/franotech.com\/wp-content\/uploads\/2025\/09\/Kombitasche-Rot-4.jpg\" width=\"2000\" height=\"2000\" srcset=\"https:\/\/franotech.com\/wp-content\/uploads\/2025\/09\/Kombitasche-Rot-4.jpg 2000w, https:\/\/franotech.com\/wp-content\/uploads\/2025\/09\/Kombitasche-Rot-4-1280x1280.jpg 1280w, https:\/\/franotech.com\/wp-content\/uploads\/2025\/09\/Kombitasche-Rot-4-980x980.jpg 980w, https:\/\/franotech.com\/wp-content\/uploads\/2025\/09\/Kombitasche-Rot-4-480x480.jpg 480w\" sizes=\"(min-width: 0px) and (max-width: 480px) 480px, (min-width: 481px) and (max-width: 980px) 980px, (min-width: 981px) and (max-width: 1280px) 1280px, (min-width: 1281px) 2000px, 100vw\" class=\"wp-image-1378538\" title=\"Bolsa combinada roja 4\" \/><\/span><\/div><\/div><div class=\"et_pb_column_12 et_pb_column et_pb_column_1_2 et-last-child et_block_column et_pb_css_mix_blend_mode_passthrough\"><div class=\"et_pb_image_1 et_pb_image et_pb_module et_block_module\"><span class=\"et_pb_image_wrap\"><img loading=\"lazy\" decoding=\"async\" src=\"https:\/\/franotech.com\/wp-content\/uploads\/2025\/09\/Schnell-Notfallanleitung-640x640-1.png\" width=\"640\" height=\"640\" srcset=\"https:\/\/franotech.com\/wp-content\/uploads\/2025\/09\/Schnell-Notfallanleitung-640x640-1.png 640w, https:\/\/franotech.com\/wp-content\/uploads\/2025\/09\/Schnell-Notfallanleitung-640x640-1-480x480.png 480w\" sizes=\"(min-width: 0px) and (max-width: 480px) 480px, (min-width: 481px) 640px, 100vw\" class=\"wp-image-1378531\" title=\"Instrucciones r\u00e1pidas de emergencia 640x640\" \/><\/span><\/div><\/div><\/div><\/div>\n","protected":false},"excerpt":{"rendered":"","protected":false},"author":1,"featured_media":0,"parent":0,"menu_order":0,"comment_status":"closed","ping_status":"closed","template":"","meta":{"_et_pb_use_builder":"on","_et_pb_old_content":"","_et_gb_content_width":"","footnotes":""},"class_list":["post-1379499","page","type-page","status-publish","hentry"],"ams_acf":[],"_links":{"self":[{"href":"https:\/\/franotech.com\/es\/wp-json\/wp\/v2\/pages\/1379499","targetHints":{"allow":["GET"]}}],"collection":[{"href":"https:\/\/franotech.com\/es\/wp-json\/wp\/v2\/pages"}],"about":[{"href":"https:\/\/franotech.com\/es\/wp-json\/wp\/v2\/types\/page"}],"author":[{"embeddable":true,"href":"https:\/\/franotech.com\/es\/wp-json\/wp\/v2\/users\/1"}],"replies":[{"embeddable":true,"href":"https:\/\/franotech.com\/es\/wp-json\/wp\/v2\/comments?post=1379499"}],"version-history":[{"count":9,"href":"https:\/\/franotech.com\/es\/wp-json\/wp\/v2\/pages\/1379499\/revisions"}],"predecessor-version":[{"id":1380871,"href":"https:\/\/franotech.com\/es\/wp-json\/wp\/v2\/pages\/1379499\/revisions\/1380871"}],"wp:attachment":[{"href":"https:\/\/franotech.com\/es\/wp-json\/wp\/v2\/media?parent=1379499"}],"curies":[{"name":"wp","href":"https:\/\/api.w.org\/{rel}","templated":true}]}}