{"id":1376479,"date":"2025-05-20T09:23:40","date_gmt":"2025-05-20T08:23:40","guid":{"rendered":"https:\/\/franotech.com\/start\/"},"modified":"2026-02-27T07:40:19","modified_gmt":"2026-02-27T06:40:19","slug":"start","status":"publish","type":"page","link":"https:\/\/franotech.com\/et\/","title":{"rendered":"start"},"content":{"rendered":"\n<div class=\"et_pb_section_0 et_pb_section et_section_regular et_block_section et_animated\"><div class=\"et_pb_row_0 et_pb_row et_block_row\"><div class=\"et_pb_column_0 et_pb_column et_pb_column_4_4 et-last-child et_block_column et_pb_css_mix_blend_mode_passthrough\"><div class=\"et_pb_text_0 et_pb_text et_pb_bg_layout_dark et_pb_module et_block_module et_pb_text_align_center\"><div class=\"et_pb_text_inner\"><h1>Spetsialist<br \/>N\u00e4htavus ja ohutus<\/h1>\n<p>Tipphinnad, tippkvaliteet ja kiire tarne kogu Euroopas<\/p>\n<\/div><\/div><div class=\"et_pb_module et_pb_button_module_wrapper et_pb_button_0_wrapper\"><a class=\"et_pb_button_0 et_pb_button et_pb_bg_layout_dark et_pb_module et_block_module\" href=\"https:\/\/franotech.com\/wholesale\/\">Edasim\u00fc\u00fcja kauplusesse<\/a><\/div><\/div><\/div><\/div><div class=\"et_pb_section_1 et_pb_section et_section_regular et_block_section\"><div class=\"et_pb_row_1 et_pb_row et_block_row\"><div class=\"et_pb_column_1 et_pb_column et_pb_column_4_4 et-last-child et_block_column et_pb_css_mix_blend_mode_passthrough\"><div class=\"et_pb_heading_0 et_pb_heading et_pb_module et_block_module\"><div class=\"et_pb_heading_container\"><h1 class=\"et_pb_module_header\">\u00dclevaade meie toodetest<\/h1><\/div><\/div><\/div><\/div><div class=\"et_pb_row_2 et_pb_row et_pb_equal_columns et_block_row\"><div class=\"et_pb_column_2 et_pb_column et_pb_column_1_2 et_block_column et_pb_css_mix_blend_mode_passthrough\"><div class=\"et_pb_text_1 et_pb_text et_pb_bg_layout_light et_pb_module et_block_module\"><div class=\"et_pb_text_inner\"><h2>Esmaabikotid<\/h2>\n<\/div><\/div><div class=\"et_pb_text_2 et_pb_text et_pb_bg_layout_light et_pb_module et_block_module\"><div class=\"et_pb_text_inner\"><p>Esmaabikotid on saadaval 1-osalistena ainult esmaabimaterjaliga, 2-osalistena esmaabimaterjali ja n\u00e4htavate vestidega ning 3-osalistena esmaabimaterjali, n\u00e4htavate vestide ja hoiatuskolmnurgaga. Optimaalse \u00f5iguskindluse tagamiseks pakume teile alati uusimaid standardeid: <br \/><strong>Sidematerjal vastavalt viimasele standardile 13164 DIN<br \/><\/strong>-Hoiatusvest <strong> vastavalt viimasele <span>standardile EN ISO 20471<br \/><\/span><\/strong>-Hoiatuskolmnurk <strong> vastavalt viimasele standardile 27R E<br \/><\/strong>T\u00e4nu meie kiirele lao k\u00e4ibele on meil alati olemas sidematerjalide viimased s\u00e4ilivusajadused. Tagame oma edasim\u00fc\u00fcjatele v\u00e4hemalt 5-aastase s\u00e4ilivusaja alates tellimuse esitamise kuup\u00e4evast. <br \/><strong>N\u00dc\u00dcD V\u00c4RVILISE LOGOGA DIGITAALTR\u00dcKIGA SAMA HINNAGA!<\/strong><\/p>\n<\/div><\/div><div class=\"et_pb_module et_pb_button_module_wrapper et_pb_button_1_wrapper\"><a class=\"et_pb_button_1 et_pb_button et_pb_bg_layout_dark et_pb_module et_block_module\" href=\"https:\/\/franotech.com\/wholesale\/\">Telli n\u00fc\u00fcd oma ettev\u00f5tte logoga<\/a><\/div><\/div><div class=\"et_pb_column_3 et_pb_column et_pb_column_1_2 et-last-child et_block_column et_pb_css_mix_blend_mode_passthrough\"><div class=\"et_pb_image_0 et_pb_image et_pb_module et_block_module\"><span class=\"et_pb_image_wrap\"><img loading=\"lazy\" decoding=\"async\" src=\"https:\/\/franotech.com\/wp-content\/uploads\/2025\/09\/All-in-One-Kfz-Kombitasche-Start-page-1.jpg\" width=\"800\" height=\"533\" srcset=\"https:\/\/franotech.com\/wp-content\/uploads\/2025\/09\/All-in-One-Kfz-Kombitasche-Start-page-1.jpg 800w, https:\/\/franotech.com\/wp-content\/uploads\/2025\/09\/All-in-One-Kfz-Kombitasche-Start-page-1-480x320.jpg 480w\" sizes=\"(min-width: 0px) and (max-width: 480px) 480px, (min-width: 481px) 800px, 100vw\" class=\"wp-image-1378789\" title=\"K\u00f5ik \u00fches autokomplektis kott Algusleht\" \/><\/span><\/div><\/div><\/div><div class=\"et_pb_row_3 et_pb_row et_pb_equal_columns et_block_row\"><div class=\"et_pb_column_4 et_pb_column et_pb_column_1_2 et_block_column et_pb_css_mix_blend_mode_passthrough\"><div class=\"et_pb_image_1 et_pb_image et_pb_module et_block_module\"><span class=\"et_pb_image_wrap\"><img loading=\"lazy\" decoding=\"async\" src=\"https:\/\/franotech.com\/wp-content\/uploads\/2025\/05\/wipers.jpg\" width=\"800\" height=\"533\" srcset=\"https:\/\/franotech.com\/wp-content\/uploads\/2025\/05\/wipers.jpg 800w, https:\/\/franotech.com\/wp-content\/uploads\/2025\/05\/wipers-480x320.jpg 480w\" sizes=\"(min-width: 0px) and (max-width: 480px) 480px, (min-width: 481px) 800px, 100vw\" class=\"wp-image-1376077\" title=\"klaasipuhastid\" \/><\/span><\/div><\/div><div class=\"et_pb_column_5 et_pb_column et_pb_column_1_2 et-last-child et_block_column et_pb_css_mix_blend_mode_passthrough\"><div class=\"et_pb_text_3 et_pb_text et_pb_bg_layout_light et_pb_module et_block_module\"><div class=\"et_pb_text_inner\"><h2>Klaasipuhasti<\/h2>\n<\/div><\/div><div class=\"et_pb_text_4 et_pb_text et_pb_bg_layout_light et_pb_module et_block_module\"><div class=\"et_pb_text_inner\"><p>K\u00f5rge kontaktsurve ja kvaliteetne kummist huul v\u00f5imaldab meie klaasipuhastitel liugelda \u00fcle tuuleklaasi ja tagada ohutu s\u00f5itmine ka tugevas vihmas. T\u00e4nu meie modulaarsele adapteris\u00fcsteemile saavad edasim\u00fc\u00fcjad oma varusid oluliselt v\u00e4hendada ja mugavalt pikkuse j\u00e4rgi tellida. Lihtsalt valige \u00f5ige klaasipuhasti pikkus ja kinnitage sobiv adapter, selle asemel et tellida klaasipuhasti vastavalt s\u00f5iduki mudelile.  <\/p>\n<\/div><\/div><div class=\"et_pb_module et_pb_button_module_wrapper et_pb_button_2_wrapper\"><a class=\"et_pb_button_2 et_pb_button et_pb_bg_layout_dark et_pb_module et_block_module\" href=\"https:\/\/franotech.com\/wholesale\/\">Tellige klaasipuhastid pikkuse j\u00e4rgi n\u00fc\u00fcd<\/a><\/div><\/div><\/div><div class=\"et_pb_row_4 et_pb_row et_pb_equal_columns et_block_row\"><div class=\"et_pb_column_6 et_pb_column et_pb_column_1_2 et_block_column et_pb_css_mix_blend_mode_passthrough\"><div class=\"et_pb_text_5 et_pb_text et_pb_bg_layout_light et_pb_module et_block_module\"><div class=\"et_pb_text_inner\"><h2>S\u00f5iduki laternad<\/h2>\n<\/div><\/div><div class=\"et_pb_text_6 et_pb_text et_pb_bg_layout_light et_pb_module et_block_module\"><div class=\"et_pb_text_inner\"><p>Pakume k\u00f5igi aluse t\u00fc\u00fcpide lampe parima hinnaga. Kuna meie konkurentidel on sageli probleeme lampidega, mis on tingitud odava Hiina impordi t\u00f5ttu, siis meie toetume kvaliteetsele t\u00f6\u00f6tlemisele Koreast, et pakkuda oma edasim\u00fc\u00fcja klientidele vastupidavaid ja kvaliteetseid lampe.<br \/>Oleme hiljuti alustanud LED-lampide pakkumist paljudele s\u00f5idukimudelitele. <\/p>\n<\/div><\/div><div class=\"et_pb_module et_pb_button_module_wrapper et_pb_button_3_wrapper\"><a class=\"et_pb_button_3 et_pb_button et_pb_bg_layout_dark et_pb_module et_block_module\" href=\"https:\/\/franotech.com\/wholesale\/\">Tellige n\u00fc\u00fcd halogeen-, ksenoon- v\u00f5i uusimaid LED-lampe.<\/a><\/div><\/div><div class=\"et_pb_column_7 et_pb_column et_pb_column_1_2 et-last-child et_block_column et_pb_css_mix_blend_mode_passthrough\"><div class=\"et_pb_image_2 et_pb_image et_pb_module et_block_module\"><span class=\"et_pb_image_wrap\"><img loading=\"lazy\" decoding=\"async\" src=\"https:\/\/franotech.com\/wp-content\/uploads\/2025\/05\/car-light.jpg\" width=\"800\" height=\"533\" srcset=\"https:\/\/franotech.com\/wp-content\/uploads\/2025\/05\/car-light.jpg 800w, https:\/\/franotech.com\/wp-content\/uploads\/2025\/05\/car-light-480x320.jpg 480w\" sizes=\"(min-width: 0px) and (max-width: 480px) 480px, (min-width: 481px) 800px, 100vw\" class=\"wp-image-1376088\" title=\"autotuli\" \/><\/span><\/div><\/div><\/div><\/div><div class=\"et_pb_section_2 et_pb_section et_section_regular et_block_section\"><div class=\"et_pb_row_5 et_pb_row et_block_row\"><div class=\"et_pb_column_8 et_pb_column et_pb_column_1_3 et_block_column et_pb_css_mix_blend_mode_passthrough\"><div class=\"et_pb_blurb_0 et_pb_blurb et_pb_bg_layout_light et_pb_blurb_position_left et_animated et_pb_module et_block_module\"><div class=\"et_pb_blurb_content\"><div class=\"et_pb_main_blurb_image\"><span class=\"et_pb_image_wrap\"><span class=\"et-pb-icon et-waypoint et_pb_animation_off et_pb_animation_off_tablet et_pb_animation_off_phone\">N<\/span><\/span><\/div><div class=\"et_pb_blurb_container\"><h4 class=\"et_pb_module_header\">Mitmeaastane kogemus<\/h4><div class=\"et_pb_blurb_description\"><p>Meie ekspertide meeskond on t\u00f6\u00f6tanud n\u00e4gemis- ja turvat\u00f6\u00f6stuses aastak\u00fcmneid.<\/p>\n<\/div><\/div><\/div><\/div><\/div><div class=\"et_pb_column_9 et_pb_column et_pb_column_1_3 et_block_column et_pb_css_mix_blend_mode_passthrough\"><div class=\"et_pb_blurb_1 et_pb_blurb et_pb_bg_layout_light et_pb_blurb_position_left et_animated et_pb_module et_block_module\"><div class=\"et_pb_blurb_content\"><div class=\"et_pb_main_blurb_image\"><span class=\"et_pb_image_wrap\"><span class=\"et-pb-icon et-waypoint et_pb_animation_off et_pb_animation_off_tablet et_pb_animation_off_phone\">N<\/span><\/span><\/div><div class=\"et_pb_blurb_container\"><h4 class=\"et_pb_module_header\">\u00dcleeuroopalised tarned<\/h4><div class=\"et_pb_blurb_description\"><p>T\u00e4nu mitmele laole Euroopas saame kiiresti varustada k\u00f5iki autokauplusi, t\u00f6\u00f6kodasid jne.<\/p>\n<\/div><\/div><\/div><\/div><\/div><div class=\"et_pb_column_10 et_pb_column et_pb_column_1_3 et-last-child et_block_column et_pb_css_mix_blend_mode_passthrough\"><div class=\"et_pb_blurb_2 et_pb_blurb et_pb_bg_layout_light et_pb_blurb_position_left et_animated et_pb_module et_block_module\"><div class=\"et_pb_blurb_content\"><div class=\"et_pb_main_blurb_image\"><span class=\"et_pb_image_wrap\"><span class=\"et-pb-icon et-waypoint et_pb_animation_off et_pb_animation_off_tablet et_pb_animation_off_phone\">N<\/span><\/span><\/div><div class=\"et_pb_blurb_container\"><h4 class=\"et_pb_module_header\">Toetus<\/h4><div class=\"et_pb_blurb_description\"><p>Meie mitmekeelsed kliendikeskused pakuvad individuaalset n\u00f5ustamist ja tuge.<\/p>\n<\/div><\/div><\/div><\/div><\/div><\/div><div class=\"et_pb_row_6 et_pb_row et_block_row\"><div class=\"et_pb_column_11 et_pb_column et_pb_column_1_3 et_block_column et_pb_css_mix_blend_mode_passthrough\"><div class=\"et_pb_blurb_3 et_pb_blurb et_pb_bg_layout_light et_pb_blurb_position_left et_animated et_pb_module et_block_module\"><div class=\"et_pb_blurb_content\"><div class=\"et_pb_main_blurb_image\"><span class=\"et_pb_image_wrap\"><span class=\"et-pb-icon et-waypoint et_pb_animation_off et_pb_animation_off_tablet et_pb_animation_off_phone\">N<\/span><\/span><\/div><div class=\"et_pb_blurb_container\"><h4 class=\"et_pb_module_header\">Lai valik makseviise<\/h4><div class=\"et_pb_blurb_description\"><p>Pakume peaaegu k\u00f5iki makseviise. Alates arvel ostmisest kuni Bitcoinini. <\/p>\n<\/div><\/div><\/div><\/div><\/div><div class=\"et_pb_column_12 et_pb_column et_pb_column_1_3 et_block_column et_pb_css_mix_blend_mode_passthrough\"><div class=\"et_pb_blurb_4 et_pb_blurb et_pb_bg_layout_light et_pb_blurb_position_left et_animated et_pb_module et_block_module\"><div class=\"et_pb_blurb_content\"><div class=\"et_pb_main_blurb_image\"><span class=\"et_pb_image_wrap\"><span class=\"et-pb-icon et-waypoint et_pb_animation_off et_pb_animation_off_tablet et_pb_animation_off_phone\">N<\/span><\/span><\/div><div class=\"et_pb_blurb_container\"><h4 class=\"et_pb_module_header\">Kvaliteet on ohutus<\/h4><div class=\"et_pb_blurb_description\"><p>Kvaliteedijuhtimismeeskond teostab korrap\u00e4raselt kontrolle, et pakkuda klientidele t\u00e4iuslikku kvaliteeti.<\/p>\n<\/div><\/div><\/div><\/div><\/div><div class=\"et_pb_column_13 et_pb_column et_pb_column_1_3 et-last-child et_block_column et_pb_css_mix_blend_mode_passthrough\"><div class=\"et_pb_blurb_5 et_pb_blurb et_pb_bg_layout_light et_pb_blurb_position_left et_animated et_pb_module et_block_module\"><div class=\"et_pb_blurb_content\"><div class=\"et_pb_main_blurb_image\"><span class=\"et_pb_image_wrap\"><span class=\"et-pb-icon et-waypoint et_pb_animation_off et_pb_animation_off_tablet et_pb_animation_off_phone\">N<\/span><\/span><\/div><div class=\"et_pb_blurb_container\"><h4 class=\"et_pb_module_header\">Oma toodang<\/h4><div class=\"et_pb_blurb_description\"><p>Mitte k\u00f5ike, kuid palju toodetakse ikka veel otse Euroopas. See t\u00e4hendab, et meil ei ole suurte tellimuste puhul pikki laevateid. <\/p>\n<\/div><\/div><\/div><\/div><\/div><\/div><\/div><div class=\"et_pb_section_3 et_pb_section et_section_regular et_block_section section_has_divider et_pb_bottom_divider\"><div class=\"et_pb_row_7 et_pb_row et_block_row\"><div class=\"et_pb_column_14 et_pb_column et_pb_column_4_4 et-last-child et_block_column et_pb_css_mix_blend_mode_passthrough\"><div class=\"et_pb_text_7 et_pb_text et_pb_bg_layout_light et_pb_module et_block_module\"><div class=\"et_pb_text_inner\"><p style=\"text-align: center;\"><strong>Klientide arvamused<\/strong><\/p>\n<\/div><\/div><\/div><\/div><div class=\"et_pb_row_8 et_pb_row et_block_row\"><div class=\"et_pb_column_15 et_pb_column et_pb_column_4_4 et-last-child et_block_column et_pb_css_mix_blend_mode_passthrough\"><div class=\"et_pb_with_border et_pb_module et_d4_element dmpro_carousel dmpro_carousel_0\">\n\t\t\t\t\n\t\t\t\t\n\t\t\t\t\n\t\t\t\t\n\t\t\t\t\n\t\t\t\t\n\t\t\t\t<div class=\"et_pb_module_inner\">\n\t\t\t\t\t<style><\/style>\n            <div class=\"dmpro-carousel-main\" aria-roledescription=\"carousel\" data-columnsdesktop='3' data-columnstablet='3' data-columnsphone='3' data-spacebetween='30' data-spacebetween_tablet='30' data-spacebetween_phone='30' data-loop='on' data-speed='500' data-navigation='on' data-pagination='on' data-autoplay='on' data-autoplayspeed='5000' data-pauseonhover='off' data-effect='coverflow' data-rotate='50' data-dynamicbullets='on' data-ordernumber='0' data-centered='on' data-shadow='true' data-a11y-prevslidemessage='Previous slide' data-a11y-nextslidemessage='Next slide' data-a11y-firstslidemessage='This is the first slide' data-a11y-lastslidemessage='This is the last slide' data-a11y-paginationbulletmessage='Go to slide {{index}}' data-a11y-slidelabelmessage='{{index}} \/ {{slidesLength}}'>\n\t\t\t\t<a role=\"button\" aria-label=\"Previous slide\" class=\"swiper-button-prev swiper-arrow-button dmpro-sbp0 et-pb-arrow-prev\" ><\/a>\n\t\t\t\t <a role=\"button\" aria-label=\"Next slide\" class=\"swiper-button-next swiper-arrow-button dmpro-sbn0 et-pb-arrow-next\" ><\/a> \n                 \n                <div class=\"swiper swiper-dmpro-container\">\n                    <div class=\"swiper-wrapper dmpro-carousel-wrapper\">\n                        <div class=\"et_pb_module et_d4_element dmpro_carousel_child dmpro_carousel_child_0\">\n\t\t\t\t\n\t\t\t\t\n\t\t\t\t\n\t\t\t\t\n\t\t\t\t\n\t\t\t\t\n\t\t\t\t<div class=\"et_pb_module_inner\">\n\t\t\t\t\t\n            <div class=\"dmpro-carousel-child-wrapper\">\n                <div class=\"dmpro-image-wrap\"><span class=\"dmpro-carousel-image\">\n                    <img decoding=\"async\" src=\"https:\/\/franotech.com\/wp-content\/uploads\/2025\/05\/CSY-1024x1024.jpg\" alt=\"\" >\n                <\/span><\/div>\n                \n\t\t\t   <div class=\"dmpro-carousel-item-content\">\n\t\t\t\t\t<h2 class=\"dmpro-carousel-item-title\">Slawomir Mina\u0159\u00edk - C&SZ, Tschechien<\/h2>\n\t\t\t\t\t<div class=\"dmpro-carousel-item-desc\"><p>Verbandtaschen, Lampen und Scheibenwischer sind sehr gut im Preis. Die Bestellungen werden schnell bearbeitet womit wir keine gro\u00dfe Lagerhaltung brauchen. Bei Konkurrenten haben wir mindestens 2 Wochen auf bedruckte Verbandtaschen gewartet.<\/p><\/div>\n\t\t\t\t\t<div class=\"dmpro-carousel-button-wrapper\">\n\t\t\t\t\t\t\n\t\t\t\t\t<\/div>\n\t\t\t\t<\/div>\n            <\/div>\n\t\t\t\t<\/div>\n\t\t\t<\/div><div class=\"et_pb_module et_d4_element dmpro_carousel_child dmpro_carousel_child_1\">\n\t\t\t\t\n\t\t\t\t\n\t\t\t\t\n\t\t\t\t\n\t\t\t\t\n\t\t\t\t\n\t\t\t\t<div class=\"et_pb_module_inner\">\n\t\t\t\t\t\n            <div class=\"dmpro-carousel-child-wrapper\">\n                <div class=\"dmpro-image-wrap\"><span class=\"dmpro-carousel-image\">\n                    <img decoding=\"async\" src=\"https:\/\/franotech.com\/wp-content\/uploads\/2025\/05\/CarIdeet-1024x1024.jpg\" alt=\"\" >\n                <\/span><\/div>\n                \n\t\t\t   <div class=\"dmpro-carousel-item-content\">\n\t\t\t\t\t<h2 class=\"dmpro-carousel-item-title\">Bj\u00f6rn Jaspers - Carideet in Niederlande<\/h2>\n\t\t\t\t\t<div class=\"dmpro-carousel-item-desc\"><p>Ich freue mich noch einen festen menschlichen Ansprechpartner zu haben, welcher die Bestellungen auf unsere Bed\u00fcrfnisse anpasst. Die bedruckten Verbandtaschen sind vom Preis her unschlagbar und in 2-3 Tagen geliefert.<\/p><\/div>\n\t\t\t\t\t<div class=\"dmpro-carousel-button-wrapper\">\n\t\t\t\t\t\t\n\t\t\t\t\t<\/div>\n\t\t\t\t<\/div>\n            <\/div>\n\t\t\t\t<\/div>\n\t\t\t<\/div><div class=\"et_pb_module et_d4_element dmpro_carousel_child dmpro_carousel_child_2\">\n\t\t\t\t\n\t\t\t\t\n\t\t\t\t\n\t\t\t\t\n\t\t\t\t\n\t\t\t\t\n\t\t\t\t<div class=\"et_pb_module_inner\">\n\t\t\t\t\t\n            <div class=\"dmpro-carousel-child-wrapper\">\n                <div class=\"dmpro-image-wrap\"><span class=\"dmpro-carousel-image\">\n                    <img decoding=\"async\" src=\"https:\/\/franotech.com\/wp-content\/uploads\/2025\/05\/mechanic-tom-1024x1024.jpg\" alt=\"\" >\n                <\/span><\/div>\n                \n\t\t\t   <div class=\"dmpro-carousel-item-content\">\n\t\t\t\t\t<h2 class=\"dmpro-carousel-item-title\">Louis Kos - Werkstatt, Deutschland<\/h2>\n\t\t\t\t\t<div class=\"dmpro-carousel-item-desc\"><p>Als kleine Werkstatt haben wir oft nicht die M\u00f6glichkeit von Gro\u00dfhandelsrabatten, aber Franotech beliefert auch kleine Bestellmengen zu Gro\u00dfh\u00e4ndlerpreisen. Ich hoffe Franotech nimmt noch mehr Produkte ins Programm.<\/p><\/div>\n\t\t\t\t\t<div class=\"dmpro-carousel-button-wrapper\">\n\t\t\t\t\t\t\n\t\t\t\t\t<\/div>\n\t\t\t\t<\/div>\n            <\/div>\n\t\t\t\t<\/div>\n\t\t\t<\/div><div class=\"et_pb_module et_d4_element dmpro_carousel_child dmpro_carousel_child_3\">\n\t\t\t\t\n\t\t\t\t\n\t\t\t\t\n\t\t\t\t\n\t\t\t\t\n\t\t\t\t\n\t\t\t\t<div class=\"et_pb_module_inner\">\n\t\t\t\t\t\n            <div class=\"dmpro-carousel-child-wrapper\">\n                <div class=\"dmpro-image-wrap\"><span class=\"dmpro-carousel-image\">\n                    <img decoding=\"async\" src=\"https:\/\/franotech.com\/wp-content\/uploads\/2025\/05\/warehouse-manager-wholesale-1024x1024.jpg\" alt=\"\" >\n                <\/span><\/div>\n                \n\t\t\t   <div class=\"dmpro-carousel-item-content\">\n\t\t\t\t\t<h2 class=\"dmpro-carousel-item-title\">Tommy P. - Gro\u00dfhandel, Deutschland<\/h2>\n\t\t\t\t\t<div class=\"dmpro-carousel-item-desc\"><p>Wir sind ein Gro\u00dfhandel und bestellen normalerweise in China und co. Jedoch bekommt Franotech es hin, dass sie billiger und schneller sind wenn man die Risiken, China Schiffzeiten von ca. 3+ Monaten und Lagerhaltung mit einberechnet. Deswegen liefert Franotech in unserem Namen direkt an unsere Kunden.<\/p><\/div>\n\t\t\t\t\t<div class=\"dmpro-carousel-button-wrapper\">\n\t\t\t\t\t\t\n\t\t\t\t\t<\/div>\n\t\t\t\t<\/div>\n            <\/div>\n\t\t\t\t<\/div>\n\t\t\t<\/div><div class=\"et_pb_module et_d4_element dmpro_carousel_child dmpro_carousel_child_4\">\n\t\t\t\t\n\t\t\t\t\n\t\t\t\t\n\t\t\t\t\n\t\t\t\t\n\t\t\t\t\n\t\t\t\t<div class=\"et_pb_module_inner\">\n\t\t\t\t\t\n            <div class=\"dmpro-carousel-child-wrapper\">\n                <div class=\"dmpro-image-wrap\"><span class=\"dmpro-carousel-image\">\n                    <img decoding=\"async\" src=\"https:\/\/franotech.com\/wp-content\/uploads\/2025\/05\/Tomasz-Janowski-1024x1024.jpg\" alt=\"\" >\n                <\/span><\/div>\n                \n\t\t\t   <div class=\"dmpro-carousel-item-content\">\n\t\t\t\t\t<h2 class=\"dmpro-carousel-item-title\">Tomasz Janowski - Truck Fleet Manager, Polen<\/h2>\n\t\t\t\t\t<div class=\"dmpro-carousel-item-desc\"><p>Unsere LKW Flotte von \u00fcber 250+ LKWs statten wir mit Sicherheitsprodukten von Franotech aus. Warnwesten und Verbandtaschen immer in top Qualit\u00e4t zu top preisen und aus neuester Produktion mit langem Haltbarkeitsdatum. Das ist f\u00fcr uns am wichtigsten um die Wartungsintervalle lang zu halten und kosten zu sparen.<\/p><\/div>\n\t\t\t\t\t<div class=\"dmpro-carousel-button-wrapper\">\n\t\t\t\t\t\t\n\t\t\t\t\t<\/div>\n\t\t\t\t<\/div>\n            <\/div>\n\t\t\t\t<\/div>\n\t\t\t<\/div>\n                    <\/div>\n                <\/div>\n                <div class=\"swiper-pagination dmpro-sp0\"><\/div>\n            <\/div>\n\t\t\t\t<\/div>\n\t\t\t<\/div><div class=\"et_pb_text_8 et_pb_text et_pb_bg_layout_light et_pb_module et_block_module\"><div class=\"et_pb_text_inner\"><p style=\"text-align: center;\">Kas soovite, et me avaldaksime teie kliendi iseloomustuse? Kirjutage meile 2-3 rida ja saatke esinduslik pilt aadressile <a href=\"mailto:service@franotech.com\">service@franotech.com<\/a><br \/>ja saate \u00fchekordse allahindluse <span style=\"text-decoration: underline;\">kuni 10%<\/span> oma j\u00e4rgmisele tellimusele kuni 1000 UER. <\/p>\n<\/div><\/div><\/div><\/div><div class=\"et_pb_bottom_inside_divider et-no-transition\"><\/div><\/div>\n","protected":false},"excerpt":{"rendered":"","protected":false},"author":1,"featured_media":0,"parent":0,"menu_order":0,"comment_status":"closed","ping_status":"closed","template":"","meta":{"_et_pb_use_builder":"on","_et_pb_old_content":"","_et_gb_content_width":"","footnotes":""},"class_list":["post-1376479","page","type-page","status-publish","hentry"],"ams_acf":[],"_links":{"self":[{"href":"https:\/\/franotech.com\/et\/wp-json\/wp\/v2\/pages\/1376479","targetHints":{"allow":["GET"]}}],"collection":[{"href":"https:\/\/franotech.com\/et\/wp-json\/wp\/v2\/pages"}],"about":[{"href":"https:\/\/franotech.com\/et\/wp-json\/wp\/v2\/types\/page"}],"author":[{"embeddable":true,"href":"https:\/\/franotech.com\/et\/wp-json\/wp\/v2\/users\/1"}],"replies":[{"embeddable":true,"href":"https:\/\/franotech.com\/et\/wp-json\/wp\/v2\/comments?post=1376479"}],"version-history":[{"count":6,"href":"https:\/\/franotech.com\/et\/wp-json\/wp\/v2\/pages\/1376479\/revisions"}],"predecessor-version":[{"id":1380842,"href":"https:\/\/franotech.com\/et\/wp-json\/wp\/v2\/pages\/1376479\/revisions\/1380842"}],"wp:attachment":[{"href":"https:\/\/franotech.com\/et\/wp-json\/wp\/v2\/media?parent=1376479"}],"curies":[{"name":"wp","href":"https:\/\/api.w.org\/{rel}","templated":true}]}}