{"id":1379290,"date":"2025-05-21T08:14:25","date_gmt":"2025-05-21T07:14:25","guid":{"rendered":"https:\/\/franotech.com\/klaasipuhasti\/"},"modified":"2026-02-27T07:40:20","modified_gmt":"2026-02-27T06:40:20","slug":"klaasipuhasti","status":"publish","type":"page","link":"https:\/\/franotech.com\/et\/klaasipuhasti\/","title":{"rendered":"Klaasipuhasti"},"content":{"rendered":"\n<div class=\"et_pb_section_0 et_pb_section et_section_regular et_block_section\"><div class=\"et_pb_row_0 et_pb_row et_block_row\"><div class=\"et_pb_column_0 et_pb_column et_pb_column_1_2 et_block_column et_pb_css_mix_blend_mode_passthrough\"><div class=\"et_pb_image_0 et_pb_image et_pb_module et_block_module\"><span class=\"et_pb_image_wrap\"><img loading=\"lazy\" decoding=\"async\" src=\"https:\/\/franotech.com\/wp-content\/uploads\/2025\/05\/wipers.jpg\" width=\"800\" height=\"533\" srcset=\"https:\/\/franotech.com\/wp-content\/uploads\/2025\/05\/wipers.jpg 800w, https:\/\/franotech.com\/wp-content\/uploads\/2025\/05\/wipers-480x320.jpg 480w\" sizes=\"(min-width: 0px) and (max-width: 480px) 480px, (min-width: 481px) 800px, 100vw\" class=\"wp-image-1376077\" title=\"klaasipuhastid\" \/><\/span><\/div><\/div><div class=\"et_pb_column_1 et_pb_column et_pb_column_1_2 et-last-child et_block_column et_pb_css_mix_blend_mode_passthrough\"><div class=\"et_pb_text_0 et_pb_text et_pb_bg_layout_light et_pb_module et_block_module\"><div class=\"et_pb_text_inner\"><p style=\"text-align: center;\"><span class=\"\"><strong>Kogege tulevikun\u00e4gemist: Saksa inseneride poolt v\u00e4lja t\u00f6\u00f6tatud k\u00f5rgtehnoloogilised klaasipuhastid.<\/strong><\/span><span><\/span><\/p>\n<ul class=\"list-outside list-disc pl-8\">\n<li><span class=\"\">T\u00e4iuslik n\u00e4htavus iga ilmaga: meie klaasipuhastid saavad vihma, lume ja j\u00e4\u00e4ga hakkama uuendusliku tehnoloogia abil ning tagavad triibuvaba p\u00fchkimistulemuse - isegi \u00e4\u00e4rmuslikes tingimustes.<\/span><span class=\"\"><span class=\"whitespace-nowrap\"><span class=\"ml-xs hover:opacity-50 transition duration-300 cursor-pointer tabular-nums light text-[11px] font-bold tracking-wide font-mono leading-none uppercase text-textOff dark:text-textOffDark selection:bg-superDuper selection:text-textMain\"><span><\/span><\/span>.<\/span><\/span><span class=\"\"><\/span><\/li>\n<li><span class=\"\">T\u00e4psus t\u00e4nu saksa inseneriteadusele: kohandatud k\u00f5rgtehnoloogilised vedruliiprid kohanduvad ideaalselt tuuleklaasiga ja jaotavad kontaktsurve \u00fchtlaselt - kuni 30 % pikem kasutusiga ja maksimaalne p\u00fchkimiskvaliteet ka suurtel kiirustel.<\/span><span class=\"\"><span class=\"whitespace-nowrap\"><span class=\"ml-xs hover:opacity-50 transition duration-300 cursor-pointer tabular-nums light text-[11px] font-bold tracking-wide font-mono leading-none uppercase text-textOff dark:text-textOffDark selection:bg-superDuper selection:text-textMain\"><span><\/span><\/span>.<\/span><\/span><span class=\"\"><\/span><\/li>\n<li><span class=\"\">Usaldusv\u00e4\u00e4rne talvel: Meie raamita lamekattega klaasipuhastid takistavad j\u00e4\u00e4 tekkimist ja tagavad selge n\u00e4htavuse - isegi k\u00fclma ja lumesaju korral.<\/span><span class=\"\"><\/span><\/li>\n<li><span class=\"\">Lihtne paigaldus, universaalne sobivus: uuendusliku universaalse adapteri abil on meie klaasipuhasti harjad valmis kasutamiseks peaaegu igal s\u00f5idukimudelil hetkega.<\/span><span class=\"\"><span class=\"whitespace-nowrap\"><span class=\"ml-xs hover:opacity-50 transition duration-300 cursor-pointer tabular-nums light text-[11px] font-bold tracking-wide font-mono leading-none uppercase text-textOff dark:text-textOffDark selection:bg-superDuper selection:text-textMain\"><span><\/span><\/span>. Ideaalne t\u00f6\u00f6kodade jaoks, et hoida ladustamiskulud madalad.<\/span><\/span><\/li>\n<\/ul>\n<\/div><\/div><\/div><\/div><div class=\"et_pb_row_1 et_pb_row et_pb_row_3-5_1-5_1-5 et_block_row et_block_row_3-5_1-5_1-5\"><div class=\"et_pb_column_2 et_pb_column et_pb_column_3_5 et_block_column et_pb_css_mix_blend_mode_passthrough\"><div class=\"et_pb_text_1 et_pb_text et_pb_bg_layout_light et_pb_module et_block_module\"><div class=\"et_pb_text_inner\"><ul class=\"list-outside list-disc pl-8\">\n<li><span class=\"\">Vaikne ja aerod\u00fcnaamiline: t\u00e4nu minimaalsele tuulem\u00fcra ja v\u00e4hendatud \u00f5huvoolupinnale saate nautida vaikset s\u00f5itu, olenemata sellest, kui kiiresti te s\u00f5idate.<\/span><span class=\"\"><span class=\"whitespace-nowrap\"><span class=\"ml-xs hover:opacity-50 transition duration-300 cursor-pointer tabular-nums light text-[11px] font-bold tracking-wide font-mono leading-none uppercase text-textOff dark:text-textOffDark selection:bg-superDuper selection:text-textMain\"><span><\/span><\/span>.<\/span><\/span><\/li>\n<\/ul>\n<\/div><\/div><\/div><div class=\"et_pb_column_3 et_pb_column et_pb_column_1_5 et_block_column et_pb_css_mix_blend_mode_passthrough\"><div class=\"et_pb_image_1 et_pb_image et_pb_module et_block_module\"><span class=\"et_pb_image_wrap\"><img loading=\"lazy\" decoding=\"async\" src=\"https:\/\/franotech.com\/wp-content\/uploads\/2025\/05\/CFD-Analysis-2-16to9.gif\" width=\"538\" height=\"336\" srcset=\"https:\/\/franotech.com\/wp-content\/uploads\/2025\/05\/CFD-Analysis-2-16to9.gif 538w\" sizes=\"(min-width: 0px) and (max-width: 480px) 480px, (min-width: 481px) 538px, 100vw\" class=\"wp-image-1376715\" title=\"CFD anal\u00fc\u00fcs 2 16to9\" \/><\/span><\/div><\/div><div class=\"et_pb_column_4 et_pb_column et_pb_column_1_5 et-last-child et_block_column et_pb_css_mix_blend_mode_passthrough\"><div class=\"et_pb_image_2 et_pb_image et_pb_module et_block_module\"><span class=\"et_pb_image_wrap\"><img loading=\"lazy\" decoding=\"async\" src=\"https:\/\/franotech.com\/wp-content\/uploads\/2025\/05\/CFD-Analysis-1-16to9.gif\" width=\"393\" height=\"221\" srcset=\"https:\/\/franotech.com\/wp-content\/uploads\/2025\/05\/CFD-Analysis-1-16to9.gif 393w\" sizes=\"(max-width: 393px) 100vw, 393px\" class=\"wp-image-1376697\" title=\"CFD anal\u00fc\u00fcs 1 16to9\" \/><\/span><\/div><\/div><\/div><div class=\"et_pb_row_2 et_pb_row et_block_row\"><div class=\"et_pb_column_5 et_pb_column et_pb_column_4_4 et-last-child et_block_column et_pb_css_mix_blend_mode_passthrough\"><div class=\"et_pb_module et_pb_button_module_wrapper et_pb_button_0_wrapper\"><a class=\"et_pb_button_0 et_pb_button et_pb_bg_layout_dark et_pb_module et_block_module\" href=\"\">Tellige klaasipuhastid pikkuse j\u00e4rgi n\u00fc\u00fcd<\/a><\/div><div class=\"et_pb_divider_0 et_pb_divider et_pb_space et_pb_divider_position_top et_pb_module\"><div class=\"et_pb_divider_internal\"><\/div><\/div><\/div><\/div><div class=\"et_pb_row_3 et_pb_row et_block_row\"><div class=\"et_pb_column_6 et_pb_column et_pb_column_4_4 et-last-child et_block_column et_pb_css_mix_blend_mode_passthrough\"><div class=\"et_pb_text_2 et_pb_text et_pb_bg_layout_light et_pb_module et_block_module\"><div class=\"et_pb_text_inner\"><p style=\"text-align: center;\"><strong>Varsti tulemas: Rainglide One<\/strong><\/p>\n<\/div><\/div><\/div><\/div><div class=\"et_pb_row_4 et_pb_row et_pb_equal_columns et_block_row\"><div class=\"et_pb_column_7 et_pb_column et_pb_column_1_2 et_block_column et_pb_css_mix_blend_mode_passthrough\"><div class=\"et_pb_video_0 et_pb_video et_pb_module et_block_module\"><div class=\"et_pb_video_box\"><video controls><source type=\"video\/webm\" src=\"https:\/\/rainglide.com\/wp-content\/uploads\/2025\/02\/Rainglide-German-compress.mp4\" \/><\/video><\/div><\/div><\/div><div class=\"et_pb_column_8 et_pb_column et_pb_column_1_2 et-last-child et_block_column et_pb_css_mix_blend_mode_passthrough\"><div class=\"et_pb_text_3 et_pb_text et_pb_bg_layout_light et_pb_module et_block_module\"><div class=\"et_pb_text_inner\"><ul>\n<li><strong>Aerod\u00fcnaamiline innovatsioon suure allasurve saavutamiseks suurtel kiirustel<\/strong><\/li>\n<li><strong>Bug scrapper tehnoloogia putukaj\u00e4\u00e4kide ja muu kangekaelse mustuse vastu<\/strong><\/li>\n<li><strong>Tuuleklaasi hooldus iga p\u00fchkimists\u00fckliga t\u00e4nu sisseehitatud mahutile Magic Glide nano hooldusvahendi v\u00e4ljastamiseks.<\/strong><\/li>\n<\/ul>\n<p><strong>Rohkem infot: <a href=\"https:\/\/rainglide.com\/\">rainglide.com<\/a><\/strong><\/p>\n<\/div><\/div><\/div><\/div><\/div>\n","protected":false},"excerpt":{"rendered":"","protected":false},"author":1,"featured_media":0,"parent":0,"menu_order":0,"comment_status":"closed","ping_status":"closed","template":"","meta":{"footnotes":""},"class_list":["post-1379290","page","type-page","status-publish","hentry"],"ams_acf":[],"_links":{"self":[{"href":"https:\/\/franotech.com\/et\/wp-json\/wp\/v2\/pages\/1379290","targetHints":{"allow":["GET"]}}],"collection":[{"href":"https:\/\/franotech.com\/et\/wp-json\/wp\/v2\/pages"}],"about":[{"href":"https:\/\/franotech.com\/et\/wp-json\/wp\/v2\/types\/page"}],"author":[{"embeddable":true,"href":"https:\/\/franotech.com\/et\/wp-json\/wp\/v2\/users\/1"}],"replies":[{"embeddable":true,"href":"https:\/\/franotech.com\/et\/wp-json\/wp\/v2\/comments?post=1379290"}],"version-history":[{"count":6,"href":"https:\/\/franotech.com\/et\/wp-json\/wp\/v2\/pages\/1379290\/revisions"}],"predecessor-version":[{"id":1380853,"href":"https:\/\/franotech.com\/et\/wp-json\/wp\/v2\/pages\/1379290\/revisions\/1380853"}],"wp:attachment":[{"href":"https:\/\/franotech.com\/et\/wp-json\/wp\/v2\/media?parent=1379290"}],"curies":[{"name":"wp","href":"https:\/\/api.w.org\/{rel}","templated":true}]}}