{"id":1379310,"date":"2025-05-20T09:21:34","date_gmt":"2025-05-20T09:21:34","guid":{"rendered":"https:\/\/franotech.com\/privaatsuspoliitika\/"},"modified":"2025-09-18T11:14:44","modified_gmt":"2025-09-18T11:14:44","slug":"privaatsuspoliitika","status":"publish","type":"page","link":"https:\/\/franotech.com\/et\/privaatsuspoliitika\/","title":{"rendered":"Privaatsuspoliitika"},"content":{"rendered":"\n<p><strong>1. Andmete t\u00f6\u00f6tlemise vastutav t\u00f6\u00f6tleja<\/strong><br\/>Vastutav isiklike andmete t\u00f6\u00f6tlemise eest sellel veebilehel on:<br\/>Franotech OU<br\/>Narva mnt 5, 10117 Tallinn, Eesti<br\/>Tegevdirektor: Marlon Franosch<br\/>E-post: service@franotech.com.<\/p>\n\n<p><strong>2. \u00fcldine teave andmet\u00f6\u00f6tluse kohta<\/strong><br\/>V\u00f5tame teie isikuandmete kaitset v\u00e4ga t\u00f5siselt. Sellel veebisaidil t\u00f6\u00f6deldakse isikuandmeid ainult vajalikul m\u00e4\u00e4ral. T\u00f6\u00f6tlemine toimub koosk\u00f5las isikuandmete kaitse \u00fcldm\u00e4\u00e4ruse (GDPR) ja muude asjakohaste andmekaitseseaduste s\u00e4tetega.  <\/p>\n\n<p><strong>3. isikuandmete kogumine ja s\u00e4ilitamine ning nende kasutamise laad ja eesm\u00e4rk<\/strong><br\/>Kui k\u00fclastate meie veebisaiti, kogutakse automaatselt j\u00e4rgmisi andmeid, mis salvestatakse ajutiselt serverilogifailidesse:<\/p>\n\n<ul class=\"wp-block-list\">\n<li>Taotluse esitanud arvuti IP-aadress<\/li>\n\n\n\n<li>Juurdep\u00e4\u00e4su kuup\u00e4ev ja kellaaeg<\/li>\n\n\n\n<li>V\u00e4lja otsitud faili nimi ja URL<\/li>\n\n\n\n<li>Veebisait, millelt juurdep\u00e4\u00e4s toimub (viitaja URL)<\/li>\n\n\n\n<li>Kasutatud brauser ja vajaduse korral arvuti operatsioonis\u00fcsteem.<\/li>\n<\/ul>\n\n<p>Neid andmeid t\u00f6\u00f6deldakse selleks, et tagada sujuv \u00fchendus veebisaidiga, s\u00fcsteemi turvalisus ja stabiilsus ning halduslikel eesm\u00e4rkidel. \u00d5iguslik alus on isikuandmete kaitse \u00fcldm\u00e4\u00e4ruse artikli 6 l\u00f5ige 1 punkt f.   <\/p>\n\n<p><strong>4. kontaktvorm ja e-posti kontakt<\/strong><br\/>Kui saadate meile p\u00e4ringuid kontaktvormi v\u00f5i e-posti teel, salvestame teie andmed, sealhulgas teie esitatud kontaktandmed, p\u00e4ringu t\u00f6\u00f6tlemiseks ja j\u00e4relk\u00fcsimuste korral. Me ei anna neid andmeid edasi ilma teie n\u00f5usolekuta. \u00d5iguslik alus on isikuandmete kaitse \u00fcldm\u00e4\u00e4ruse artikli 6 l\u00f5ige 1 punkt b.    <\/p>\n\n<p><strong>5. k\u00fcpsised ja j\u00e4lgimisvahendid<\/strong><br\/>Meie veebisait kasutab k\u00fcpsiseid. K\u00fcpsised on v\u00e4ikesed tekstifailid, mis salvestatakse teie l\u00f5ppseadmesse ja v\u00f5imaldavad anal\u00fc\u00fcsida teie veebilehe kasutamist. Te saate k\u00fcpsiste salvestamist takistada, valides oma brauseritarkvaras vastavad seaded.<br\/>Kui kasutame j\u00e4lgimisvahendeid (nt Google Analytics) v\u00f5i sotsiaalmeedia pistikprogramme, teavitame teid sellest eraldi k\u00e4esolevas privaatsuspoliitikas. Neid kasutatakse GDPRi artikli 6 l\u00f5ike 1 punkti a (n\u00f5usolek) v\u00f5i GDPRi artikli 6 l\u00f5ike 1 punkti f (\u00f5igustatud huvi) alusel.       <\/p>\n\n<p><strong>6. andmete edastamine kolmandatele isikutele<\/strong><br\/>Teie isikuandmeid edastatakse kolmandatele isikutele ainult siis, kui see on seadusega lubatud v\u00f5i kui olete andnud selleks oma n\u00f5usoleku. V\u00f5imalikud vastuv\u00f5tjad on n\u00e4iteks IT-teenuste pakkujad, veebimajutuse pakkujad v\u00f5i asutused, kelle suhtes kehtivad \u00f5iguslikud kohustused. Andmeid edastatakse kolmandatele riikidele v\u00e4ljaspool ELi ainult siis, kui on olemas sobivad tagatised ja teid on sellest teavitatud.  <\/p>\n\n<p><strong>7. s\u00e4ilitamise kestus<\/strong><br\/>Isikuandmeid s\u00e4ilitatakse ainult nii kaua, kui see on vajalik m\u00e4rgitud eesm\u00e4rkidel v\u00f5i nii kaua, kui on olemas seadusest tulenev s\u00e4ilitust\u00e4htaeg. Kui vastav eesm\u00e4rk on lakanud olemast v\u00f5i kui need t\u00e4htajad on m\u00f6\u00f6dunud, kustutatakse andmed tavap\u00e4raselt. <\/p>\n\n<p><strong>8. andmesubjektide \u00f5igused<\/strong><br\/>Teil on \u00f5igus<\/p>\n\n<ul class=\"wp-block-list\">\n<li>saada teavet meie poolt s\u00e4ilitatavate isikuandmete kohta (GDPR artikkel 15).<\/li>\n\n\n\n<li>taotleda ebat\u00e4psete andmete parandamist (GDPR artikkel 16).<\/li>\n\n\n\n<li>taotleda oma andmete kustutamist (GDPR artikkel 17).<\/li>\n\n\n\n<li>n\u00f5uda t\u00f6\u00f6tlemise piiramist (GDPR artikkel 18).<\/li>\n\n\n\n<li>esitada vastuv\u00e4iteid t\u00f6\u00f6tlemisele (GDPR artikkel 21).<\/li>\n\n\n\n<li>taotleda andmete \u00fclekantavust (GDPR artikkel 20)<\/li>\n\n\n\n<li>t\u00fchistada antud n\u00f5usolek igal ajal (GDPR artikli 7 l\u00f5ige 3).<\/li>\n\n\n\n<li>esitada kaebus j\u00e4relevalveasutusele (GDPR artikkel 77).<\/li>\n<\/ul>\n\n<p><strong>9. andmete esitamise kohustus<\/strong><br\/>Isikuandmete esitamine on osaliselt n\u00f5utav seadusega v\u00f5i vajalik lepingu s\u00f5lmimiseks. Ilma nende andmeteta ei saa lepingut s\u00f5lmida v\u00f5i p\u00e4ringut t\u00f6\u00f6delda. <\/p>\n\n<p><strong>10. automatiseeritud otsuste tegemine<\/strong><br\/>Automatiseeritud otsuste tegemine, sealhulgas profiilide koostamine, ei toimu, kui seda ei ole k\u00e4esolevas privaatsuspoliitikas s\u00f5naselgelt s\u00e4testatud.<\/p>\n\n<p><strong>11. aktuaalsus ja k\u00e4esoleva privaatsuspoliitika muutmine<\/strong><br\/>K\u00e4esolev privaatsuspoliitika on hetkel kehtiv ja p\u00e4rineb maist 2025. meie veebilehe edasise arengu v\u00f5i muutunud \u00f5iguslike v\u00f5i ametlike n\u00f5uete t\u00f5ttu v\u00f5ib osutuda vajalikuks k\u00e4esoleva privaatsuspoliitika muutmine. Te v\u00f5ite igal ajal tutvuda kehtiva privaatsuspoliitikaga sellel veebilehel.  <\/p>\n","protected":false},"excerpt":{"rendered":"<p>1. Andmete t\u00f6\u00f6tlemise vastutav t\u00f6\u00f6tlejaVastutav isiklike andmete t\u00f6\u00f6tlemise eest sellel veebilehel on:Franotech OUNarva mnt 5, 10117 Tallinn, EestiTegevdirektor: Marlon FranoschE-post: service@franotech.com. 2. \u00fcldine teave andmet\u00f6\u00f6tluse kohtaV\u00f5tame teie isikuandmete kaitset v\u00e4ga t\u00f5siselt. Sellel veebisaidil t\u00f6\u00f6deldakse isikuandmeid ainult vajalikul m\u00e4\u00e4ral. T\u00f6\u00f6tlemine toimub koosk\u00f5las isikuandmete kaitse \u00fcldm\u00e4\u00e4ruse (GDPR) ja muude asjakohaste andmekaitseseaduste s\u00e4tetega. 3. isikuandmete kogumine ja s\u00e4ilitamine [&hellip;]<\/p>\n","protected":false},"author":1,"featured_media":0,"parent":0,"menu_order":0,"comment_status":"closed","ping_status":"closed","template":"","meta":{"footnotes":""},"class_list":["post-1379310","page","type-page","status-publish","hentry"],"ams_acf":[],"_links":{"self":[{"href":"https:\/\/franotech.com\/et\/wp-json\/wp\/v2\/pages\/1379310","targetHints":{"allow":["GET"]}}],"collection":[{"href":"https:\/\/franotech.com\/et\/wp-json\/wp\/v2\/pages"}],"about":[{"href":"https:\/\/franotech.com\/et\/wp-json\/wp\/v2\/types\/page"}],"author":[{"embeddable":true,"href":"https:\/\/franotech.com\/et\/wp-json\/wp\/v2\/users\/1"}],"replies":[{"embeddable":true,"href":"https:\/\/franotech.com\/et\/wp-json\/wp\/v2\/comments?post=1379310"}],"version-history":[{"count":2,"href":"https:\/\/franotech.com\/et\/wp-json\/wp\/v2\/pages\/1379310\/revisions"}],"predecessor-version":[{"id":1379313,"href":"https:\/\/franotech.com\/et\/wp-json\/wp\/v2\/pages\/1379310\/revisions\/1379313"}],"wp:attachment":[{"href":"https:\/\/franotech.com\/et\/wp-json\/wp\/v2\/media?parent=1379310"}],"curies":[{"name":"wp","href":"https:\/\/api.w.org\/{rel}","templated":true}]}}