{"id":1379322,"date":"2025-05-20T09:21:34","date_gmt":"2025-05-20T09:21:34","guid":{"rendered":"https:\/\/franotech.com\/jaelg\/"},"modified":"2025-05-20T09:21:34","modified_gmt":"2025-05-20T09:21:34","slug":"jaelg","status":"publish","type":"page","link":"https:\/\/franotech.com\/et\/jaelg\/","title":{"rendered":"J\u00e4lg"},"content":{"rendered":"<p class=\"my-0\"><strong>Teave vastavalt e-kaubanduse direktiivi 2000\/31\/E\u00dc \u00a7 5, Eesti \u00f5igusele ja Saksamaa n\u00f5uetele orienteerumiseks rahvusvahelises \u00e4ritegevuses.<\/strong><\/p>\n<p class=\"my-0\"><strong>Ettev\u00f5tte nimi:<\/strong><br \/>\nFranotech OU<\/p>\n<p class=\"my-0\"><strong>\u00d5iguslik vorm:<\/strong><br \/>\nOsa\u00fching (Eesti aktsiaselts, O\u00dc)<\/p>\n<p class=\"my-0\"><strong>Tegevdirektor:<\/strong><br \/>\nMarlon Franosch<\/p>\n<p class=\"my-0\"><strong>Ettev\u00f5tte registrij\u00e4rgne asukoht:<\/strong><br \/>\nNarva mnt 5, 10117, Tallinn, Eesti.<\/p>\n<p class=\"my-0\"><strong>\u00c4riregistri number:<\/strong><br \/>\n16065958<\/p>\n<p class=\"my-0\"><strong>K\u00e4ibemaksu identifitseerimisnumber (k\u00e4ibemaksukohustuslasena registreerimise number):<\/strong><br \/>\nEE102296864<strong>.<\/strong><\/p>\n<p class=\"my-0\"><strong>Kontakt:<\/strong><br \/>\nTelefon: [Palun sisestage telefoninumber]<br \/>\nE-post: service@franotech.com<\/p>\n<p class=\"my-0\"><strong>Vastutab sisu eest vastavalt RStV \u00a7 55 Abs. 2 (kui see on n\u00f5utav): <\/strong><br \/>\nMarlon Franosch<\/p>\n<div class=\"woocommerce woocommerce-gzd woocommerce-gzd-complaints-shortcode\">\n\t\t\t<h3>Alternative Dispute Resolution in accordance with Art. 14 (1) ODR-VO and \u00a7 36 VSBG:<\/h3>\n\t\nZur Teilnahme an einem Streitbeilegungsverfahren vor einer Verbraucherschlichtungsstelle sind wir nicht verpflichtet und nicht bereit.<\/div>\n<p class=\"my-0\"><strong>Vastutus sisu eest<\/strong><br \/>\nMeie veebilehe sisu on koostatud v\u00f5imalikult hoolikalt. Siiski ei v\u00f5ta me vastutust esitatud sisu t\u00e4psuse, t\u00e4ielikkuse ja ajakohasuse eest. Teenusepakkujana vastutame meie ise nende lehek\u00fclgede sisu eest vastavalt kehtivatele \u00f5igusnormidele. Me ei ole siiski kohustatud j\u00e4lgima kolmandate isikute edastatud v\u00f5i salvestatud teavet ega uurima asjaolusid, mis viitavad ebaseaduslikule tegevusele. See ei m\u00f5juta kohustust eemaldada v\u00f5i blokeerida teavet vastavalt \u00fcldistele \u00f5igusaktidele. Vastutus selles osas on siiski v\u00f5imalik alles alates konkreetsest rikkumisest teadasaamisest. Niipea, kui me saame sellistest rikkumistest teada, eemaldame selle sisu viivitamatult.      <\/p>\n<p class=\"my-0\"><strong>Vastutus v\u00e4liste linkide eest<\/strong><br \/>\nMeie veebisait sisaldab linke kolmandate isikute v\u00e4listele veebisaitidele, mille sisu \u00fcle meil puudub m\u00f5ju. Seet\u00f5ttu ei saa me v\u00f5tta vastutust selle v\u00e4lise sisu eest. Lingitud lehek\u00fclgede sisu eest vastutab alati vastav teenusepakkuja v\u00f5i operaator. Linkimise ajal ei olnud \u00f5igusrikkumisi \u00e4ratuntavad. Siiski ei ole lingitud lehek\u00fclgede sisu pidev j\u00e4lgimine m\u00f5istlik ilma konkreetsete t\u00f5enditeta rikkumise kohta. Kui me saame teada \u00f5igusrikkumistest, eemaldame sellised lingid viivitamatult.     <\/p>\n<p class=\"my-0\"><strong>Autori\u00f5igus<\/strong><br \/>\nVeebilehe operaatorite poolt nendel lehek\u00fclgedel loodud sisu ja teosed kuuluvad autori\u00f5iguse alla. Kolmandate isikute panus on sellisena m\u00e4rgitud. Reprodutseerimine, redigeerimine, levitamine ja igasugune kasutamine v\u00e4ljaspool autori\u00f5iguse piire n\u00f5uab vastava autori v\u00f5i looja kirjalikku n\u00f5usolekut. Selle veebilehe allalaadimine ja koopiate tegemine on lubatud ainult isiklikuks, mitte\u00e4riliseks kasutamiseks.   <\/p>\n<p class=\"my-0\"><strong>M\u00e4rkus<\/strong><br \/>\nVastutuse v\u00e4listamine ei saa tegelikult v\u00e4listada seadusest tulenevat vastutust, eelk\u00f5ige tahtliku v\u00f5i raske hooletuse v\u00f5i elu, kehavigastuse v\u00f5i tervisekahjustuse korral. S\u00f5nastus teenib selgitamise ja l\u00e4bipaistvuse eesm\u00e4rki, kuid ei asenda individuaalset juriidilist n\u00f5ustamist. <\/p>\n","protected":false},"excerpt":{"rendered":"<p>Teave vastavalt e-kaubanduse direktiivi 2000\/31\/E\u00dc \u00a7 5, Eesti \u00f5igusele ja Saksamaa n\u00f5uetele orienteerumiseks rahvusvahelises \u00e4ritegevuses. Ettev\u00f5tte nimi: Franotech OU \u00d5iguslik vorm: Osa\u00fching (Eesti aktsiaselts, O\u00dc) Tegevdirektor: Marlon Franosch Ettev\u00f5tte registrij\u00e4rgne asukoht: Narva mnt 5, 10117, Tallinn, Eesti. \u00c4riregistri number: 16065958 K\u00e4ibemaksu identifitseerimisnumber (k\u00e4ibemaksukohustuslasena registreerimise number): EE102296864. Kontakt: Telefon: [Palun sisestage telefoninumber] E-post: service@franotech.com Vastutab sisu [&hellip;]<\/p>\n","protected":false},"author":1,"featured_media":0,"parent":0,"menu_order":0,"comment_status":"closed","ping_status":"closed","template":"","meta":{"footnotes":""},"class_list":["post-1379322","page","type-page","status-publish","hentry"],"ams_acf":[],"_links":{"self":[{"href":"https:\/\/franotech.com\/et\/wp-json\/wp\/v2\/pages\/1379322","targetHints":{"allow":["GET"]}}],"collection":[{"href":"https:\/\/franotech.com\/et\/wp-json\/wp\/v2\/pages"}],"about":[{"href":"https:\/\/franotech.com\/et\/wp-json\/wp\/v2\/types\/page"}],"author":[{"embeddable":true,"href":"https:\/\/franotech.com\/et\/wp-json\/wp\/v2\/users\/1"}],"replies":[{"embeddable":true,"href":"https:\/\/franotech.com\/et\/wp-json\/wp\/v2\/comments?post=1379322"}],"version-history":[{"count":0,"href":"https:\/\/franotech.com\/et\/wp-json\/wp\/v2\/pages\/1379322\/revisions"}],"wp:attachment":[{"href":"https:\/\/franotech.com\/et\/wp-json\/wp\/v2\/media?parent=1379322"}],"curies":[{"name":"wp","href":"https:\/\/api.w.org\/{rel}","templated":true}]}}