{"id":1379335,"date":"2025-05-21T08:48:48","date_gmt":"2025-05-21T07:48:48","guid":{"rendered":"https:\/\/franotech.com\/votke-meiega-uehendust\/"},"modified":"2026-02-27T07:40:37","modified_gmt":"2026-02-27T06:40:37","slug":"votke-meiega-uehendust","status":"publish","type":"page","link":"https:\/\/franotech.com\/et\/votke-meiega-uehendust\/","title":{"rendered":"V\u00f5tke meiega \u00fchendust"},"content":{"rendered":"\n<div class=\"et_pb_section_0 et_pb_section et_section_regular et_block_section\"><div class=\"et_pb_row_0 et_pb_row et_block_row\"><div class=\"et_pb_column_0 et_pb_column et_pb_column_4_4 et-last-child et_block_column et_pb_css_mix_blend_mode_passthrough\"><div class=\"et_pb_text_0 et_pb_text et_pb_bg_layout_light et_pb_module et_block_module\"><div class=\"et_pb_text_inner\"><h1>\u00dcleeuroopaline toetus<\/h1>\n<\/div><\/div><div class=\"et_pb_text_1 et_pb_text et_pb_bg_layout_light et_pb_module et_block_module\"><div class=\"et_pb_text_inner\"><p><span>Tere tulemast meie klienditoe juurde - meie teeninduslubaduse keskmes!<\/span><br \/><span>Me usume, et suurep\u00e4rased tooted on t\u00f5eliselt veenvad ainult siis, kui nendega kaasneb sama hea teenindus. Seep\u00e4rast teeme k\u00f5ik endast oleneva, et pakkuda teile mitte ainult vastuseid, vaid ka t\u00f5elisi lahendusi. Kogu Euroopas.  <\/span><\/p>\n<\/div><\/div><\/div><\/div><div class=\"et_pb_row_1 et_pb_row et_block_row\"><div class=\"et_pb_column_1 et_pb_column et_pb_column_4_4 et-last-child et_block_column et_pb_css_mix_blend_mode_passthrough\"><div class=\"et_pb_text_2 et_pb_text et_pb_bg_layout_light et_pb_module et_block_module\"><div class=\"et_pb_text_inner\"><p><strong>Alati saadaval kogu Euroopas. Telefoni, piletis\u00fcsteemi v\u00f5i e-posti teel: <\/strong><\/p>\n<\/div><\/div><\/div><\/div><div class=\"et_pb_row_2 et_pb_row et_pb_row_1-4_1-4_1-2 et_pb_equal_columns et_block_row et_block_row_1-4_1-4_1-2\"><div class=\"et_pb_column_2 et_pb_column et_pb_column_1_4 et_block_column et_pb_css_mix_blend_mode_passthrough\"><div class=\"et_pb_text_3 et_pb_text et_pb_bg_layout_light et_pb_module et_block_module\"><div class=\"et_pb_text_inner\"><p><img decoding=\"async\" class=\"wpml-ls-flag\" src=\"https:\/\/franotech.com\/wp-content\/plugins\/sitepress-multilingual-cms\/res\/flags\/de.svg\" alt=\"\">  +4970314204070<br \/><img decoding=\"async\" class=\"wpml-ls-flag\" src=\"https:\/\/franotech.com\/wp-content\/plugins\/sitepress-multilingual-cms\/res\/flags\/en.svg\" alt=\"\"> +44 1865 638761<br \/><img decoding=\"async\" class=\"wpml-ls-flag\" src=\"https:\/\/franotech.com\/wp-content\/plugins\/sitepress-multilingual-cms\/res\/flags\/es.svg\" alt=\"\"> +varsti tulemas<\/p>\n<\/div><\/div><\/div><div class=\"et_pb_column_3 et_pb_column et_pb_column_1_4 et_block_column et_pb_css_mix_blend_mode_passthrough\"><div class=\"et_pb_text_4 et_pb_text et_pb_bg_layout_light et_pb_module et_block_module\"><div class=\"et_pb_text_inner\"><p><img decoding=\"async\" class=\"wpml-ls-flag\" src=\"https:\/\/franotech.com\/wp-content\/plugins\/sitepress-multilingual-cms\/res\/flags\/fr.svg\" alt=\"\">  +varsti saadaval<br \/><img decoding=\"async\" class=\"wpml-ls-flag\" src=\"https:\/\/franotech.com\/wp-content\/plugins\/sitepress-multilingual-cms\/res\/flags\/pl.svg\" alt=\"\"> +48664330894<br \/><img decoding=\"async\" class=\"wpml-ls-flag\" src=\"https:\/\/franotech.com\/wp-content\/plugins\/sitepress-multilingual-cms\/res\/flags\/et.svg\" alt=\"\"> +372 636 0743<\/p>\n<\/div><\/div><\/div><div class=\"et_pb_column_4 et_pb_column et_pb_column_1_2 et-last-child et_block_column et_pb_css_mix_blend_mode_passthrough\"><div class=\"et_pb_image_0 et_pb_image et_pb_module et_block_module\"><span class=\"et_pb_image_wrap\"><img loading=\"lazy\" decoding=\"async\" src=\"https:\/\/franotech.com\/wp-content\/uploads\/2025\/06\/contact-center-1024x576.jpg\" width=\"1024\" height=\"576\" srcset=\"https:\/\/franotech.com\/wp-content\/uploads\/2025\/06\/contact-center-980x551.jpg 980w, https:\/\/franotech.com\/wp-content\/uploads\/2025\/06\/contact-center-480x270.jpg 480w\" sizes=\"(min-width: 0px) and (max-width: 480px) 480px, (min-width: 481px) and (max-width: 980px) 980px, (min-width: 981px) 1024px, 100vw\" class=\"wp-image-1377004\" title=\"kontaktkeskus\" \/><\/span><\/div><\/div><\/div><div class=\"et_pb_row_3 et_pb_row et_block_row\"><div class=\"et_pb_column_5 et_pb_column et_pb_column_4_4 et-last-child et_block_column et_pb_css_mix_blend_mode_passthrough\"><div class=\"et_pb_text_5 et_pb_text et_pb_bg_layout_light et_pb_module et_block_module\"><div class=\"et_pb_text_inner\"><p><strong>E-post (k\u00f5ik toetatud keeled): service@franotech.com<\/strong><\/p>\n<\/div><\/div><div class=\"et_pb_login_0 et_pb_login et_pb_newsletter et_pb_bg_layout_dark et_pb_module et_block_module\"><div class=\"et_pb_newsletter_description\"><h2 class=\"et_pb_module_header\">Piletis\u00fcsteem<\/h2><div class=\"et_pb_newsletter_description_content\"><p>Logige sisse piletis\u00fcsteemi, et n\u00e4ha \u00fclevaadet k\u00f5igist teie m\u00fc\u00fcgi-, tugi- ja logop\u00e4ringutest. K\u00f5ik on siin struktureeritult salvestatud ja teil on juurdep\u00e4\u00e4s KKK-dele. K\u00f5ik p\u00e4ringud aadressil <a href=\"mailto:service@franotech.com\">service@franotech.com<\/a> avavad automaatselt pileti. <strong>Soovitame piletis\u00fcsteemi kasutada rohkem kui live-chati ja telefoni teel.<\/strong>  <\/p>\n<\/div><\/div><div class=\"et_pb_newsletter_form et_pb_login_form\"><form action=\"https:\/\/franotech.com\/et\/wp-login.php\" method=\"post\"><p class=\"et_pb_contact_form_field\"><label class=\"et_pb_contact_form_label\" for=\"user_login_0\" style=\"display: none;\">Username<\/label><input class=\"input\" id=\"user_login_0\" placeholder=\"Username\" type=\"text\" value=\"\" name=\"log\" \/><\/p><p class=\"et_pb_contact_form_field\"><label class=\"et_pb_contact_form_label\" for=\"user_pass_0\" style=\"display: none;\">Password<\/label><input class=\"input\" id=\"user_pass_0\" placeholder=\"Password\" type=\"password\" value=\"\" name=\"pwd\" \/><\/p><p class=\"et_pb_forgot_password\"><a href=\"https:\/\/franotech.com\/et\/minu-konto\/lost-password\/\">Forgot your password?<\/a><\/p><p><button type=\"submit\" name=\"et_builder_submit_button\" class=\"et_pb_button et_pb_newsletter_button\">Login<\/button><input type=\"hidden\" name=\"redirect_to\" value=\"https:\/\/franotech.com\/et\/wp-json\/wp\/v2\/pages\/1379335\" \/><\/p><\/form><\/div><\/div><\/div><\/div><\/div>\n","protected":false},"excerpt":{"rendered":"","protected":false},"author":1,"featured_media":0,"parent":0,"menu_order":0,"comment_status":"closed","ping_status":"closed","template":"","meta":{"footnotes":""},"class_list":["post-1379335","page","type-page","status-publish","hentry"],"ams_acf":[],"_links":{"self":[{"href":"https:\/\/franotech.com\/et\/wp-json\/wp\/v2\/pages\/1379335","targetHints":{"allow":["GET"]}}],"collection":[{"href":"https:\/\/franotech.com\/et\/wp-json\/wp\/v2\/pages"}],"about":[{"href":"https:\/\/franotech.com\/et\/wp-json\/wp\/v2\/types\/page"}],"author":[{"embeddable":true,"href":"https:\/\/franotech.com\/et\/wp-json\/wp\/v2\/users\/1"}],"replies":[{"embeddable":true,"href":"https:\/\/franotech.com\/et\/wp-json\/wp\/v2\/comments?post=1379335"}],"version-history":[{"count":11,"href":"https:\/\/franotech.com\/et\/wp-json\/wp\/v2\/pages\/1379335\/revisions"}],"predecessor-version":[{"id":1380864,"href":"https:\/\/franotech.com\/et\/wp-json\/wp\/v2\/pages\/1379335\/revisions\/1380864"}],"wp:attachment":[{"href":"https:\/\/franotech.com\/et\/wp-json\/wp\/v2\/media?parent=1379335"}],"curies":[{"name":"wp","href":"https:\/\/api.w.org\/{rel}","templated":true}]}}