{"id":1379400,"date":"2025-05-21T08:15:02","date_gmt":"2025-05-21T07:15:02","guid":{"rendered":"https:\/\/franotech.com\/laternad\/"},"modified":"2026-02-27T07:40:20","modified_gmt":"2026-02-27T06:40:20","slug":"laternad","status":"publish","type":"page","link":"https:\/\/franotech.com\/et\/laternad\/","title":{"rendered":"Laternad"},"content":{"rendered":"\n<div class=\"et_pb_section_0 et_pb_section et_section_regular et_block_section\"><div class=\"et_pb_row_0 et_pb_row et_block_row\"><div class=\"et_pb_column_0 et_pb_column et_pb_column_4_4 et-last-child et_block_column et_pb_css_mix_blend_mode_passthrough\"><div class=\"et_pb_text_0 et_pb_text et_pb_bg_layout_light et_pb_module et_block_module\"><div class=\"et_pb_text_inner\"><h3><strong>Tippmarkide lambid tipphinnaga<\/strong><\/h3>\n<\/div><\/div><\/div><\/div><div class=\"et_pb_row_1 et_pb_row et_block_row\"><div class=\"et_pb_column_1 et_pb_column et_pb_column_3_5 et_block_column et_pb_css_mix_blend_mode_passthrough\"><div class=\"et_pb_text_1 et_pb_text et_pb_bg_layout_light et_pb_module et_block_module\"><div class=\"et_pb_text_inner\"><p>T\u00e4nu meie pikaajalistele suhetele tipptasemel lambitootjatega ja meie suurele ostumahule saame tipptingimusi. Parimad tingimused, mida me anname edasi oma klientidele. Parimad tingimused, mida ei oleks v\u00f5imalik saavutada v\u00e4ikeste ostukoguste puhul.  <\/p>\n<p><strong>Franotechis saate kasutada parimaid hulgim\u00fc\u00fcgihindu isegi v\u00e4ikeste koguste puhul.<\/strong><\/p>\n<\/div><\/div><\/div><div class=\"et_pb_column_2 et_pb_column et_pb_column_2_5 et-last-child et_block_column et_pb_column_empty et_pb_css_mix_blend_mode_passthrough\"><\/div><\/div><div class=\"et_pb_row_2 et_pb_row et_block_row\"><div class=\"et_pb_column_3 et_pb_column et_pb_column_4_4 et-last-child et_block_column et_pb_css_mix_blend_mode_passthrough\"><div class=\"et_pb_module et_pb_button_module_wrapper et_pb_button_0_wrapper\"><a class=\"et_pb_button_0 et_pb_button et_pb_bg_layout_light et_pb_module et_block_module\" href=\"https:\/\/franotech.com\/wholesale\/?table_ID=1377870&#038;page_number=NaN&#038;tax=product_cat_IN-73\" data-icon=\"\ue07e\">Tellimisvormi jaoks kl\u00f5psake siin<\/a><\/div><\/div><\/div><div class=\"et_pb_row_3 et_pb_row et_pb_row_4col et_block_row et_block_row_4col\"><div class=\"et_pb_column_4 et_pb_column et_pb_column_1_4 et_block_column et_pb_css_mix_blend_mode_passthrough\"><div class=\"et_pb_image_0 et_pb_image et_pb_module et_block_module\"><span class=\"et_pb_image_wrap\"><img loading=\"lazy\" decoding=\"async\" src=\"https:\/\/franotech.com\/wp-content\/uploads\/2025\/07\/H4-Osram-Cool-Blue-Intense-next-gen-1024x1024.jpg\" width=\"1024\" height=\"1024\" srcset=\"https:\/\/franotech.com\/wp-content\/uploads\/2025\/07\/H4-Osram-Cool-Blue-Intense-next-gen-980x980.jpg 980w, https:\/\/franotech.com\/wp-content\/uploads\/2025\/07\/H4-Osram-Cool-Blue-Intense-next-gen-480x480.jpg 480w\" sizes=\"(min-width: 0px) and (max-width: 480px) 480px, (min-width: 481px) and (max-width: 980px) 980px, (min-width: 981px) 1024px, 100vw\" class=\"wp-image-1378092\" title=\"Laternad\" \/><\/span><\/div><\/div><div class=\"et_pb_column_5 et_pb_column et_pb_column_1_4 et_block_column et_pb_css_mix_blend_mode_passthrough\"><div class=\"et_pb_image_1 et_pb_image et_pb_module et_block_module\"><span class=\"et_pb_image_wrap\"><img loading=\"lazy\" decoding=\"async\" src=\"https:\/\/franotech.com\/wp-content\/uploads\/2025\/07\/H7-LED-Osram-Night-Breaker-Speed-1024x1024.jpg\" width=\"1024\" height=\"1024\" srcset=\"https:\/\/franotech.com\/wp-content\/uploads\/2025\/07\/H7-LED-Osram-Night-Breaker-Speed-980x980.jpg 980w, https:\/\/franotech.com\/wp-content\/uploads\/2025\/07\/H7-LED-Osram-Night-Breaker-Speed-480x480.jpg 480w\" sizes=\"(min-width: 0px) and (max-width: 480px) 480px, (min-width: 481px) and (max-width: 980px) 980px, (min-width: 981px) 1024px, 100vw\" class=\"wp-image-1378090\" title=\"Laternad\" \/><\/span><\/div><\/div><div class=\"et_pb_column_6 et_pb_column et_pb_column_1_4 et_block_column et_pb_css_mix_blend_mode_passthrough\"><div class=\"et_pb_image_2 et_pb_image et_pb_module et_block_module\"><span class=\"et_pb_image_wrap\"><img loading=\"lazy\" decoding=\"async\" src=\"https:\/\/franotech.com\/wp-content\/uploads\/2025\/07\/H1-Osram-Cool-Blue-Intense-next-gen-1024x1024.jpg\" width=\"1024\" height=\"1024\" srcset=\"https:\/\/franotech.com\/wp-content\/uploads\/2025\/07\/H1-Osram-Cool-Blue-Intense-next-gen-980x980.jpg 980w, https:\/\/franotech.com\/wp-content\/uploads\/2025\/07\/H1-Osram-Cool-Blue-Intense-next-gen-480x480.jpg 480w\" sizes=\"(min-width: 0px) and (max-width: 480px) 480px, (min-width: 481px) and (max-width: 980px) 980px, (min-width: 981px) 1024px, 100vw\" class=\"wp-image-1378091\" title=\"Laternad\" \/><\/span><\/div><\/div><div class=\"et_pb_column_7 et_pb_column et_pb_column_1_4 et-last-child et_block_column et_pb_css_mix_blend_mode_passthrough\"><div class=\"et_pb_image_3 et_pb_image et_pb_module et_block_module\"><span class=\"et_pb_image_wrap\"><img loading=\"lazy\" decoding=\"async\" src=\"https:\/\/franotech.com\/wp-content\/uploads\/2025\/07\/H7-LED-Osram-Night-Breaker-Smart-1024x1024.jpg\" width=\"1024\" height=\"1024\" srcset=\"https:\/\/franotech.com\/wp-content\/uploads\/2025\/07\/H7-LED-Osram-Night-Breaker-Smart-980x980.jpg 980w, https:\/\/franotech.com\/wp-content\/uploads\/2025\/07\/H7-LED-Osram-Night-Breaker-Smart-480x480.jpg 480w\" sizes=\"(min-width: 0px) and (max-width: 480px) 480px, (min-width: 481px) and (max-width: 980px) 980px, (min-width: 981px) 1024px, 100vw\" class=\"wp-image-1378089\" title=\"Laternad\" \/><\/span><\/div><\/div><\/div><\/div>\n","protected":false},"excerpt":{"rendered":"","protected":false},"author":1,"featured_media":0,"parent":0,"menu_order":0,"comment_status":"closed","ping_status":"closed","template":"","meta":{"footnotes":""},"class_list":["post-1379400","page","type-page","status-publish","hentry"],"ams_acf":[],"_links":{"self":[{"href":"https:\/\/franotech.com\/et\/wp-json\/wp\/v2\/pages\/1379400","targetHints":{"allow":["GET"]}}],"collection":[{"href":"https:\/\/franotech.com\/et\/wp-json\/wp\/v2\/pages"}],"about":[{"href":"https:\/\/franotech.com\/et\/wp-json\/wp\/v2\/types\/page"}],"author":[{"embeddable":true,"href":"https:\/\/franotech.com\/et\/wp-json\/wp\/v2\/users\/1"}],"replies":[{"embeddable":true,"href":"https:\/\/franotech.com\/et\/wp-json\/wp\/v2\/comments?post=1379400"}],"version-history":[{"count":3,"href":"https:\/\/franotech.com\/et\/wp-json\/wp\/v2\/pages\/1379400\/revisions"}],"predecessor-version":[{"id":1380859,"href":"https:\/\/franotech.com\/et\/wp-json\/wp\/v2\/pages\/1379400\/revisions\/1380859"}],"wp:attachment":[{"href":"https:\/\/franotech.com\/et\/wp-json\/wp\/v2\/media?parent=1379400"}],"curies":[{"name":"wp","href":"https:\/\/api.w.org\/{rel}","templated":true}]}}