{"id":1379415,"date":"2025-05-21T10:15:50","date_gmt":"2025-05-21T10:15:50","guid":{"rendered":"https:\/\/franotech.com\/tagasimaksete-ja-tagastuste-poliitika\/"},"modified":"2025-09-18T11:17:28","modified_gmt":"2025-09-18T11:17:28","slug":"tagasimaksete-ja-tagastuste-poliitika","status":"publish","type":"page","link":"https:\/\/franotech.com\/et\/tagasimaksete-ja-tagastuste-poliitika\/","title":{"rendered":"Tagasimaksete ja tagastuste poliitika"},"content":{"rendered":"\n<p><strong>1. Ettev\u00f5tjatel puudub seadusest tulenev t\u00fchistamis\u00f5igus<\/strong><br\/>\u00c4riklientidele (ettev\u00f5tjad BGB paragrahvi 14 t\u00e4henduses) ei ole \u00fcldjuhul seadusest tulenevat t\u00fchistamis- v\u00f5i tagastamis\u00f5igust meie veebilehe kaudu tehtud tellimuste puhul. Taganemis\u00f5igust k\u00e4sitlevad seaduses\u00e4tted kehtivad ainult tarbijate suhtes ja ei kehti B2B tehingute puhul. <\/p>\n\n<p><strong>2. Vabatahtlik tagastus\u00f5igus (hea tahte kokkulepe)<\/strong><br\/>Sellest olenemata pakume oma \u00e4riklientidele v\u00f5imalust tellida tellitud kaup hea tahte \u017eestina tagasi j\u00e4rgmistel tingimustel:<\/p>\n\n<ul class=\"wp-block-list\">\n<li><strong>Tagastamist\u00e4htaeg:<\/strong><br\/>Tagastamine on v\u00f5imalik ainult 14 p\u00e4eva jooksul alates kauba k\u00e4ttesaamisest. T\u00e4htaeg algab kauba kliendile \u00fcleandmise p\u00e4evast. <\/li>\n\n\n\n<li><strong>Tagastamisele esitatavad n\u00f5uded:<\/strong><br\/>Tagastatavad tooted peavad olema kasutamata, kahjustamata ja originaalpakendis. Juba kasutatud v\u00f5i kahjustatud kaupu ei saa tagastada. Kui kaup ei ole m\u00fc\u00fcgik\u00f5lblikus seisukorras, j\u00e4tame endale \u00f5iguse keelduda tagasimaksmisest v\u00f5i tagastada kaup kliendi kulul. Testpakendite puhul v\u00f5ib kasutada ainult testimiseks heakskiidetud tooteid.   <\/li>\n\n\n\n<li><strong>Erandid:<\/strong><br\/>Individuaalselt valmistatud v\u00f5i isikup\u00e4rastatud tooted ja eritellimusel valmistatud tooted ei kuulu tagastamisele.<\/li>\n\n\n\n<li><strong>Tagastamiskulud:<\/strong><br\/>Klient kannab kauba tagastamise kulud. Tasumata tagastusi ei v\u00f5eta vastu. V\u00e4lja arvatud juhul, kui on kokku lepitud testpakett ja me oleme taganud tasuta kogumise.  <\/li>\n\n\n\n<li><strong>Tagastamine:<\/strong><br\/>P\u00e4rast tagastatud kauba k\u00e4ttesaamist ja kontrollimist tagastame kauba v\u00e4\u00e4rtuse algselt valitud makseviisi kaudu. Saatmiskulusid ei tagastata, v\u00e4lja arvatud juhul, kui on kokku lepitud tasuta k\u00e4ttesaamises. <\/li>\n<\/ul>\n\n<p><strong>3. tagastamisprotsess<\/strong><br\/>Palun registreerige oma tagastamine eelnevalt meie klienditeeninduses. P\u00e4rast kinnitust saate lisateavet tagastuse kohta. <\/p>\n\n<p><strong>4. Kontakt<\/strong><br\/>K\u00fcsimuste esitamiseks v\u00f5i tagastuse registreerimiseks v\u00f5tke \u00fchendust:<br\/>service@franotech.com.<\/p>\n","protected":false},"excerpt":{"rendered":"<p>1. Ettev\u00f5tjatel puudub seadusest tulenev t\u00fchistamis\u00f5igus\u00c4riklientidele (ettev\u00f5tjad BGB paragrahvi 14 t\u00e4henduses) ei ole \u00fcldjuhul seadusest tulenevat t\u00fchistamis- v\u00f5i tagastamis\u00f5igust meie veebilehe kaudu tehtud tellimuste puhul. Taganemis\u00f5igust k\u00e4sitlevad seaduses\u00e4tted kehtivad ainult tarbijate suhtes ja ei kehti B2B tehingute puhul. 2. Vabatahtlik tagastus\u00f5igus (hea tahte kokkulepe)Sellest olenemata pakume oma \u00e4riklientidele v\u00f5imalust tellida tellitud kaup hea tahte \u017eestina [&hellip;]<\/p>\n","protected":false},"author":1,"featured_media":0,"parent":0,"menu_order":0,"comment_status":"closed","ping_status":"closed","template":"","meta":{"footnotes":""},"class_list":["post-1379415","page","type-page","status-publish","hentry"],"ams_acf":[],"_links":{"self":[{"href":"https:\/\/franotech.com\/et\/wp-json\/wp\/v2\/pages\/1379415","targetHints":{"allow":["GET"]}}],"collection":[{"href":"https:\/\/franotech.com\/et\/wp-json\/wp\/v2\/pages"}],"about":[{"href":"https:\/\/franotech.com\/et\/wp-json\/wp\/v2\/types\/page"}],"author":[{"embeddable":true,"href":"https:\/\/franotech.com\/et\/wp-json\/wp\/v2\/users\/1"}],"replies":[{"embeddable":true,"href":"https:\/\/franotech.com\/et\/wp-json\/wp\/v2\/comments?post=1379415"}],"version-history":[{"count":1,"href":"https:\/\/franotech.com\/et\/wp-json\/wp\/v2\/pages\/1379415\/revisions"}],"predecessor-version":[{"id":1379416,"href":"https:\/\/franotech.com\/et\/wp-json\/wp\/v2\/pages\/1379415\/revisions\/1379416"}],"wp:attachment":[{"href":"https:\/\/franotech.com\/et\/wp-json\/wp\/v2\/media?parent=1379415"}],"curies":[{"name":"wp","href":"https:\/\/api.w.org\/{rel}","templated":true}]}}