{"id":1376482,"date":"2025-05-20T09:23:40","date_gmt":"2025-05-20T08:23:40","guid":{"rendered":"https:\/\/franotech.com\/commencer\/"},"modified":"2026-02-27T07:40:19","modified_gmt":"2026-02-27T06:40:19","slug":"commencer","status":"publish","type":"page","link":"https:\/\/franotech.com\/fr\/","title":{"rendered":"Commencer"},"content":{"rendered":"\n<div class=\"et_pb_section_0 et_pb_section et_section_regular et_block_section et_animated\"><div class=\"et_pb_row_0 et_pb_row et_block_row\"><div class=\"et_pb_column_0 et_pb_column et_pb_column_4_4 et-last-child et_block_column et_pb_css_mix_blend_mode_passthrough\"><div class=\"et_pb_text_0 et_pb_text et_pb_bg_layout_dark et_pb_module et_block_module et_pb_text_align_center\"><div class=\"et_pb_text_inner\"><h1>Sp\u00e9cialiste en<br \/>Visibilit\u00e9 &amp; S\u00e9curit\u00e9<\/h1>\n<p>Prix attractifs, qualit\u00e9 sup\u00e9rieure et livraison rapide dans toute l'Europe<\/p>\n<\/div><\/div><div class=\"et_pb_module et_pb_button_module_wrapper et_pb_button_0_wrapper\"><a class=\"et_pb_button_0 et_pb_button et_pb_bg_layout_dark et_pb_module et_block_module\" href=\"https:\/\/franotech.com\/wholesale\/\">Acc\u00e9der \u00e0 la boutique du revendeur<\/a><\/div><\/div><\/div><\/div><div class=\"et_pb_section_1 et_pb_section et_section_regular et_block_section\"><div class=\"et_pb_row_1 et_pb_row et_block_row\"><div class=\"et_pb_column_1 et_pb_column et_pb_column_4_4 et-last-child et_block_column et_pb_css_mix_blend_mode_passthrough\"><div class=\"et_pb_heading_0 et_pb_heading et_pb_module et_block_module\"><div class=\"et_pb_heading_container\"><h1 class=\"et_pb_module_header\">Aper\u00e7u de nos produits<\/h1><\/div><\/div><\/div><\/div><div class=\"et_pb_row_2 et_pb_row et_pb_equal_columns et_block_row\"><div class=\"et_pb_column_2 et_pb_column et_pb_column_1_2 et_block_column et_pb_css_mix_blend_mode_passthrough\"><div class=\"et_pb_text_1 et_pb_text et_pb_bg_layout_light et_pb_module et_block_module\"><div class=\"et_pb_text_inner\"><h2>Trousses de secours<\/h2>\n<\/div><\/div><div class=\"et_pb_text_2 et_pb_text et_pb_bg_layout_light et_pb_module et_block_module\"><div class=\"et_pb_text_inner\"><p>Les trousses de secours sont disponibles en versions 1 pi\u00e8ce avec uniquement du mat\u00e9riel de premiers soins, 2 pi\u00e8ces avec mat\u00e9riel de premiers soins et gilet de s\u00e9curit\u00e9, et 3 pi\u00e8ces avec mat\u00e9riel de premiers soins, gilet de s\u00e9curit\u00e9 et triangle de signalisation. Chez nous, vous trouverez toujours les normes les plus r\u00e9centes pour une s\u00e9curit\u00e9 juridique optimale : <br \/><strong>-Mat\u00e9riel de premiers soins conforme \u00e0 la norme DIN 13164 la plus r\u00e9cente<br \/>-Gilet de s\u00e9curit\u00e9 conforme \u00e0 la norme <span>EN ISO 20471 la plus r\u00e9cente<br \/>-Triangle de signalisation conforme \u00e0 la norme 27R<\/span> E la plus r\u00e9cente<br \/><\/strong>Gr\u00e2ce \u00e0 notre rotation rapide des stocks, nous disposons toujours des dates de p\u00e9remption les plus r\u00e9centes pour le mat\u00e9riel de premiers soins. Nous garantissons une dur\u00e9e de conservation d'au moins 5 ans \u00e0 nos clients revendeurs \u00e0 compter de la date de commande. <br \/><strong>NOUVEAU : AVEC LOGO EN COULEUR PAR IMPRESSION NUM\u00c9RIQUE AU M\u00caME PRIX !<\/strong><\/p>\n<\/div><\/div><div class=\"et_pb_module et_pb_button_module_wrapper et_pb_button_1_wrapper\"><a class=\"et_pb_button_1 et_pb_button et_pb_bg_layout_dark et_pb_module et_block_module\" href=\"https:\/\/franotech.com\/wholesale\/\">Commander maintenant avec votre propre logo d&amp;apos;entreprise<\/a><\/div><\/div><div class=\"et_pb_column_3 et_pb_column et_pb_column_1_2 et-last-child et_block_column et_pb_css_mix_blend_mode_passthrough\"><div class=\"et_pb_image_0 et_pb_image et_pb_module et_block_module\"><span class=\"et_pb_image_wrap\"><img loading=\"lazy\" decoding=\"async\" src=\"https:\/\/franotech.com\/wp-content\/uploads\/2025\/09\/All-in-One-Kfz-Kombitasche-Start-page-1.jpg\" width=\"800\" height=\"533\" srcset=\"https:\/\/franotech.com\/wp-content\/uploads\/2025\/09\/All-in-One-Kfz-Kombitasche-Start-page-1.jpg 800w, https:\/\/franotech.com\/wp-content\/uploads\/2025\/09\/All-in-One-Kfz-Kombitasche-Start-page-1-480x320.jpg 480w\" sizes=\"(min-width: 0px) and (max-width: 480px) 480px, (min-width: 481px) 800px, 100vw\" class=\"wp-image-1378789\" title=\"All in One Sacoche combin\u00e9e pour voiture Start page\" \/><\/span><\/div><\/div><\/div><div class=\"et_pb_row_3 et_pb_row et_pb_equal_columns et_block_row\"><div class=\"et_pb_column_4 et_pb_column et_pb_column_1_2 et_block_column et_pb_css_mix_blend_mode_passthrough\"><div class=\"et_pb_image_1 et_pb_image et_pb_module et_block_module\"><span class=\"et_pb_image_wrap\"><img loading=\"lazy\" decoding=\"async\" src=\"https:\/\/franotech.com\/wp-content\/uploads\/2025\/05\/wipers.jpg\" width=\"800\" height=\"533\" srcset=\"https:\/\/franotech.com\/wp-content\/uploads\/2025\/05\/wipers.jpg 800w, https:\/\/franotech.com\/wp-content\/uploads\/2025\/05\/wipers-480x320.jpg 480w\" sizes=\"(min-width: 0px) and (max-width: 480px) 480px, (min-width: 481px) 800px, 100vw\" class=\"wp-image-1376077\" title=\"wipers\" \/><\/span><\/div><\/div><div class=\"et_pb_column_5 et_pb_column et_pb_column_1_2 et-last-child et_block_column et_pb_css_mix_blend_mode_passthrough\"><div class=\"et_pb_text_3 et_pb_text et_pb_bg_layout_light et_pb_module et_block_module\"><div class=\"et_pb_text_inner\"><h2>Essuie-glaces<\/h2>\n<\/div><\/div><div class=\"et_pb_text_4 et_pb_text et_pb_bg_layout_light et_pb_module et_block_module\"><div class=\"et_pb_text_inner\"><p>Une pression de contact \u00e9lev\u00e9e et une lame en caoutchouc de haute qualit\u00e9 permettent \u00e0 nos essuie-glaces de glisser sur le pare-brise et assurent une conduite s\u00fbre m\u00eame par forte pluie. Gr\u00e2ce \u00e0 notre syst\u00e8me d'adaptateurs modulaires, les revendeurs peuvent consid\u00e9rablement r\u00e9duire leur stock et commander facilement par longueur. Il suffit de choisir la longueur d'essuie-glace correcte et de clipser l'adaptateur appropri\u00e9 au lieu de commander des essuie-glaces en fonction du mod\u00e8le de v\u00e9hicule.  <\/p>\n<\/div><\/div><div class=\"et_pb_module et_pb_button_module_wrapper et_pb_button_2_wrapper\"><a class=\"et_pb_button_2 et_pb_button et_pb_bg_layout_dark et_pb_module et_block_module\" href=\"https:\/\/franotech.com\/wholesale\/\">Commander maintenant des essuie-glaces par longueur<\/a><\/div><\/div><\/div><div class=\"et_pb_row_4 et_pb_row et_pb_equal_columns et_block_row\"><div class=\"et_pb_column_6 et_pb_column et_pb_column_1_2 et_block_column et_pb_css_mix_blend_mode_passthrough\"><div class=\"et_pb_text_5 et_pb_text et_pb_bg_layout_light et_pb_module et_block_module\"><div class=\"et_pb_text_inner\"><h2>Ampoules pour v\u00e9hicules<\/h2>\n<\/div><\/div><div class=\"et_pb_text_6 et_pb_text et_pb_bg_layout_light et_pb_module et_block_module\"><div class=\"et_pb_text_inner\"><p>Nous proposons des ampoules pour tous les types de culots \u00e0 des prix tr\u00e8s comp\u00e9titifs. Comme les ampoules de nos concurrents provenant d'importations chinoises bon march\u00e9 posent souvent des probl\u00e8mes, nous misons sur une fabrication de haute qualit\u00e9 en Cor\u00e9e pour offrir \u00e0 nos clients revendeurs des ampoules durables et de qualit\u00e9 sup\u00e9rieure.<br \/>Depuis peu, nous proposons \u00e9galement des ampoules LED pour la majorit\u00e9 des mod\u00e8les de v\u00e9hicules. <\/p>\n<\/div><\/div><div class=\"et_pb_module et_pb_button_module_wrapper et_pb_button_3_wrapper\"><a class=\"et_pb_button_3 et_pb_button et_pb_bg_layout_dark et_pb_module et_block_module\" href=\"https:\/\/franotech.com\/wholesale\/\">Commander maintenant des ampoules halog\u00e8nes, x\u00e9non ou LED de derni\u00e8re g\u00e9n\u00e9ration<\/a><\/div><\/div><div class=\"et_pb_column_7 et_pb_column et_pb_column_1_2 et-last-child et_block_column et_pb_css_mix_blend_mode_passthrough\"><div class=\"et_pb_image_2 et_pb_image et_pb_module et_block_module\"><span class=\"et_pb_image_wrap\"><img loading=\"lazy\" decoding=\"async\" src=\"https:\/\/franotech.com\/wp-content\/uploads\/2025\/05\/car-light.jpg\" width=\"800\" height=\"533\" srcset=\"https:\/\/franotech.com\/wp-content\/uploads\/2025\/05\/car-light.jpg 800w, https:\/\/franotech.com\/wp-content\/uploads\/2025\/05\/car-light-480x320.jpg 480w\" sizes=\"(min-width: 0px) and (max-width: 480px) 480px, (min-width: 481px) 800px, 100vw\" class=\"wp-image-1376088\" title=\"car light\" \/><\/span><\/div><\/div><\/div><\/div><div class=\"et_pb_section_2 et_pb_section et_section_regular et_block_section\"><div class=\"et_pb_row_5 et_pb_row et_block_row\"><div class=\"et_pb_column_8 et_pb_column et_pb_column_1_3 et_block_column et_pb_css_mix_blend_mode_passthrough\"><div class=\"et_pb_blurb_0 et_pb_blurb et_pb_bg_layout_light et_pb_blurb_position_left et_animated et_pb_module et_block_module\"><div class=\"et_pb_blurb_content\"><div class=\"et_pb_main_blurb_image\"><span class=\"et_pb_image_wrap\"><span class=\"et-pb-icon et-waypoint et_pb_animation_off et_pb_animation_off_tablet et_pb_animation_off_phone\">N<\/span><\/span><\/div><div class=\"et_pb_blurb_container\"><h4 class=\"et_pb_module_header\">Exp\u00e9rience de longue date<\/h4><div class=\"et_pb_blurb_description\"><p>Notre \u00e9quipe d'experts travaille depuis des d\u00e9cennies dans l'industrie de la visibilit\u00e9 &amp; de la s\u00e9curit\u00e9.<\/p>\n<\/div><\/div><\/div><\/div><\/div><div class=\"et_pb_column_9 et_pb_column et_pb_column_1_3 et_block_column et_pb_css_mix_blend_mode_passthrough\"><div class=\"et_pb_blurb_1 et_pb_blurb et_pb_bg_layout_light et_pb_blurb_position_left et_animated et_pb_module et_block_module\"><div class=\"et_pb_blurb_content\"><div class=\"et_pb_main_blurb_image\"><span class=\"et_pb_image_wrap\"><span class=\"et-pb-icon et-waypoint et_pb_animation_off et_pb_animation_off_tablet et_pb_animation_off_phone\">N<\/span><\/span><\/div><div class=\"et_pb_blurb_container\"><h4 class=\"et_pb_module_header\">Livraisons dans toute l&#039;Europe<\/h4><div class=\"et_pb_blurb_description\"><p>Avec plusieurs entrep\u00f4ts en Europe, nous pouvons approvisionner rapidement tous les concessionnaires, ateliers, etc.<\/p>\n<\/div><\/div><\/div><\/div><\/div><div class=\"et_pb_column_10 et_pb_column et_pb_column_1_3 et-last-child et_block_column et_pb_css_mix_blend_mode_passthrough\"><div class=\"et_pb_blurb_2 et_pb_blurb et_pb_bg_layout_light et_pb_blurb_position_left et_animated et_pb_module et_block_module\"><div class=\"et_pb_blurb_content\"><div class=\"et_pb_main_blurb_image\"><span class=\"et_pb_image_wrap\"><span class=\"et-pb-icon et-waypoint et_pb_animation_off et_pb_animation_off_tablet et_pb_animation_off_phone\">N<\/span><\/span><\/div><div class=\"et_pb_blurb_container\"><h4 class=\"et_pb_module_header\">Assistance<\/h4><div class=\"et_pb_blurb_description\"><p>Avec nos centres clients multilingues, nous offrons des conseils et un support personnalis\u00e9s.<\/p>\n<\/div><\/div><\/div><\/div><\/div><\/div><div class=\"et_pb_row_6 et_pb_row et_block_row\"><div class=\"et_pb_column_11 et_pb_column et_pb_column_1_3 et_block_column et_pb_css_mix_blend_mode_passthrough\"><div class=\"et_pb_blurb_3 et_pb_blurb et_pb_bg_layout_light et_pb_blurb_position_left et_animated et_pb_module et_block_module\"><div class=\"et_pb_blurb_content\"><div class=\"et_pb_main_blurb_image\"><span class=\"et_pb_image_wrap\"><span class=\"et-pb-icon et-waypoint et_pb_animation_off et_pb_animation_off_tablet et_pb_animation_off_phone\">N<\/span><\/span><\/div><div class=\"et_pb_blurb_container\"><h4 class=\"et_pb_module_header\">Diverses m\u00e9thodes de paiement<\/h4><div class=\"et_pb_blurb_description\"><p>Nous proposons presque toutes les m\u00e9thodes de paiement. De l'achat sur facture au Bitcoin. <\/p>\n<\/div><\/div><\/div><\/div><\/div><div class=\"et_pb_column_12 et_pb_column et_pb_column_1_3 et_block_column et_pb_css_mix_blend_mode_passthrough\"><div class=\"et_pb_blurb_4 et_pb_blurb et_pb_bg_layout_light et_pb_blurb_position_left et_animated et_pb_module et_block_module\"><div class=\"et_pb_blurb_content\"><div class=\"et_pb_main_blurb_image\"><span class=\"et_pb_image_wrap\"><span class=\"et-pb-icon et-waypoint et_pb_animation_off et_pb_animation_off_tablet et_pb_animation_off_phone\">N<\/span><\/span><\/div><div class=\"et_pb_blurb_container\"><h4 class=\"et_pb_module_header\">La qualit\u00e9, c&#039;est la s\u00e9curit\u00e9<\/h4><div class=\"et_pb_blurb_description\"><p>Une \u00e9quipe de gestion de la qualit\u00e9 effectue des contr\u00f4les r\u00e9guliers pour garantir une qualit\u00e9 parfaite \u00e0 nos clients.<\/p>\n<\/div><\/div><\/div><\/div><\/div><div class=\"et_pb_column_13 et_pb_column et_pb_column_1_3 et-last-child et_block_column et_pb_css_mix_blend_mode_passthrough\"><div class=\"et_pb_blurb_5 et_pb_blurb et_pb_bg_layout_light et_pb_blurb_position_left et_animated et_pb_module et_block_module\"><div class=\"et_pb_blurb_content\"><div class=\"et_pb_main_blurb_image\"><span class=\"et_pb_image_wrap\"><span class=\"et-pb-icon et-waypoint et_pb_animation_off et_pb_animation_off_tablet et_pb_animation_off_phone\">N<\/span><\/span><\/div><div class=\"et_pb_blurb_container\"><h4 class=\"et_pb_module_header\">Production propre<\/h4><div class=\"et_pb_blurb_description\"><p>Tout n'est pas fabriqu\u00e9 directement par nous en Europe, mais une grande partie l'est. Ainsi, nous n'avons pas de longues routes d'exp\u00e9dition maritime pour les commandes importantes. <\/p>\n<\/div><\/div><\/div><\/div><\/div><\/div><\/div><div class=\"et_pb_section_3 et_pb_section et_section_regular et_block_section section_has_divider et_pb_bottom_divider\"><div class=\"et_pb_row_7 et_pb_row et_block_row\"><div class=\"et_pb_column_14 et_pb_column et_pb_column_4_4 et-last-child et_block_column et_pb_css_mix_blend_mode_passthrough\"><div class=\"et_pb_text_7 et_pb_text et_pb_bg_layout_light et_pb_module et_block_module\"><div class=\"et_pb_text_inner\"><p style=\"text-align: center;\"><strong>Avis des clients<\/strong><\/p>\n<\/div><\/div><\/div><\/div><div class=\"et_pb_row_8 et_pb_row et_block_row\"><div class=\"et_pb_column_15 et_pb_column et_pb_column_4_4 et-last-child et_block_column et_pb_css_mix_blend_mode_passthrough\"><div class=\"et_pb_with_border et_pb_module et_d4_element dmpro_carousel dmpro_carousel_0\">\n\t\t\t\t\n\t\t\t\t\n\t\t\t\t\n\t\t\t\t\n\t\t\t\t\n\t\t\t\t\n\t\t\t\t<div class=\"et_pb_module_inner\">\n\t\t\t\t\t<style><\/style>\n            <div class=\"dmpro-carousel-main\" aria-roledescription=\"carousel\" data-columnsdesktop='3' data-columnstablet='3' data-columnsphone='3' data-spacebetween='30' data-spacebetween_tablet='30' data-spacebetween_phone='30' data-loop='on' data-speed='500' data-navigation='on' data-pagination='on' data-autoplay='on' data-autoplayspeed='5000' data-pauseonhover='off' data-effect='coverflow' data-rotate='50' data-dynamicbullets='on' data-ordernumber='0' data-centered='on' data-shadow='true' data-a11y-prevslidemessage='Previous slide' data-a11y-nextslidemessage='Next slide' data-a11y-firstslidemessage='This is the first slide' data-a11y-lastslidemessage='This is the last slide' data-a11y-paginationbulletmessage='Go to slide {{index}}' data-a11y-slidelabelmessage='{{index}} \/ {{slidesLength}}'>\n\t\t\t\t<a role=\"button\" aria-label=\"Previous slide\" class=\"swiper-button-prev swiper-arrow-button dmpro-sbp0 et-pb-arrow-prev\" ><\/a>\n\t\t\t\t <a role=\"button\" aria-label=\"Next slide\" class=\"swiper-button-next swiper-arrow-button dmpro-sbn0 et-pb-arrow-next\" ><\/a> \n                 \n                <div class=\"swiper swiper-dmpro-container\">\n                    <div class=\"swiper-wrapper dmpro-carousel-wrapper\">\n                        <div class=\"et_pb_module et_d4_element dmpro_carousel_child dmpro_carousel_child_0\">\n\t\t\t\t\n\t\t\t\t\n\t\t\t\t\n\t\t\t\t\n\t\t\t\t\n\t\t\t\t\n\t\t\t\t<div class=\"et_pb_module_inner\">\n\t\t\t\t\t\n            <div class=\"dmpro-carousel-child-wrapper\">\n                <div class=\"dmpro-image-wrap\"><span class=\"dmpro-carousel-image\">\n                    <img decoding=\"async\" src=\"https:\/\/franotech.com\/wp-content\/uploads\/2025\/05\/CSY-1024x1024.jpg\" alt=\"\" >\n                <\/span><\/div>\n                \n\t\t\t   <div class=\"dmpro-carousel-item-content\">\n\t\t\t\t\t<h2 class=\"dmpro-carousel-item-title\">Slawomir Mina\u0159\u00edk - C&SZ, Tschechien<\/h2>\n\t\t\t\t\t<div class=\"dmpro-carousel-item-desc\"><p>Verbandtaschen, Lampen und Scheibenwischer sind sehr gut im Preis. Die Bestellungen werden schnell bearbeitet womit wir keine gro\u00dfe Lagerhaltung brauchen. Bei Konkurrenten haben wir mindestens 2 Wochen auf bedruckte Verbandtaschen gewartet.<\/p><\/div>\n\t\t\t\t\t<div class=\"dmpro-carousel-button-wrapper\">\n\t\t\t\t\t\t\n\t\t\t\t\t<\/div>\n\t\t\t\t<\/div>\n            <\/div>\n\t\t\t\t<\/div>\n\t\t\t<\/div><div class=\"et_pb_module et_d4_element dmpro_carousel_child dmpro_carousel_child_1\">\n\t\t\t\t\n\t\t\t\t\n\t\t\t\t\n\t\t\t\t\n\t\t\t\t\n\t\t\t\t\n\t\t\t\t<div class=\"et_pb_module_inner\">\n\t\t\t\t\t\n            <div class=\"dmpro-carousel-child-wrapper\">\n                <div class=\"dmpro-image-wrap\"><span class=\"dmpro-carousel-image\">\n                    <img decoding=\"async\" src=\"https:\/\/franotech.com\/wp-content\/uploads\/2025\/05\/CarIdeet-1024x1024.jpg\" alt=\"\" >\n                <\/span><\/div>\n                \n\t\t\t   <div class=\"dmpro-carousel-item-content\">\n\t\t\t\t\t<h2 class=\"dmpro-carousel-item-title\">Bj\u00f6rn Jaspers - Carideet in Niederlande<\/h2>\n\t\t\t\t\t<div class=\"dmpro-carousel-item-desc\"><p>Ich freue mich noch einen festen menschlichen Ansprechpartner zu haben, welcher die Bestellungen auf unsere Bed\u00fcrfnisse anpasst. Die bedruckten Verbandtaschen sind vom Preis her unschlagbar und in 2-3 Tagen geliefert.<\/p><\/div>\n\t\t\t\t\t<div class=\"dmpro-carousel-button-wrapper\">\n\t\t\t\t\t\t\n\t\t\t\t\t<\/div>\n\t\t\t\t<\/div>\n            <\/div>\n\t\t\t\t<\/div>\n\t\t\t<\/div><div class=\"et_pb_module et_d4_element dmpro_carousel_child dmpro_carousel_child_2\">\n\t\t\t\t\n\t\t\t\t\n\t\t\t\t\n\t\t\t\t\n\t\t\t\t\n\t\t\t\t\n\t\t\t\t<div class=\"et_pb_module_inner\">\n\t\t\t\t\t\n            <div class=\"dmpro-carousel-child-wrapper\">\n                <div class=\"dmpro-image-wrap\"><span class=\"dmpro-carousel-image\">\n                    <img decoding=\"async\" src=\"https:\/\/franotech.com\/wp-content\/uploads\/2025\/05\/mechanic-tom-1024x1024.jpg\" alt=\"\" >\n                <\/span><\/div>\n                \n\t\t\t   <div class=\"dmpro-carousel-item-content\">\n\t\t\t\t\t<h2 class=\"dmpro-carousel-item-title\">Louis Kos - Werkstatt, Deutschland<\/h2>\n\t\t\t\t\t<div class=\"dmpro-carousel-item-desc\"><p>Als kleine Werkstatt haben wir oft nicht die M\u00f6glichkeit von Gro\u00dfhandelsrabatten, aber Franotech beliefert auch kleine Bestellmengen zu Gro\u00dfh\u00e4ndlerpreisen. Ich hoffe Franotech nimmt noch mehr Produkte ins Programm.<\/p><\/div>\n\t\t\t\t\t<div class=\"dmpro-carousel-button-wrapper\">\n\t\t\t\t\t\t\n\t\t\t\t\t<\/div>\n\t\t\t\t<\/div>\n            <\/div>\n\t\t\t\t<\/div>\n\t\t\t<\/div><div class=\"et_pb_module et_d4_element dmpro_carousel_child dmpro_carousel_child_3\">\n\t\t\t\t\n\t\t\t\t\n\t\t\t\t\n\t\t\t\t\n\t\t\t\t\n\t\t\t\t\n\t\t\t\t<div class=\"et_pb_module_inner\">\n\t\t\t\t\t\n            <div class=\"dmpro-carousel-child-wrapper\">\n                <div class=\"dmpro-image-wrap\"><span class=\"dmpro-carousel-image\">\n                    <img decoding=\"async\" src=\"https:\/\/franotech.com\/wp-content\/uploads\/2025\/05\/warehouse-manager-wholesale-1024x1024.jpg\" alt=\"\" >\n                <\/span><\/div>\n                \n\t\t\t   <div class=\"dmpro-carousel-item-content\">\n\t\t\t\t\t<h2 class=\"dmpro-carousel-item-title\">Tommy P. - Gro\u00dfhandel, Deutschland<\/h2>\n\t\t\t\t\t<div class=\"dmpro-carousel-item-desc\"><p>Wir sind ein Gro\u00dfhandel und bestellen normalerweise in China und co. Jedoch bekommt Franotech es hin, dass sie billiger und schneller sind wenn man die Risiken, China Schiffzeiten von ca. 3+ Monaten und Lagerhaltung mit einberechnet. Deswegen liefert Franotech in unserem Namen direkt an unsere Kunden.<\/p><\/div>\n\t\t\t\t\t<div class=\"dmpro-carousel-button-wrapper\">\n\t\t\t\t\t\t\n\t\t\t\t\t<\/div>\n\t\t\t\t<\/div>\n            <\/div>\n\t\t\t\t<\/div>\n\t\t\t<\/div><div class=\"et_pb_module et_d4_element dmpro_carousel_child dmpro_carousel_child_4\">\n\t\t\t\t\n\t\t\t\t\n\t\t\t\t\n\t\t\t\t\n\t\t\t\t\n\t\t\t\t\n\t\t\t\t<div class=\"et_pb_module_inner\">\n\t\t\t\t\t\n            <div class=\"dmpro-carousel-child-wrapper\">\n                <div class=\"dmpro-image-wrap\"><span class=\"dmpro-carousel-image\">\n                    <img decoding=\"async\" src=\"https:\/\/franotech.com\/wp-content\/uploads\/2025\/05\/Tomasz-Janowski-1024x1024.jpg\" alt=\"\" >\n                <\/span><\/div>\n                \n\t\t\t   <div class=\"dmpro-carousel-item-content\">\n\t\t\t\t\t<h2 class=\"dmpro-carousel-item-title\">Tomasz Janowski - Truck Fleet Manager, Polen<\/h2>\n\t\t\t\t\t<div class=\"dmpro-carousel-item-desc\"><p>Unsere LKW Flotte von \u00fcber 250+ LKWs statten wir mit Sicherheitsprodukten von Franotech aus. Warnwesten und Verbandtaschen immer in top Qualit\u00e4t zu top preisen und aus neuester Produktion mit langem Haltbarkeitsdatum. Das ist f\u00fcr uns am wichtigsten um die Wartungsintervalle lang zu halten und kosten zu sparen.<\/p><\/div>\n\t\t\t\t\t<div class=\"dmpro-carousel-button-wrapper\">\n\t\t\t\t\t\t\n\t\t\t\t\t<\/div>\n\t\t\t\t<\/div>\n            <\/div>\n\t\t\t\t<\/div>\n\t\t\t<\/div>\n                    <\/div>\n                <\/div>\n                <div class=\"swiper-pagination dmpro-sp0\"><\/div>\n            <\/div>\n\t\t\t\t<\/div>\n\t\t\t<\/div><div class=\"et_pb_text_8 et_pb_text et_pb_bg_layout_light et_pb_module et_block_module\"><div class=\"et_pb_text_inner\"><p style=\"text-align: center;\">Nous pouvons publier votre t\u00e9moignage ? Ecrivez-nous 2-3 lignes et envoyez une photo repr\u00e9sentative \u00e0 <a href=\"mailto:service@franotech.com\">service@franotech.com<\/a><br \/>et recevez une fois <span style=\"text-decoration: underline;\">jusqu'\u00e0 10% de<\/span> r\u00e9duction sur votre prochaine commande jusqu'\u00e0 1.000 UER. <\/p>\n<\/div><\/div><\/div><\/div><div class=\"et_pb_bottom_inside_divider et-no-transition\"><\/div><\/div>\n","protected":false},"excerpt":{"rendered":"","protected":false},"author":1,"featured_media":0,"parent":0,"menu_order":0,"comment_status":"closed","ping_status":"closed","template":"","meta":{"_et_pb_use_builder":"on","_et_pb_old_content":"","_et_gb_content_width":"","footnotes":""},"class_list":["post-1376482","page","type-page","status-publish","hentry"],"ams_acf":[],"_links":{"self":[{"href":"https:\/\/franotech.com\/fr\/wp-json\/wp\/v2\/pages\/1376482","targetHints":{"allow":["GET"]}}],"collection":[{"href":"https:\/\/franotech.com\/fr\/wp-json\/wp\/v2\/pages"}],"about":[{"href":"https:\/\/franotech.com\/fr\/wp-json\/wp\/v2\/types\/page"}],"author":[{"embeddable":true,"href":"https:\/\/franotech.com\/fr\/wp-json\/wp\/v2\/users\/1"}],"replies":[{"embeddable":true,"href":"https:\/\/franotech.com\/fr\/wp-json\/wp\/v2\/comments?post=1376482"}],"version-history":[{"count":4,"href":"https:\/\/franotech.com\/fr\/wp-json\/wp\/v2\/pages\/1376482\/revisions"}],"predecessor-version":[{"id":1380843,"href":"https:\/\/franotech.com\/fr\/wp-json\/wp\/v2\/pages\/1376482\/revisions\/1380843"}],"wp:attachment":[{"href":"https:\/\/franotech.com\/fr\/wp-json\/wp\/v2\/media?parent=1376482"}],"curies":[{"name":"wp","href":"https:\/\/api.w.org\/{rel}","templated":true}]}}