{"id":1379296,"date":"2025-05-21T08:14:25","date_gmt":"2025-05-21T07:14:25","guid":{"rendered":"https:\/\/franotech.com\/essuie-glaces\/"},"modified":"2026-02-27T07:40:20","modified_gmt":"2026-02-27T06:40:20","slug":"essuie-glaces","status":"publish","type":"page","link":"https:\/\/franotech.com\/fr\/essuie-glaces\/","title":{"rendered":"Essuie-glaces"},"content":{"rendered":"\n<div class=\"et_pb_section_0 et_pb_section et_section_regular et_block_section\"><div class=\"et_pb_row_0 et_pb_row et_block_row\"><div class=\"et_pb_column_0 et_pb_column et_pb_column_1_2 et_block_column et_pb_css_mix_blend_mode_passthrough\"><div class=\"et_pb_image_0 et_pb_image et_pb_module et_block_module\"><span class=\"et_pb_image_wrap\"><img loading=\"lazy\" decoding=\"async\" src=\"https:\/\/franotech.com\/wp-content\/uploads\/2025\/05\/wipers.jpg\" width=\"800\" height=\"533\" srcset=\"https:\/\/franotech.com\/wp-content\/uploads\/2025\/05\/wipers.jpg 800w, https:\/\/franotech.com\/wp-content\/uploads\/2025\/05\/wipers-480x320.jpg 480w\" sizes=\"(min-width: 0px) and (max-width: 480px) 480px, (min-width: 481px) 800px, 100vw\" class=\"wp-image-1376077\" title=\"wipers\" \/><\/span><\/div><\/div><div class=\"et_pb_column_1 et_pb_column et_pb_column_1_2 et-last-child et_block_column et_pb_css_mix_blend_mode_passthrough\"><div class=\"et_pb_text_0 et_pb_text et_pb_bg_layout_light et_pb_module et_block_module\"><div class=\"et_pb_text_inner\"><p style=\"text-align: center;\"><span class=\"\"><strong>D\u00e9couvrez l'avenir de la visibilit\u00e9 : des essuie-glaces high-tech d\u00e9velopp\u00e9s par des ing\u00e9nieurs allemands.<\/strong><\/span><span><\/span><\/p>\n<ul class=\"list-outside list-disc pl-8\">\n<li><span class=\"\">Une visibilit\u00e9 parfaite par tous les temps : nos essuie-glaces ma\u00eetrisent la pluie, la neige et le verglas gr\u00e2ce \u00e0 une technologie innovante et garantissent un r\u00e9sultat d'essuyage sans traces, m\u00eame dans des conditions extr\u00eames.<\/span><span class=\"\"><span class=\"whitespace-nowrap\"><span class=\"ml-xs hover:opacity-50 transition duration-300 cursor-pointer tabular-nums light text-[11px] font-bold tracking-wide font-mono leading-none uppercase text-textOff dark:text-textOffDark selection:bg-superDuper selection:text-textMain\"><span><\/span><\/span>.<\/span><\/span><span class=\"\"><\/span><\/li>\n<li><span class=\"\">La pr\u00e9cision de l'ing\u00e9nierie allemande : les rails \u00e0 ressort haute technologie sur mesure s'adaptent parfaitement au pare-brise et r\u00e9partissent uniform\u00e9ment la pression de contact - pour une dur\u00e9e de vie jusqu'\u00e0 30 % plus longue et une qualit\u00e9 d'essuyage maximale, m\u00eame \u00e0 grande vitesse.<\/span><span class=\"\"><span class=\"whitespace-nowrap\"><span class=\"ml-xs hover:opacity-50 transition duration-300 cursor-pointer tabular-nums light text-[11px] font-bold tracking-wide font-mono leading-none uppercase text-textOff dark:text-textOffDark selection:bg-superDuper selection:text-textMain\"><span><\/span><\/span>.<\/span><\/span><span class=\"\"><\/span><\/li>\n<li><span class=\"\">Fiable en hiver : Nos essuie-glaces \u00e0 lame plate sans cadre emp\u00eachent la formation de glace et garantissent une visibilit\u00e9 claire, m\u00eame en cas de gel et de neige.<\/span><span class=\"\"><\/span><\/li>\n<li><span class=\"\">Montage simple, adaptation universelle : gr\u00e2ce \u00e0 l'adaptateur universel innovant, nos balais d'essuie-glace sont pr\u00eats \u00e0 l'emploi en un clin d'\u0153il sur presque tous les mod\u00e8les de v\u00e9hicules.<\/span><span class=\"\"><span class=\"whitespace-nowrap\"><span class=\"ml-xs hover:opacity-50 transition duration-300 cursor-pointer tabular-nums light text-[11px] font-bold tracking-wide font-mono leading-none uppercase text-textOff dark:text-textOffDark selection:bg-superDuper selection:text-textMain\"><span><\/span><\/span>. Parfait pour les ateliers afin de maintenir les co\u00fbts de stockage au minimum.<\/span><\/span><\/li>\n<\/ul>\n<\/div><\/div><\/div><\/div><div class=\"et_pb_row_1 et_pb_row et_pb_row_3-5_1-5_1-5 et_block_row et_block_row_3-5_1-5_1-5\"><div class=\"et_pb_column_2 et_pb_column et_pb_column_3_5 et_block_column et_pb_css_mix_blend_mode_passthrough\"><div class=\"et_pb_text_1 et_pb_text et_pb_bg_layout_light et_pb_module et_block_module\"><div class=\"et_pb_text_inner\"><ul class=\"list-outside list-disc pl-8\">\n<li><span class=\"\">Silencieux et a\u00e9rodynamique : gr\u00e2ce au bruit minimal du vent et \u00e0 la r\u00e9duction de la surface de contact avec le flux d'air, vous profitez d'une conduite silencieuse, quelle que soit la vitesse \u00e0 laquelle vous roulez.<\/span><span class=\"\"><span class=\"whitespace-nowrap\"><span class=\"ml-xs hover:opacity-50 transition duration-300 cursor-pointer tabular-nums light text-[11px] font-bold tracking-wide font-mono leading-none uppercase text-textOff dark:text-textOffDark selection:bg-superDuper selection:text-textMain\"><span><\/span><\/span>.<\/span><\/span><\/li>\n<\/ul>\n<\/div><\/div><\/div><div class=\"et_pb_column_3 et_pb_column et_pb_column_1_5 et_block_column et_pb_css_mix_blend_mode_passthrough\"><div class=\"et_pb_image_1 et_pb_image et_pb_module et_block_module\"><span class=\"et_pb_image_wrap\"><img loading=\"lazy\" decoding=\"async\" src=\"https:\/\/franotech.com\/wp-content\/uploads\/2025\/05\/CFD-Analysis-2-16to9.gif\" width=\"538\" height=\"336\" srcset=\"https:\/\/franotech.com\/wp-content\/uploads\/2025\/05\/CFD-Analysis-2-16to9.gif 538w\" sizes=\"(min-width: 0px) and (max-width: 480px) 480px, (min-width: 481px) 538px, 100vw\" class=\"wp-image-1376715\" title=\"Analyse CFD 2 16to9\" \/><\/span><\/div><\/div><div class=\"et_pb_column_4 et_pb_column et_pb_column_1_5 et-last-child et_block_column et_pb_css_mix_blend_mode_passthrough\"><div class=\"et_pb_image_2 et_pb_image et_pb_module et_block_module\"><span class=\"et_pb_image_wrap\"><img loading=\"lazy\" decoding=\"async\" src=\"https:\/\/franotech.com\/wp-content\/uploads\/2025\/05\/CFD-Analysis-1-16to9.gif\" width=\"393\" height=\"221\" srcset=\"https:\/\/franotech.com\/wp-content\/uploads\/2025\/05\/CFD-Analysis-1-16to9.gif 393w\" sizes=\"(max-width: 393px) 100vw, 393px\" class=\"wp-image-1376697\" title=\"Analyse CFD 1 16to9\" \/><\/span><\/div><\/div><\/div><div class=\"et_pb_row_2 et_pb_row et_block_row\"><div class=\"et_pb_column_5 et_pb_column et_pb_column_4_4 et-last-child et_block_column et_pb_css_mix_blend_mode_passthrough\"><div class=\"et_pb_module et_pb_button_module_wrapper et_pb_button_0_wrapper\"><a class=\"et_pb_button_0 et_pb_button et_pb_bg_layout_dark et_pb_module et_block_module\" href=\"\">Commander maintenant des essuie-glaces par longueur<\/a><\/div><div class=\"et_pb_divider_0 et_pb_divider et_pb_space et_pb_divider_position_top et_pb_module\"><div class=\"et_pb_divider_internal\"><\/div><\/div><\/div><\/div><div class=\"et_pb_row_3 et_pb_row et_block_row\"><div class=\"et_pb_column_6 et_pb_column et_pb_column_4_4 et-last-child et_block_column et_pb_css_mix_blend_mode_passthrough\"><div class=\"et_pb_text_2 et_pb_text et_pb_bg_layout_light et_pb_module et_block_module\"><div class=\"et_pb_text_inner\"><p style=\"text-align: center;\"><strong>Coming Soon : le Rainglide One<\/strong><\/p>\n<\/div><\/div><\/div><\/div><div class=\"et_pb_row_4 et_pb_row et_pb_equal_columns et_block_row\"><div class=\"et_pb_column_7 et_pb_column et_pb_column_1_2 et_block_column et_pb_css_mix_blend_mode_passthrough\"><div class=\"et_pb_video_0 et_pb_video et_pb_module et_block_module\"><div class=\"et_pb_video_box\"><video controls><source type=\"video\/webm\" src=\"https:\/\/rainglide.com\/wp-content\/uploads\/2025\/02\/Rainglide-German-compress.mp4\" \/><\/video><\/div><\/div><\/div><div class=\"et_pb_column_8 et_pb_column et_pb_column_1_2 et-last-child et_block_column et_pb_css_mix_blend_mode_passthrough\"><div class=\"et_pb_text_3 et_pb_text et_pb_bg_layout_light et_pb_module et_block_module\"><div class=\"et_pb_text_inner\"><ul>\n<li><strong>Innovation a\u00e9rodynamique pour une forte pression de contact \u00e0 haute vitesse<\/strong><\/li>\n<li><strong>Technologie Bug Scrapper contre les r\u00e9sidus d'insectes et autres salet\u00e9s tenaces<\/strong><\/li>\n<li><strong>Entretien des vitres \u00e0 chaque cycle d'essuyage gr\u00e2ce \u00e0 un r\u00e9servoir int\u00e9gr\u00e9 pour la distribution du produit d'entretien nano Magic Glide<\/strong><\/li>\n<\/ul>\n<p><strong>Plus d'infos sur : <a href=\"https:\/\/rainglide.com\/\">rainglide.com<\/a><\/strong><\/p>\n<\/div><\/div><\/div><\/div><\/div>\n","protected":false},"excerpt":{"rendered":"","protected":false},"author":1,"featured_media":0,"parent":0,"menu_order":0,"comment_status":"closed","ping_status":"closed","template":"","meta":{"footnotes":""},"class_list":["post-1379296","page","type-page","status-publish","hentry"],"ams_acf":[],"_links":{"self":[{"href":"https:\/\/franotech.com\/fr\/wp-json\/wp\/v2\/pages\/1379296","targetHints":{"allow":["GET"]}}],"collection":[{"href":"https:\/\/franotech.com\/fr\/wp-json\/wp\/v2\/pages"}],"about":[{"href":"https:\/\/franotech.com\/fr\/wp-json\/wp\/v2\/types\/page"}],"author":[{"embeddable":true,"href":"https:\/\/franotech.com\/fr\/wp-json\/wp\/v2\/users\/1"}],"replies":[{"embeddable":true,"href":"https:\/\/franotech.com\/fr\/wp-json\/wp\/v2\/comments?post=1379296"}],"version-history":[{"count":3,"href":"https:\/\/franotech.com\/fr\/wp-json\/wp\/v2\/pages\/1379296\/revisions"}],"predecessor-version":[{"id":1380854,"href":"https:\/\/franotech.com\/fr\/wp-json\/wp\/v2\/pages\/1379296\/revisions\/1380854"}],"wp:attachment":[{"href":"https:\/\/franotech.com\/fr\/wp-json\/wp\/v2\/media?parent=1379296"}],"curies":[{"name":"wp","href":"https:\/\/api.w.org\/{rel}","templated":true}]}}