{"id":1379314,"date":"2025-05-20T09:21:34","date_gmt":"2025-05-20T09:21:34","guid":{"rendered":"https:\/\/franotech.com\/declaration-de-confidentialite\/"},"modified":"2025-09-18T11:14:47","modified_gmt":"2025-09-18T11:14:47","slug":"declaration-de-confidentialite","status":"publish","type":"page","link":"https:\/\/franotech.com\/fr\/declaration-de-confidentialite\/","title":{"rendered":"D\u00e9claration de confidentialit\u00e9"},"content":{"rendered":"\n<p><strong>1. responsable du traitement des donn\u00e9es<\/strong><br\/>Le responsable du traitement des donn\u00e9es personnelles sur ce site est :<br\/>Franotech OU<br\/>Narva Mnt 5, 10117 Tallinn, Estonie<br\/>Directeur : Marlon Franosch<br\/>E-mail : service@franotech.com<\/p>\n\n<p><strong>2. informations g\u00e9n\u00e9rales sur le traitement des donn\u00e9es<\/strong><br\/>Nous prenons tr\u00e8s au s\u00e9rieux la protection de vos donn\u00e9es personnelles. Les donn\u00e9es personnelles ne sont trait\u00e9es sur ce site que dans la mesure n\u00e9cessaire. Le traitement est effectu\u00e9 conform\u00e9ment aux dispositions du r\u00e8glement g\u00e9n\u00e9ral sur la protection des donn\u00e9es (RGPD) et des autres lois applicables en mati\u00e8re de protection des donn\u00e9es.<\/p>\n\n<p><strong>3. collecte et stockage des donn\u00e9es personnelles ainsi que la nature et le but de leur utilisation<\/strong><br\/>Lorsque vous visitez notre site web, les donn\u00e9es suivantes sont automatiquement collect\u00e9es et stock\u00e9es temporairement dans des fichiers journaux du serveur :<\/p>\n\n<ul class=\"wp-block-list\">\n<li>Adresse IP de l'ordinateur demandeur<\/li>\n\n\n\n<li>la date et l'heure de l'acc\u00e8s<\/li>\n\n\n\n<li>le nom et l'URL du fichier consult\u00e9<\/li>\n\n\n\n<li>Site web \u00e0 partir duquel l'acc\u00e8s a eu lieu (URL de r\u00e9f\u00e9rence)<\/li>\n\n\n\n<li>le navigateur utilis\u00e9 et, le cas \u00e9ch\u00e9ant, le syst\u00e8me d'exploitation de votre ordinateur<\/li>\n<\/ul>\n\n<p>Le traitement de ces donn\u00e9es a pour but d'assurer le bon fonctionnement de la connexion au site, la s\u00e9curit\u00e9 et la stabilit\u00e9 du syst\u00e8me ainsi qu'\u00e0 des fins administratives. La base juridique est l'art. 6 al. 1 lit. f du RGPD.<\/p>\n\n<p><strong>4. formulaire de contact et contact par e-mail<\/strong><br\/>Si vous nous envoyez des demandes par formulaire de contact ou par e-mail, vos donn\u00e9es, y compris les donn\u00e9es de contact que vous avez indiqu\u00e9es, seront enregistr\u00e9es chez nous pour le traitement de la demande et en cas de questions de suivi. Nous ne transmettons pas ces donn\u00e9es sans votre consentement. La base juridique est l'art. 6 al. 1 lit. b du RGPD.<\/p>\n\n<p><strong>5. cookies et outils de suivi<\/strong><br\/>Notre site utilise des cookies. Les cookies sont de petits fichiers texte qui sont enregistr\u00e9s sur votre terminal et qui permettent d'analyser l'utilisation du site web. Vous pouvez emp\u00eacher l'enregistrement des cookies en configurant votre logiciel de navigation en cons\u00e9quence.<br\/>Si nous utilisons des outils de suivi (comme Google Analytics) ou des plug-ins de m\u00e9dias sociaux, nous vous en informons s\u00e9par\u00e9ment dans la pr\u00e9sente d\u00e9claration de confidentialit\u00e9. L'utilisation se fait sur la base de l'art. 6 al. 1 lit. a du RGPD (consentement) ou de l'article 6, paragraphe 1, du RGPD. 1 lit. f du RGPD (int\u00e9r\u00eat l\u00e9gitime).<\/p>\n\n<p><strong>6. transmission de donn\u00e9es \u00e0 des tiers<\/strong><br\/>La transmission de vos donn\u00e9es personnelles \u00e0 des tiers n'a lieu que si la loi le permet ou si vous avez donn\u00e9 votre accord. Les destinataires possibles sont par exemple les prestataires de services informatiques, les fournisseurs d'h\u00e9bergement ou les autorit\u00e9s dans le cadre d'obligations l\u00e9gales. Un transfert vers des pays tiers en dehors de l'UE n'a lieu que s'il existe des garanties appropri\u00e9es et que vous avez \u00e9t\u00e9 inform\u00e9 en cons\u00e9quence.<\/p>\n\n<p><strong>7. dur\u00e9e de conservation<\/strong><br\/>Les donn\u00e9es \u00e0 caract\u00e8re personnel ne sont conserv\u00e9es qu'aussi longtemps que cela est n\u00e9cessaire aux fins mentionn\u00e9es ou qu'il existe des d\u00e9lais de conservation l\u00e9gaux. Les donn\u00e9es sont supprim\u00e9es de mani\u00e8re routini\u00e8re une fois que la finalit\u00e9 correspondante a disparu ou que ces d\u00e9lais ont expir\u00e9.<\/p>\n\n<p><strong>8. droits des personnes concern\u00e9es<\/strong><br\/>Vous avez le droit de<\/p>\n\n<ul class=\"wp-block-list\">\n<li>d'obtenir des informations sur les donn\u00e9es personnelles que nous d\u00e9tenons \u00e0 votre sujet (article 15 du RGPD)<\/li>\n\n\n\n<li>demander la rectification de donn\u00e9es inexactes (article 16 du RGPD)<\/li>\n\n\n\n<li>demander l'effacement de vos donn\u00e9es (article 17 du RGPD)<\/li>\n\n\n\n<li>demander la limitation du traitement (article 18 du RGPD)<\/li>\n\n\n\n<li>s'opposer au traitement (article 21 du RGPD)<\/li>\n\n\n\n<li>demander la portabilit\u00e9 des donn\u00e9es (article 20 du RGPD)<\/li>\n\n\n\n<li>de r\u00e9voquer \u00e0 tout moment un consentement donn\u00e9 (article 7, paragraphe 3, du RGPD)<\/li>\n\n\n\n<li>introduire une r\u00e9clamation aupr\u00e8s d'une autorit\u00e9 de contr\u00f4le (article 77 du RGPD).<\/li>\n<\/ul>\n\n<p><strong>9. obligation de fournir des donn\u00e9es<\/strong><br\/>La fourniture de donn\u00e9es \u00e0 caract\u00e8re personnel est en partie prescrite par la loi ou n\u00e9cessaire \u00e0 la conclusion d'un contrat. Sans ces donn\u00e9es, un contrat ne peut pas \u00eatre conclu ou une demande ne peut pas \u00eatre trait\u00e9e.<\/p>\n\n<p><strong>10. prise de d\u00e9cision automatis\u00e9e<\/strong><br\/>La prise de d\u00e9cision automatis\u00e9e, y compris le profilage, n'a pas lieu, sauf si cela est express\u00e9ment indiqu\u00e9 dans la pr\u00e9sente d\u00e9claration de confidentialit\u00e9.<\/p>\n\n<p><strong>11. actualit\u00e9 et modification de la pr\u00e9sente d\u00e9claration de confidentialit\u00e9<\/strong><br\/>La pr\u00e9sente d\u00e9claration de confidentialit\u00e9 est actuellement en vigueur et a \u00e9t\u00e9 mise \u00e0 jour en mai 2025. En raison de l'\u00e9volution de notre site web ou de modifications des dispositions l\u00e9gales ou administratives, il peut s'av\u00e9rer n\u00e9cessaire de modifier la pr\u00e9sente d\u00e9claration de confidentialit\u00e9. Vous pouvez consulter \u00e0 tout moment la d\u00e9claration de confidentialit\u00e9 en vigueur sur ce site.<\/p>\n","protected":false},"excerpt":{"rendered":"<p>1. responsable du traitement des donn\u00e9esLe responsable du traitement des donn\u00e9es personnelles sur ce site est :Franotech OUNarva Mnt 5, 10117 Tallinn, EstonieDirecteur : Marlon FranoschE-mail : service@franotech.com 2. informations g\u00e9n\u00e9rales sur le traitement des donn\u00e9esNous prenons tr\u00e8s au s\u00e9rieux la protection de vos donn\u00e9es personnelles. Les donn\u00e9es personnelles ne sont trait\u00e9es sur ce site [&hellip;]<\/p>\n","protected":false},"author":1,"featured_media":0,"parent":0,"menu_order":0,"comment_status":"closed","ping_status":"closed","template":"","meta":{"footnotes":""},"class_list":["post-1379314","page","type-page","status-publish","hentry"],"ams_acf":[],"_links":{"self":[{"href":"https:\/\/franotech.com\/fr\/wp-json\/wp\/v2\/pages\/1379314","targetHints":{"allow":["GET"]}}],"collection":[{"href":"https:\/\/franotech.com\/fr\/wp-json\/wp\/v2\/pages"}],"about":[{"href":"https:\/\/franotech.com\/fr\/wp-json\/wp\/v2\/types\/page"}],"author":[{"embeddable":true,"href":"https:\/\/franotech.com\/fr\/wp-json\/wp\/v2\/users\/1"}],"replies":[{"embeddable":true,"href":"https:\/\/franotech.com\/fr\/wp-json\/wp\/v2\/comments?post=1379314"}],"version-history":[{"count":1,"href":"https:\/\/franotech.com\/fr\/wp-json\/wp\/v2\/pages\/1379314\/revisions"}],"predecessor-version":[{"id":1379315,"href":"https:\/\/franotech.com\/fr\/wp-json\/wp\/v2\/pages\/1379314\/revisions\/1379315"}],"wp:attachment":[{"href":"https:\/\/franotech.com\/fr\/wp-json\/wp\/v2\/media?parent=1379314"}],"curies":[{"name":"wp","href":"https:\/\/api.w.org\/{rel}","templated":true}]}}