{"id":1379325,"date":"2025-05-20T09:21:34","date_gmt":"2025-05-20T09:21:34","guid":{"rendered":"https:\/\/franotech.com\/mentions-legales\/"},"modified":"2025-05-20T09:21:34","modified_gmt":"2025-05-20T09:21:34","slug":"mentions-legales","status":"publish","type":"page","link":"https:\/\/franotech.com\/fr\/mentions-legales\/","title":{"rendered":"Mentions l\u00e9gales"},"content":{"rendered":"<p class=\"my-0\"><strong>Informations conformes au \u00a7 5 de la directive sur le commerce \u00e9lectronique 2000\/31\/CE, \u00e0 la l\u00e9gislation estonienne et aux exigences allemandes en mati\u00e8re d&rsquo;activit\u00e9s commerciales internationales.<\/strong><\/p>\n<p class=\"my-0\"><strong>Nom de la soci\u00e9t\u00e9 :<\/strong><br \/>\nFranotech OU<\/p>\n<p class=\"my-0\"><strong>Forme juridique :<\/strong><br \/>\nOsa\u00fching (soci\u00e9t\u00e9 estonienne \u00e0 responsabilit\u00e9 limit\u00e9e, OU)<\/p>\n<p class=\"my-0\"><strong>Directeur g\u00e9n\u00e9ral :<\/strong><br \/>\nMarlon Franosch<\/p>\n<p class=\"my-0\"><strong>Si\u00e8ge de la soci\u00e9t\u00e9 :<\/strong><br \/>\nNarva Mnt 5, 10117, Tallinn, Estonie<\/p>\n<p class=\"my-0\"><strong>Num\u00e9ro de registre du commerce :<\/strong><br \/>\n16065958<\/p>\n<p class=\"my-0\"><strong>Num\u00e9ro d&rsquo;identification de la taxe sur la valeur ajout\u00e9e (TVA) :<\/strong><br \/>\nEE102296864<\/p>\n<p class=\"my-0\"><strong>Contact :<\/strong><br \/>\nT\u00e9l\u00e9phone : [Veuillez saisir votre num\u00e9ro de t\u00e9l\u00e9phone]<br \/>\nE-mail : service@franotech.com<\/p>\n<p class=\"my-0\"><strong>Responsable du contenu conform\u00e9ment au \u00a7 55 Abs. 2 RStV (si n\u00e9cessaire) : <\/strong><br \/>\nMarlon Franosch<\/p>\n<div class=\"woocommerce woocommerce-gzd woocommerce-gzd-complaints-shortcode\">\n\t\t\t<h3>Alternative Dispute Resolution in accordance with Art. 14 (1) ODR-VO and \u00a7 36 VSBG:<\/h3>\n\t\nZur Teilnahme an einem Streitbeilegungsverfahren vor einer Verbraucherschlichtungsstelle sind wir nicht verpflichtet und nicht bereit.<\/div>\n<p class=\"my-0\"><strong>Responsabilit\u00e9 pour le contenu<\/strong><br \/>\nLe contenu de notre site web a \u00e9t\u00e9 \u00e9labor\u00e9 avec le plus grand soin. Nous ne pouvons toutefois pas garantir l&rsquo;exactitude, l&rsquo;exhaustivit\u00e9 et l&rsquo;actualit\u00e9 des contenus mis \u00e0 disposition. En tant que prestataire de services, nous sommes responsables de nos propres contenus sur ces pages conform\u00e9ment aux dispositions l\u00e9gales en vigueur. Nous ne sommes toutefois pas tenus de surveiller les informations externes transmises ou enregistr\u00e9es, ni de rechercher les circonstances qui indiquent une activit\u00e9 ill\u00e9gale. L&rsquo;obligation de supprimer ou de bloquer l&rsquo;utilisation d&rsquo;informations conform\u00e9ment aux lois g\u00e9n\u00e9rales reste inchang\u00e9e. Une responsabilit\u00e9 \u00e0 cet \u00e9gard n&rsquo;est toutefois possible qu&rsquo;\u00e0 partir du moment o\u00f9 une violation concr\u00e8te de la loi est connue. D\u00e8s que nous aurons connaissance d&rsquo;une telle violation, nous supprimerons imm\u00e9diatement le contenu en question.      <\/p>\n<p class=\"my-0\"><strong>Responsabilit\u00e9 pour les liens externes<\/strong><br \/>\nNotre site Internet contient des liens vers des sites Internet externes de tiers, sur le contenu desquels nous n&rsquo;avons aucune influence. Nous ne pouvons donc pas nous porter garants de ces contenus externes. Le fournisseur ou l&rsquo;exploitant des pages li\u00e9es est toujours responsable du contenu de ces pages. Au moment de la cr\u00e9ation des liens, aucune infraction \u00e0 la loi n&rsquo;a \u00e9t\u00e9 constat\u00e9e. Un contr\u00f4le permanent du contenu des pages li\u00e9es n&rsquo;est cependant pas exigible sans indices concrets d&rsquo;une violation de la loi. Si nous prenons connaissance d&rsquo;une violation de la loi, nous supprimerons imm\u00e9diatement les liens concern\u00e9s.     <\/p>\n<p class=\"my-0\"><strong>Droits d&rsquo;auteur<\/strong><br \/>\nLes contenus et \u0153uvres cr\u00e9\u00e9s par les exploitants du site sur ces pages sont soumis aux droits d&rsquo;auteur. Les contributions de tiers sont identifi\u00e9es comme telles. La reproduction, le traitement, la diffusion et toute forme d&rsquo;exploitation en dehors des limites du droit d&rsquo;auteur n\u00e9cessitent l&rsquo;accord \u00e9crit de l&rsquo;auteur ou du cr\u00e9ateur concern\u00e9. Les t\u00e9l\u00e9chargements et les copies de ce site ne sont autoris\u00e9s que pour un usage priv\u00e9 et non commercial.   <\/p>\n<p class=\"my-0\"><strong>Remarque<\/strong><br \/>\nUne clause de non-responsabilit\u00e9 ne peut pas exclure valablement la responsabilit\u00e9 l\u00e9gale, notamment en cas de faute intentionnelle ou de n\u00e9gligence grave ou d&rsquo;atteinte \u00e0 la vie, \u00e0 l&rsquo;int\u00e9grit\u00e9 physique ou \u00e0 la sant\u00e9. Ces formulations sont utilis\u00e9es \u00e0 des fins de clarification et de transparence, mais ne remplacent pas un conseil juridique individuel. <\/p>\n","protected":false},"excerpt":{"rendered":"<p>Informations conformes au \u00a7 5 de la directive sur le commerce \u00e9lectronique 2000\/31\/CE, \u00e0 la l\u00e9gislation estonienne et aux exigences allemandes en mati\u00e8re d&rsquo;activit\u00e9s commerciales internationales. Nom de la soci\u00e9t\u00e9 : Franotech OU Forme juridique : Osa\u00fching (soci\u00e9t\u00e9 estonienne \u00e0 responsabilit\u00e9 limit\u00e9e, OU) Directeur g\u00e9n\u00e9ral : Marlon Franosch Si\u00e8ge de la soci\u00e9t\u00e9 : Narva Mnt [&hellip;]<\/p>\n","protected":false},"author":1,"featured_media":0,"parent":0,"menu_order":0,"comment_status":"closed","ping_status":"closed","template":"","meta":{"footnotes":""},"class_list":["post-1379325","page","type-page","status-publish","hentry"],"ams_acf":[],"_links":{"self":[{"href":"https:\/\/franotech.com\/fr\/wp-json\/wp\/v2\/pages\/1379325","targetHints":{"allow":["GET"]}}],"collection":[{"href":"https:\/\/franotech.com\/fr\/wp-json\/wp\/v2\/pages"}],"about":[{"href":"https:\/\/franotech.com\/fr\/wp-json\/wp\/v2\/types\/page"}],"author":[{"embeddable":true,"href":"https:\/\/franotech.com\/fr\/wp-json\/wp\/v2\/users\/1"}],"replies":[{"embeddable":true,"href":"https:\/\/franotech.com\/fr\/wp-json\/wp\/v2\/comments?post=1379325"}],"version-history":[{"count":0,"href":"https:\/\/franotech.com\/fr\/wp-json\/wp\/v2\/pages\/1379325\/revisions"}],"wp:attachment":[{"href":"https:\/\/franotech.com\/fr\/wp-json\/wp\/v2\/media?parent=1379325"}],"curies":[{"name":"wp","href":"https:\/\/api.w.org\/{rel}","templated":true}]}}