{"id":1379367,"date":"2025-05-21T08:48:48","date_gmt":"2025-05-21T07:48:48","guid":{"rendered":"https:\/\/franotech.com\/contact\/"},"modified":"2026-02-27T07:40:38","modified_gmt":"2026-02-27T06:40:38","slug":"contact","status":"publish","type":"page","link":"https:\/\/franotech.com\/fr\/contact\/","title":{"rendered":"Contact"},"content":{"rendered":"\n<div class=\"et_pb_section_0 et_pb_section et_section_regular et_block_section\"><div class=\"et_pb_row_0 et_pb_row et_block_row\"><div class=\"et_pb_column_0 et_pb_column et_pb_column_4_4 et-last-child et_block_column et_pb_css_mix_blend_mode_passthrough\"><div class=\"et_pb_text_0 et_pb_text et_pb_bg_layout_light et_pb_module et_block_module\"><div class=\"et_pb_text_inner\"><h1>Support dans toute l'Europe<\/h1>\n<\/div><\/div><div class=\"et_pb_text_1 et_pb_text et_pb_bg_layout_light et_pb_module et_block_module\"><div class=\"et_pb_text_inner\"><p><span>Bienvenue dans notre service d'assistance client\u00e8le - le c\u0153ur de notre promesse de service !<\/span><br \/><span>Nous pensons que les grands produits ne sont vraiment convaincants que s'ils sont accompagn\u00e9s d'un service tout aussi grand. C'est pourquoi nous mettons tout en \u0153uvre pour ne pas nous contenter de vous fournir des r\u00e9ponses, mais pour vous proposer de v\u00e9ritables solutions. Dans toute l'Europe.  <\/span><\/p>\n<\/div><\/div><\/div><\/div><div class=\"et_pb_row_1 et_pb_row et_block_row\"><div class=\"et_pb_column_1 et_pb_column et_pb_column_4_4 et-last-child et_block_column et_pb_css_mix_blend_mode_passthrough\"><div class=\"et_pb_text_2 et_pb_text et_pb_bg_layout_light et_pb_module et_block_module\"><div class=\"et_pb_text_inner\"><p><strong>Toujours joignable dans toute l'Europe. Par appel t\u00e9l\u00e9phonique, syst\u00e8me de tickets ou e-mail : <\/strong><\/p>\n<\/div><\/div><\/div><\/div><div class=\"et_pb_row_2 et_pb_row et_pb_row_1-4_1-4_1-2 et_pb_equal_columns et_block_row et_block_row_1-4_1-4_1-2\"><div class=\"et_pb_column_2 et_pb_column et_pb_column_1_4 et_block_column et_pb_css_mix_blend_mode_passthrough\"><div class=\"et_pb_text_3 et_pb_text et_pb_bg_layout_light et_pb_module et_block_module\"><div class=\"et_pb_text_inner\"><p><img decoding=\"async\" class=\"wpml-ls-flag\" src=\"https:\/\/franotech.com\/wp-content\/plugins\/sitepress-multilingual-cms\/res\/flags\/de.svg\" alt=\"\">  +4970314204070<br \/><img decoding=\"async\" class=\"wpml-ls-flag\" src=\"https:\/\/franotech.com\/wp-content\/plugins\/sitepress-multilingual-cms\/res\/flags\/en.svg\" alt=\"\"> +44 1865 638761<br \/><img decoding=\"async\" class=\"wpml-ls-flag\" src=\"https:\/\/franotech.com\/wp-content\/plugins\/sitepress-multilingual-cms\/res\/flags\/es.svg\" alt=\"\"> +coming soon<\/p>\n<\/div><\/div><\/div><div class=\"et_pb_column_3 et_pb_column et_pb_column_1_4 et_block_column et_pb_css_mix_blend_mode_passthrough\"><div class=\"et_pb_text_4 et_pb_text et_pb_bg_layout_light et_pb_module et_block_module\"><div class=\"et_pb_text_inner\"><p><img decoding=\"async\" class=\"wpml-ls-flag\" src=\"https:\/\/franotech.com\/wp-content\/plugins\/sitepress-multilingual-cms\/res\/flags\/fr.svg\" alt=\"\">  +coming soon<br \/><img decoding=\"async\" class=\"wpml-ls-flag\" src=\"https:\/\/franotech.com\/wp-content\/plugins\/sitepress-multilingual-cms\/res\/flags\/pl.svg\" alt=\"\"> +48664330894<br \/><img decoding=\"async\" class=\"wpml-ls-flag\" src=\"https:\/\/franotech.com\/wp-content\/plugins\/sitepress-multilingual-cms\/res\/flags\/et.svg\" alt=\"\"> +372 636 0743<\/p>\n<\/div><\/div><\/div><div class=\"et_pb_column_4 et_pb_column et_pb_column_1_2 et-last-child et_block_column et_pb_css_mix_blend_mode_passthrough\"><div class=\"et_pb_image_0 et_pb_image et_pb_module et_block_module\"><span class=\"et_pb_image_wrap\"><img loading=\"lazy\" decoding=\"async\" src=\"https:\/\/franotech.com\/wp-content\/uploads\/2025\/06\/contact-center-1024x576.jpg\" width=\"1024\" height=\"576\" srcset=\"https:\/\/franotech.com\/wp-content\/uploads\/2025\/06\/contact-center-980x551.jpg 980w, https:\/\/franotech.com\/wp-content\/uploads\/2025\/06\/contact-center-480x270.jpg 480w\" sizes=\"(min-width: 0px) and (max-width: 480px) 480px, (min-width: 481px) and (max-width: 980px) 980px, (min-width: 981px) 1024px, 100vw\" class=\"wp-image-1377004\" title=\"centre de contact\" \/><\/span><\/div><\/div><\/div><div class=\"et_pb_row_3 et_pb_row et_block_row\"><div class=\"et_pb_column_5 et_pb_column et_pb_column_4_4 et-last-child et_block_column et_pb_css_mix_blend_mode_passthrough\"><div class=\"et_pb_text_5 et_pb_text et_pb_bg_layout_light et_pb_module et_block_module\"><div class=\"et_pb_text_inner\"><p><strong>Email (toutes les langues prises en charge) : service@franotech.com<\/strong><\/p>\n<\/div><\/div><div class=\"et_pb_login_0 et_pb_login et_pb_newsletter et_pb_bg_layout_dark et_pb_module et_block_module\"><div class=\"et_pb_newsletter_description\"><h2 class=\"et_pb_module_header\">Syst\u00e8me de tickets<\/h2><div class=\"et_pb_newsletter_description_content\"><p>Connectez-vous au syst\u00e8me de tickets pour voir un aper\u00e7u de toutes vos demandes de vente, d'assistance et de logo. Ici, tout est stock\u00e9 de mani\u00e8re structur\u00e9e et vous avez acc\u00e8s \u00e0 la FAQ. Toutes les demandes envoy\u00e9es \u00e0 <a href=\"mailto:service@franotech.com\">service@franotech.com<\/a> ouvrent automatiquement un ticket. <strong>Nous vous recommandons d'utiliser le syst\u00e8me de tickets plut\u00f4t que le chat en direct ou le t\u00e9l\u00e9phone.<\/strong>  <\/p>\n<\/div><\/div><div class=\"et_pb_newsletter_form et_pb_login_form\"><form action=\"https:\/\/franotech.com\/fr\/wp-login.php\" method=\"post\"><p class=\"et_pb_contact_form_field\"><label class=\"et_pb_contact_form_label\" for=\"user_login_0\" style=\"display: none;\">Nom d\u2019utilisateur<\/label><input class=\"input\" id=\"user_login_0\" placeholder=\"Nom d\u2019utilisateur\" type=\"text\" value=\"\" name=\"log\" \/><\/p><p class=\"et_pb_contact_form_field\"><label class=\"et_pb_contact_form_label\" for=\"user_pass_0\" style=\"display: none;\">Mot de passe<\/label><input class=\"input\" id=\"user_pass_0\" placeholder=\"Mot de passe\" type=\"password\" value=\"\" name=\"pwd\" \/><\/p><p class=\"et_pb_forgot_password\"><a href=\"https:\/\/franotech.com\/fr\/mon-compte\/lost-password\/\">Mot de passe oubli\u00e9 ?<\/a><\/p><p><button type=\"submit\" name=\"et_builder_submit_button\" class=\"et_pb_button et_pb_newsletter_button\">Login<\/button><input type=\"hidden\" name=\"redirect_to\" value=\"https:\/\/franotech.com\/fr\/wp-json\/wp\/v2\/pages\/1379367\" \/><\/p><\/form><\/div><\/div><\/div><\/div><\/div>\n","protected":false},"excerpt":{"rendered":"","protected":false},"author":1,"featured_media":0,"parent":0,"menu_order":0,"comment_status":"closed","ping_status":"closed","template":"","meta":{"footnotes":""},"class_list":["post-1379367","page","type-page","status-publish","hentry"],"ams_acf":[],"_links":{"self":[{"href":"https:\/\/franotech.com\/fr\/wp-json\/wp\/v2\/pages\/1379367","targetHints":{"allow":["GET"]}}],"collection":[{"href":"https:\/\/franotech.com\/fr\/wp-json\/wp\/v2\/pages"}],"about":[{"href":"https:\/\/franotech.com\/fr\/wp-json\/wp\/v2\/types\/page"}],"author":[{"embeddable":true,"href":"https:\/\/franotech.com\/fr\/wp-json\/wp\/v2\/users\/1"}],"replies":[{"embeddable":true,"href":"https:\/\/franotech.com\/fr\/wp-json\/wp\/v2\/comments?post=1379367"}],"version-history":[{"count":5,"href":"https:\/\/franotech.com\/fr\/wp-json\/wp\/v2\/pages\/1379367\/revisions"}],"predecessor-version":[{"id":1380867,"href":"https:\/\/franotech.com\/fr\/wp-json\/wp\/v2\/pages\/1379367\/revisions\/1380867"}],"wp:attachment":[{"href":"https:\/\/franotech.com\/fr\/wp-json\/wp\/v2\/media?parent=1379367"}],"curies":[{"name":"wp","href":"https:\/\/api.w.org\/{rel}","templated":true}]}}