{"id":1376485,"date":"2025-05-20T09:23:40","date_gmt":"2025-05-20T08:23:40","guid":{"rendered":"https:\/\/franotech.com\/start\/"},"modified":"2026-02-27T07:40:19","modified_gmt":"2026-02-27T06:40:19","slug":"start","status":"publish","type":"page","link":"https:\/\/franotech.com\/pl\/","title":{"rendered":"start"},"content":{"rendered":"\n<div class=\"et_pb_section_0 et_pb_section et_section_regular et_block_section et_animated\"><div class=\"et_pb_row_0 et_pb_row et_block_row\"><div class=\"et_pb_column_0 et_pb_column et_pb_column_4_4 et-last-child et_block_column et_pb_css_mix_blend_mode_passthrough\"><div class=\"et_pb_text_0 et_pb_text et_pb_bg_layout_dark et_pb_module et_block_module et_pb_text_align_center\"><div class=\"et_pb_text_inner\"><h1>Specjalista dla<br \/>Widoczno\u015b\u0107 i bezpiecze\u0144stwo<\/h1>\n<p>Najwy\u017csze ceny, najwy\u017csza jako\u015b\u0107 i szybka dostawa w ca\u0142ej Europie<\/p>\n<\/div><\/div><div class=\"et_pb_module et_pb_button_module_wrapper et_pb_button_0_wrapper\"><a class=\"et_pb_button_0 et_pb_button et_pb_bg_layout_dark et_pb_module et_block_module\" href=\"https:\/\/franotech.com\/wholesale\/\">Do sklepu dealerskiego<\/a><\/div><\/div><\/div><\/div><div class=\"et_pb_section_1 et_pb_section et_section_regular et_block_section\"><div class=\"et_pb_row_1 et_pb_row et_block_row\"><div class=\"et_pb_column_1 et_pb_column et_pb_column_4_4 et-last-child et_block_column et_pb_css_mix_blend_mode_passthrough\"><div class=\"et_pb_heading_0 et_pb_heading et_pb_module et_block_module\"><div class=\"et_pb_heading_container\"><h1 class=\"et_pb_module_header\">Przegl\u0105d naszych produkt\u00f3w<\/h1><\/div><\/div><\/div><\/div><div class=\"et_pb_row_2 et_pb_row et_pb_equal_columns et_block_row\"><div class=\"et_pb_column_2 et_pb_column et_pb_column_1_2 et_block_column et_pb_css_mix_blend_mode_passthrough\"><div class=\"et_pb_text_1 et_pb_text et_pb_bg_layout_light et_pb_module et_block_module\"><div class=\"et_pb_text_inner\"><h2>Torby pierwszej pomocy<\/h2>\n<\/div><\/div><div class=\"et_pb_text_2 et_pb_text et_pb_bg_layout_light et_pb_module et_block_module\"><div class=\"et_pb_text_inner\"><p>Torby pierwszej pomocy s\u0105 dost\u0119pne w wersjach 1-cz\u0119\u015bciowych z samym materia\u0142em pierwszej pomocy, 2-cz\u0119\u015bciowych z materia\u0142em pierwszej pomocy i kamizelk\u0105 odblaskow\u0105 oraz 3-cz\u0119\u015bciowych z materia\u0142em pierwszej pomocy, kamizelk\u0105 odblaskow\u0105 i tr\u00f3jk\u0105tem ostrzegawczym. Zawsze zapewniamy najnowsze standardy dla optymalnej pewno\u015bci prawnej: <br \/>Materia\u0142 opatrunkowy <strong> zgodny<\/strong>z <strong> <span>najnowsz\u0105<\/span> norm\u0105 13164 DIN<br \/><\/strong>-Kamizelka ostrzegawcza <strong> zgodna<\/strong>z <strong> najnowsz\u0105 norm\u0105 EN ISO 20471<br \/><\/strong>-Tr\u00f3jk\u0105t ostrzegawczy <strong> zgodny z najnowsz\u0105 norm\u0105 27R E<br \/><\/strong>Dzi\u0119ki szybkiej rotacji zapas\u00f3w zawsze dysponujemy aktualnymi terminami przydatno\u015bci materia\u0142u opatrunkowego. Gwarantujemy naszym klientom minimalny okres trwa\u0142o\u015bci wynosz\u0105cy 5 lat od daty zam\u00f3wienia. <br \/><strong>TERAZ Z KOLOROWYM LOGO DRUKOWANYM CYFROWO W TEJ SAMEJ CENIE!<\/strong><\/p>\n<\/div><\/div><div class=\"et_pb_module et_pb_button_module_wrapper et_pb_button_1_wrapper\"><a class=\"et_pb_button_1 et_pb_button et_pb_bg_layout_dark et_pb_module et_block_module\" href=\"https:\/\/franotech.com\/wholesale\/\">Zam\u00f3w teraz z logo w\u0142asnej firmy<\/a><\/div><\/div><div class=\"et_pb_column_3 et_pb_column et_pb_column_1_2 et-last-child et_block_column et_pb_css_mix_blend_mode_passthrough\"><div class=\"et_pb_image_0 et_pb_image et_pb_module et_block_module\"><span class=\"et_pb_image_wrap\"><img loading=\"lazy\" decoding=\"async\" src=\"https:\/\/franotech.com\/wp-content\/uploads\/2025\/09\/All-in-One-Kfz-Kombitasche-Start-page-1.jpg\" width=\"800\" height=\"533\" srcset=\"https:\/\/franotech.com\/wp-content\/uploads\/2025\/09\/All-in-One-Kfz-Kombitasche-Start-page-1.jpg 800w, https:\/\/franotech.com\/wp-content\/uploads\/2025\/09\/All-in-One-Kfz-Kombitasche-Start-page-1-480x320.jpg 480w\" sizes=\"(min-width: 0px) and (max-width: 480px) 480px, (min-width: 481px) 800px, 100vw\" class=\"wp-image-1378789\" title=\"All in One Car Combi Bag Strona startowa\" \/><\/span><\/div><\/div><\/div><div class=\"et_pb_row_3 et_pb_row et_pb_equal_columns et_block_row\"><div class=\"et_pb_column_4 et_pb_column et_pb_column_1_2 et_block_column et_pb_css_mix_blend_mode_passthrough\"><div class=\"et_pb_image_1 et_pb_image et_pb_module et_block_module\"><span class=\"et_pb_image_wrap\"><img loading=\"lazy\" decoding=\"async\" src=\"https:\/\/franotech.com\/wp-content\/uploads\/2025\/05\/wipers.jpg\" width=\"800\" height=\"533\" srcset=\"https:\/\/franotech.com\/wp-content\/uploads\/2025\/05\/wipers.jpg 800w, https:\/\/franotech.com\/wp-content\/uploads\/2025\/05\/wipers-480x320.jpg 480w\" sizes=\"(min-width: 0px) and (max-width: 480px) 480px, (min-width: 481px) 800px, 100vw\" class=\"wp-image-1376077\" title=\"wycieraczki\" \/><\/span><\/div><\/div><div class=\"et_pb_column_5 et_pb_column et_pb_column_1_2 et-last-child et_block_column et_pb_css_mix_blend_mode_passthrough\"><div class=\"et_pb_text_3 et_pb_text et_pb_bg_layout_light et_pb_module et_block_module\"><div class=\"et_pb_text_inner\"><h2>Wycieraczka przedniej szyby<\/h2>\n<\/div><\/div><div class=\"et_pb_text_4 et_pb_text et_pb_bg_layout_light et_pb_module et_block_module\"><div class=\"et_pb_text_inner\"><p>Wysoki docisk i wysokiej jako\u015bci gumowa kraw\u0119d\u017a pozwalaj\u0105 naszym wycieraczkom \u015blizga\u0107 si\u0119 po przedniej szybie i zapewniaj\u0105 bezpieczn\u0105 jazd\u0119 nawet w ulewnym deszczu. Dzi\u0119ki naszemu modu\u0142owemu systemowi adapter\u00f3w dealerzy mog\u0105 radykalnie zmniejszy\u0107 poziom zapas\u00f3w i wygodnie zamawia\u0107 wed\u0142ug d\u0142ugo\u015bci. Wystarczy wybra\u0107 odpowiedni\u0105 d\u0142ugo\u015b\u0107 wycieraczki i przypi\u0105\u0107 odpowiedni adapter, zamiast zamawia\u0107 wycieraczki wed\u0142ug modelu pojazdu.  <\/p>\n<\/div><\/div><div class=\"et_pb_module et_pb_button_module_wrapper et_pb_button_2_wrapper\"><a class=\"et_pb_button_2 et_pb_button et_pb_bg_layout_dark et_pb_module et_block_module\" href=\"https:\/\/franotech.com\/wholesale\/\">Zam\u00f3w wycieraczki na d\u0142ugo\u015b\u0107 ju\u017c teraz<\/a><\/div><\/div><\/div><div class=\"et_pb_row_4 et_pb_row et_pb_equal_columns et_block_row\"><div class=\"et_pb_column_6 et_pb_column et_pb_column_1_2 et_block_column et_pb_css_mix_blend_mode_passthrough\"><div class=\"et_pb_text_5 et_pb_text et_pb_bg_layout_light et_pb_module et_block_module\"><div class=\"et_pb_text_inner\"><h2>\u015awiat\u0142a pojazdu<\/h2>\n<\/div><\/div><div class=\"et_pb_text_6 et_pb_text et_pb_bg_layout_light et_pb_module et_block_module\"><div class=\"et_pb_text_inner\"><p>Oferujemy lampy do wszystkich typ\u00f3w baz w najlepszych cenach. Poniewa\u017c nasi konkurenci cz\u0119sto maj\u0105 problemy z lampami z powodu taniego importu z Chin, polegamy na wysokiej jako\u015bci wykonania z Korei, aby zaoferowa\u0107 naszym klientom handlowym trwa\u0142e i wysokiej jako\u015bci lampy.<br \/>Niedawno zacz\u0119li\u015bmy oferowa\u0107 lampy LED do wielu modeli pojazd\u00f3w. <\/p>\n<\/div><\/div><div class=\"et_pb_module et_pb_button_module_wrapper et_pb_button_3_wrapper\"><a class=\"et_pb_button_3 et_pb_button et_pb_bg_layout_dark et_pb_module et_block_module\" href=\"https:\/\/franotech.com\/wholesale\/\">Zam\u00f3w teraz lampy halogenowe, ksenonowe lub najnowsze lampy LED<\/a><\/div><\/div><div class=\"et_pb_column_7 et_pb_column et_pb_column_1_2 et-last-child et_block_column et_pb_css_mix_blend_mode_passthrough\"><div class=\"et_pb_image_2 et_pb_image et_pb_module et_block_module\"><span class=\"et_pb_image_wrap\"><img loading=\"lazy\" decoding=\"async\" src=\"https:\/\/franotech.com\/wp-content\/uploads\/2025\/05\/car-light.jpg\" width=\"800\" height=\"533\" srcset=\"https:\/\/franotech.com\/wp-content\/uploads\/2025\/05\/car-light.jpg 800w, https:\/\/franotech.com\/wp-content\/uploads\/2025\/05\/car-light-480x320.jpg 480w\" sizes=\"(min-width: 0px) and (max-width: 480px) 480px, (min-width: 481px) 800px, 100vw\" class=\"wp-image-1376088\" title=\"o\u015bwietlenie samochodu\" \/><\/span><\/div><\/div><\/div><\/div><div class=\"et_pb_section_2 et_pb_section et_section_regular et_block_section\"><div class=\"et_pb_row_5 et_pb_row et_block_row\"><div class=\"et_pb_column_8 et_pb_column et_pb_column_1_3 et_block_column et_pb_css_mix_blend_mode_passthrough\"><div class=\"et_pb_blurb_0 et_pb_blurb et_pb_bg_layout_light et_pb_blurb_position_left et_animated et_pb_module et_block_module\"><div class=\"et_pb_blurb_content\"><div class=\"et_pb_main_blurb_image\"><span class=\"et_pb_image_wrap\"><span class=\"et-pb-icon et-waypoint et_pb_animation_off et_pb_animation_off_tablet et_pb_animation_off_phone\">N<\/span><\/span><\/div><div class=\"et_pb_blurb_container\"><h4 class=\"et_pb_module_header\">Wieloletnie do\u015bwiadczenie<\/h4><div class=\"et_pb_blurb_description\"><p>Nasz zesp\u00f3\u0142 ekspert\u00f3w pracuje w bran\u017cy wizyjnej i bezpiecze\u0144stwa od dziesi\u0119cioleci.<\/p>\n<\/div><\/div><\/div><\/div><\/div><div class=\"et_pb_column_9 et_pb_column et_pb_column_1_3 et_block_column et_pb_css_mix_blend_mode_passthrough\"><div class=\"et_pb_blurb_1 et_pb_blurb et_pb_bg_layout_light et_pb_blurb_position_left et_animated et_pb_module et_block_module\"><div class=\"et_pb_blurb_content\"><div class=\"et_pb_main_blurb_image\"><span class=\"et_pb_image_wrap\"><span class=\"et-pb-icon et-waypoint et_pb_animation_off et_pb_animation_off_tablet et_pb_animation_off_phone\">N<\/span><\/span><\/div><div class=\"et_pb_blurb_container\"><h4 class=\"et_pb_module_header\">Dostawy na terenie ca\u0142ej Europy<\/h4><div class=\"et_pb_blurb_description\"><p>Dzi\u0119ki kilku magazynom w Europie mo\u017cemy szybko zaopatrzy\u0107 wszystkie salony samochodowe, warsztaty itp.<\/p>\n<\/div><\/div><\/div><\/div><\/div><div class=\"et_pb_column_10 et_pb_column et_pb_column_1_3 et-last-child et_block_column et_pb_css_mix_blend_mode_passthrough\"><div class=\"et_pb_blurb_2 et_pb_blurb et_pb_bg_layout_light et_pb_blurb_position_left et_animated et_pb_module et_block_module\"><div class=\"et_pb_blurb_content\"><div class=\"et_pb_main_blurb_image\"><span class=\"et_pb_image_wrap\"><span class=\"et-pb-icon et-waypoint et_pb_animation_off et_pb_animation_off_tablet et_pb_animation_off_phone\">N<\/span><\/span><\/div><div class=\"et_pb_blurb_container\"><h4 class=\"et_pb_module_header\">Wsparcie<\/h4><div class=\"et_pb_blurb_description\"><p>Dzi\u0119ki naszym wieloj\u0119zycznym centrom obs\u0142ugi klienta oferujemy indywidualne doradztwo i wsparcie.<\/p>\n<\/div><\/div><\/div><\/div><\/div><\/div><div class=\"et_pb_row_6 et_pb_row et_block_row\"><div class=\"et_pb_column_11 et_pb_column et_pb_column_1_3 et_block_column et_pb_css_mix_blend_mode_passthrough\"><div class=\"et_pb_blurb_3 et_pb_blurb et_pb_bg_layout_light et_pb_blurb_position_left et_animated et_pb_module et_block_module\"><div class=\"et_pb_blurb_content\"><div class=\"et_pb_main_blurb_image\"><span class=\"et_pb_image_wrap\"><span class=\"et-pb-icon et-waypoint et_pb_animation_off et_pb_animation_off_tablet et_pb_animation_off_phone\">N<\/span><\/span><\/div><div class=\"et_pb_blurb_container\"><h4 class=\"et_pb_module_header\">Szeroki zakres metod p\u0142atno\u015bci<\/h4><div class=\"et_pb_blurb_description\"><p>Oferujemy niemal ka\u017cd\u0105 metod\u0119 p\u0142atno\u015bci. Od zakupu na konto po Bitcoin. <\/p>\n<\/div><\/div><\/div><\/div><\/div><div class=\"et_pb_column_12 et_pb_column et_pb_column_1_3 et_block_column et_pb_css_mix_blend_mode_passthrough\"><div class=\"et_pb_blurb_4 et_pb_blurb et_pb_bg_layout_light et_pb_blurb_position_left et_animated et_pb_module et_block_module\"><div class=\"et_pb_blurb_content\"><div class=\"et_pb_main_blurb_image\"><span class=\"et_pb_image_wrap\"><span class=\"et-pb-icon et-waypoint et_pb_animation_off et_pb_animation_off_tablet et_pb_animation_off_phone\">N<\/span><\/span><\/div><div class=\"et_pb_blurb_container\"><h4 class=\"et_pb_module_header\">Jako\u015b\u0107 to bezpiecze\u0144stwo<\/h4><div class=\"et_pb_blurb_description\"><p>Zesp\u00f3\u0142 ds. zarz\u0105dzania jako\u015bci\u0105 przeprowadza regularne kontrole, aby zapewni\u0107 naszym klientom doskona\u0142\u0105 jako\u015b\u0107.<\/p>\n<\/div><\/div><\/div><\/div><\/div><div class=\"et_pb_column_13 et_pb_column et_pb_column_1_3 et-last-child et_block_column et_pb_css_mix_blend_mode_passthrough\"><div class=\"et_pb_blurb_5 et_pb_blurb et_pb_bg_layout_light et_pb_blurb_position_left et_animated et_pb_module et_block_module\"><div class=\"et_pb_blurb_content\"><div class=\"et_pb_main_blurb_image\"><span class=\"et_pb_image_wrap\"><span class=\"et-pb-icon et-waypoint et_pb_animation_off et_pb_animation_off_tablet et_pb_animation_off_phone\">N<\/span><\/span><\/div><div class=\"et_pb_blurb_container\"><h4 class=\"et_pb_module_header\">Produkcja w\u0142asna<\/h4><div class=\"et_pb_blurb_description\"><p>Nie wszystko, ale wiele produkt\u00f3w jest nadal produkowanych przez nas bezpo\u015brednio w Europie. Oznacza to, \u017ce nie mamy d\u0142ugich tras wysy\u0142kowych dla du\u017cych zam\u00f3wie\u0144. <\/p>\n<\/div><\/div><\/div><\/div><\/div><\/div><\/div><div class=\"et_pb_section_3 et_pb_section et_section_regular et_block_section section_has_divider et_pb_bottom_divider\"><div class=\"et_pb_row_7 et_pb_row et_block_row\"><div class=\"et_pb_column_14 et_pb_column et_pb_column_4_4 et-last-child et_block_column et_pb_css_mix_blend_mode_passthrough\"><div class=\"et_pb_text_7 et_pb_text et_pb_bg_layout_light et_pb_module et_block_module\"><div class=\"et_pb_text_inner\"><p style=\"text-align: center;\"><strong>Opinie klient\u00f3w<\/strong><\/p>\n<\/div><\/div><\/div><\/div><div class=\"et_pb_row_8 et_pb_row et_block_row\"><div class=\"et_pb_column_15 et_pb_column et_pb_column_4_4 et-last-child et_block_column et_pb_css_mix_blend_mode_passthrough\"><div class=\"et_pb_with_border et_pb_module et_d4_element dmpro_carousel dmpro_carousel_0\">\n\t\t\t\t\n\t\t\t\t\n\t\t\t\t\n\t\t\t\t\n\t\t\t\t\n\t\t\t\t\n\t\t\t\t<div class=\"et_pb_module_inner\">\n\t\t\t\t\t<style><\/style>\n            <div class=\"dmpro-carousel-main\" aria-roledescription=\"carousel\" data-columnsdesktop='3' data-columnstablet='3' data-columnsphone='3' data-spacebetween='30' data-spacebetween_tablet='30' data-spacebetween_phone='30' data-loop='on' data-speed='500' data-navigation='on' data-pagination='on' data-autoplay='on' data-autoplayspeed='5000' data-pauseonhover='off' data-effect='coverflow' data-rotate='50' data-dynamicbullets='on' data-ordernumber='0' data-centered='on' data-shadow='true' data-a11y-prevslidemessage='Previous slide' data-a11y-nextslidemessage='Next slide' data-a11y-firstslidemessage='This is the first slide' data-a11y-lastslidemessage='This is the last slide' data-a11y-paginationbulletmessage='Go to slide {{index}}' data-a11y-slidelabelmessage='{{index}} \/ {{slidesLength}}'>\n\t\t\t\t<a role=\"button\" aria-label=\"Previous slide\" class=\"swiper-button-prev swiper-arrow-button dmpro-sbp0 et-pb-arrow-prev\" ><\/a>\n\t\t\t\t <a role=\"button\" aria-label=\"Next slide\" class=\"swiper-button-next swiper-arrow-button dmpro-sbn0 et-pb-arrow-next\" ><\/a> \n                 \n                <div class=\"swiper swiper-dmpro-container\">\n                    <div class=\"swiper-wrapper dmpro-carousel-wrapper\">\n                        <div class=\"et_pb_module et_d4_element dmpro_carousel_child dmpro_carousel_child_0\">\n\t\t\t\t\n\t\t\t\t\n\t\t\t\t\n\t\t\t\t\n\t\t\t\t\n\t\t\t\t\n\t\t\t\t<div class=\"et_pb_module_inner\">\n\t\t\t\t\t\n            <div class=\"dmpro-carousel-child-wrapper\">\n                <div class=\"dmpro-image-wrap\"><span class=\"dmpro-carousel-image\">\n                    <img decoding=\"async\" src=\"https:\/\/franotech.com\/wp-content\/uploads\/2025\/05\/CSY-1024x1024.jpg\" alt=\"\" >\n                <\/span><\/div>\n                \n\t\t\t   <div class=\"dmpro-carousel-item-content\">\n\t\t\t\t\t<h2 class=\"dmpro-carousel-item-title\">Slawomir Mina\u0159\u00edk - C&SZ, Tschechien<\/h2>\n\t\t\t\t\t<div class=\"dmpro-carousel-item-desc\"><p>Verbandtaschen, Lampen und Scheibenwischer sind sehr gut im Preis. Die Bestellungen werden schnell bearbeitet womit wir keine gro\u00dfe Lagerhaltung brauchen. Bei Konkurrenten haben wir mindestens 2 Wochen auf bedruckte Verbandtaschen gewartet.<\/p><\/div>\n\t\t\t\t\t<div class=\"dmpro-carousel-button-wrapper\">\n\t\t\t\t\t\t\n\t\t\t\t\t<\/div>\n\t\t\t\t<\/div>\n            <\/div>\n\t\t\t\t<\/div>\n\t\t\t<\/div><div class=\"et_pb_module et_d4_element dmpro_carousel_child dmpro_carousel_child_1\">\n\t\t\t\t\n\t\t\t\t\n\t\t\t\t\n\t\t\t\t\n\t\t\t\t\n\t\t\t\t\n\t\t\t\t<div class=\"et_pb_module_inner\">\n\t\t\t\t\t\n            <div class=\"dmpro-carousel-child-wrapper\">\n                <div class=\"dmpro-image-wrap\"><span class=\"dmpro-carousel-image\">\n                    <img decoding=\"async\" src=\"https:\/\/franotech.com\/wp-content\/uploads\/2025\/05\/CarIdeet-1024x1024.jpg\" alt=\"\" >\n                <\/span><\/div>\n                \n\t\t\t   <div class=\"dmpro-carousel-item-content\">\n\t\t\t\t\t<h2 class=\"dmpro-carousel-item-title\">Bj\u00f6rn Jaspers - Carideet in Niederlande<\/h2>\n\t\t\t\t\t<div class=\"dmpro-carousel-item-desc\"><p>Ich freue mich noch einen festen menschlichen Ansprechpartner zu haben, welcher die Bestellungen auf unsere Bed\u00fcrfnisse anpasst. Die bedruckten Verbandtaschen sind vom Preis her unschlagbar und in 2-3 Tagen geliefert.<\/p><\/div>\n\t\t\t\t\t<div class=\"dmpro-carousel-button-wrapper\">\n\t\t\t\t\t\t\n\t\t\t\t\t<\/div>\n\t\t\t\t<\/div>\n            <\/div>\n\t\t\t\t<\/div>\n\t\t\t<\/div><div class=\"et_pb_module et_d4_element dmpro_carousel_child dmpro_carousel_child_2\">\n\t\t\t\t\n\t\t\t\t\n\t\t\t\t\n\t\t\t\t\n\t\t\t\t\n\t\t\t\t\n\t\t\t\t<div class=\"et_pb_module_inner\">\n\t\t\t\t\t\n            <div class=\"dmpro-carousel-child-wrapper\">\n                <div class=\"dmpro-image-wrap\"><span class=\"dmpro-carousel-image\">\n                    <img decoding=\"async\" src=\"https:\/\/franotech.com\/wp-content\/uploads\/2025\/05\/mechanic-tom-1024x1024.jpg\" alt=\"\" >\n                <\/span><\/div>\n                \n\t\t\t   <div class=\"dmpro-carousel-item-content\">\n\t\t\t\t\t<h2 class=\"dmpro-carousel-item-title\">Louis Kos - Werkstatt, Deutschland<\/h2>\n\t\t\t\t\t<div class=\"dmpro-carousel-item-desc\"><p>Als kleine Werkstatt haben wir oft nicht die M\u00f6glichkeit von Gro\u00dfhandelsrabatten, aber Franotech beliefert auch kleine Bestellmengen zu Gro\u00dfh\u00e4ndlerpreisen. Ich hoffe Franotech nimmt noch mehr Produkte ins Programm.<\/p><\/div>\n\t\t\t\t\t<div class=\"dmpro-carousel-button-wrapper\">\n\t\t\t\t\t\t\n\t\t\t\t\t<\/div>\n\t\t\t\t<\/div>\n            <\/div>\n\t\t\t\t<\/div>\n\t\t\t<\/div><div class=\"et_pb_module et_d4_element dmpro_carousel_child dmpro_carousel_child_3\">\n\t\t\t\t\n\t\t\t\t\n\t\t\t\t\n\t\t\t\t\n\t\t\t\t\n\t\t\t\t\n\t\t\t\t<div class=\"et_pb_module_inner\">\n\t\t\t\t\t\n            <div class=\"dmpro-carousel-child-wrapper\">\n                <div class=\"dmpro-image-wrap\"><span class=\"dmpro-carousel-image\">\n                    <img decoding=\"async\" src=\"https:\/\/franotech.com\/wp-content\/uploads\/2025\/05\/warehouse-manager-wholesale-1024x1024.jpg\" alt=\"\" >\n                <\/span><\/div>\n                \n\t\t\t   <div class=\"dmpro-carousel-item-content\">\n\t\t\t\t\t<h2 class=\"dmpro-carousel-item-title\">Tommy P. - Gro\u00dfhandel, Deutschland<\/h2>\n\t\t\t\t\t<div class=\"dmpro-carousel-item-desc\"><p>Wir sind ein Gro\u00dfhandel und bestellen normalerweise in China und co. Jedoch bekommt Franotech es hin, dass sie billiger und schneller sind wenn man die Risiken, China Schiffzeiten von ca. 3+ Monaten und Lagerhaltung mit einberechnet. Deswegen liefert Franotech in unserem Namen direkt an unsere Kunden.<\/p><\/div>\n\t\t\t\t\t<div class=\"dmpro-carousel-button-wrapper\">\n\t\t\t\t\t\t\n\t\t\t\t\t<\/div>\n\t\t\t\t<\/div>\n            <\/div>\n\t\t\t\t<\/div>\n\t\t\t<\/div><div class=\"et_pb_module et_d4_element dmpro_carousel_child dmpro_carousel_child_4\">\n\t\t\t\t\n\t\t\t\t\n\t\t\t\t\n\t\t\t\t\n\t\t\t\t\n\t\t\t\t\n\t\t\t\t<div class=\"et_pb_module_inner\">\n\t\t\t\t\t\n            <div class=\"dmpro-carousel-child-wrapper\">\n                <div class=\"dmpro-image-wrap\"><span class=\"dmpro-carousel-image\">\n                    <img decoding=\"async\" src=\"https:\/\/franotech.com\/wp-content\/uploads\/2025\/05\/Tomasz-Janowski-1024x1024.jpg\" alt=\"\" >\n                <\/span><\/div>\n                \n\t\t\t   <div class=\"dmpro-carousel-item-content\">\n\t\t\t\t\t<h2 class=\"dmpro-carousel-item-title\">Tomasz Janowski - Truck Fleet Manager, Polen<\/h2>\n\t\t\t\t\t<div class=\"dmpro-carousel-item-desc\"><p>Unsere LKW Flotte von \u00fcber 250+ LKWs statten wir mit Sicherheitsprodukten von Franotech aus. Warnwesten und Verbandtaschen immer in top Qualit\u00e4t zu top preisen und aus neuester Produktion mit langem Haltbarkeitsdatum. Das ist f\u00fcr uns am wichtigsten um die Wartungsintervalle lang zu halten und kosten zu sparen.<\/p><\/div>\n\t\t\t\t\t<div class=\"dmpro-carousel-button-wrapper\">\n\t\t\t\t\t\t\n\t\t\t\t\t<\/div>\n\t\t\t\t<\/div>\n            <\/div>\n\t\t\t\t<\/div>\n\t\t\t<\/div>\n                    <\/div>\n                <\/div>\n                <div class=\"swiper-pagination dmpro-sp0\"><\/div>\n            <\/div>\n\t\t\t\t<\/div>\n\t\t\t<\/div><div class=\"et_pb_text_8 et_pb_text et_pb_bg_layout_light et_pb_module et_block_module\"><div class=\"et_pb_text_inner\"><p style=\"text-align: center;\">Chcesz, aby\u015bmy opublikowali Twoj\u0105 opini\u0119 o kliencie? Napisz do nas 2-3 linijki i wy\u015blij reprezentatywne zdj\u0119cie na adres <a href=\"mailto:service@franotech.com\">service@franotech.com<\/a><br \/>, a otrzymasz jednorazowy rabat w wysoko\u015bci <span style=\"text-decoration: underline;\">do 10%<\/span> na kolejne zam\u00f3wienie do 1000 UER. <\/p>\n<\/div><\/div><\/div><\/div><div class=\"et_pb_bottom_inside_divider et-no-transition\"><\/div><\/div>\n","protected":false},"excerpt":{"rendered":"","protected":false},"author":1,"featured_media":0,"parent":0,"menu_order":0,"comment_status":"closed","ping_status":"closed","template":"","meta":{"_et_pb_use_builder":"on","_et_pb_old_content":"","_et_gb_content_width":"","footnotes":""},"class_list":["post-1376485","page","type-page","status-publish","hentry"],"ams_acf":[],"_links":{"self":[{"href":"https:\/\/franotech.com\/pl\/wp-json\/wp\/v2\/pages\/1376485","targetHints":{"allow":["GET"]}}],"collection":[{"href":"https:\/\/franotech.com\/pl\/wp-json\/wp\/v2\/pages"}],"about":[{"href":"https:\/\/franotech.com\/pl\/wp-json\/wp\/v2\/types\/page"}],"author":[{"embeddable":true,"href":"https:\/\/franotech.com\/pl\/wp-json\/wp\/v2\/users\/1"}],"replies":[{"embeddable":true,"href":"https:\/\/franotech.com\/pl\/wp-json\/wp\/v2\/comments?post=1376485"}],"version-history":[{"count":4,"href":"https:\/\/franotech.com\/pl\/wp-json\/wp\/v2\/pages\/1376485\/revisions"}],"predecessor-version":[{"id":1380844,"href":"https:\/\/franotech.com\/pl\/wp-json\/wp\/v2\/pages\/1376485\/revisions\/1380844"}],"wp:attachment":[{"href":"https:\/\/franotech.com\/pl\/wp-json\/wp\/v2\/media?parent=1376485"}],"curies":[{"name":"wp","href":"https:\/\/api.w.org\/{rel}","templated":true}]}}