{"id":1379299,"date":"2025-05-21T08:14:25","date_gmt":"2025-05-21T07:14:25","guid":{"rendered":"https:\/\/franotech.com\/wycieraczka-przedniej-szyby\/"},"modified":"2026-02-27T07:40:20","modified_gmt":"2026-02-27T06:40:20","slug":"wycieraczka-przedniej-szyby","status":"publish","type":"page","link":"https:\/\/franotech.com\/pl\/wycieraczka-przedniej-szyby\/","title":{"rendered":"Wycieraczka przedniej szyby"},"content":{"rendered":"\n<div class=\"et_pb_section_0 et_pb_section et_section_regular et_block_section\"><div class=\"et_pb_row_0 et_pb_row et_block_row\"><div class=\"et_pb_column_0 et_pb_column et_pb_column_1_2 et_block_column et_pb_css_mix_blend_mode_passthrough\"><div class=\"et_pb_image_0 et_pb_image et_pb_module et_block_module\"><span class=\"et_pb_image_wrap\"><img loading=\"lazy\" decoding=\"async\" src=\"https:\/\/franotech.com\/wp-content\/uploads\/2025\/05\/wipers.jpg\" width=\"800\" height=\"533\" srcset=\"https:\/\/franotech.com\/wp-content\/uploads\/2025\/05\/wipers.jpg 800w, https:\/\/franotech.com\/wp-content\/uploads\/2025\/05\/wipers-480x320.jpg 480w\" sizes=\"(min-width: 0px) and (max-width: 480px) 480px, (min-width: 481px) 800px, 100vw\" class=\"wp-image-1376077\" title=\"wycieraczki\" \/><\/span><\/div><\/div><div class=\"et_pb_column_1 et_pb_column et_pb_column_1_2 et-last-child et_block_column et_pb_css_mix_blend_mode_passthrough\"><div class=\"et_pb_text_0 et_pb_text et_pb_bg_layout_light et_pb_module et_block_module\"><div class=\"et_pb_text_inner\"><p style=\"text-align: center;\"><span class=\"\"><strong>Poznaj przysz\u0142o\u015b\u0107 wizji: zaawansowane technologicznie wycieraczki przedniej szyby opracowane przez niemieckich in\u017cynier\u00f3w.<\/strong><\/span><span><\/span><\/p>\n<ul class=\"list-outside list-disc pl-8\">\n<li><span class=\"\">Doskona\u0142a widoczno\u015b\u0107 w ka\u017cdych warunkach pogodowych: nasze wycieraczki radz\u0105 sobie z deszczem, \u015bniegiem i lodem dzi\u0119ki innowacyjnej technologii i zapewniaj\u0105 wycieranie bez smug - nawet w ekstremalnych warunkach.<\/span><span class=\"\"><span class=\"whitespace-nowrap\"><span class=\"ml-xs hover:opacity-50 transition duration-300 cursor-pointer tabular-nums light text-[11px] font-bold tracking-wide font-mono leading-none uppercase text-textOff dark:text-textOffDark selection:bg-superDuper selection:text-textMain\"><span><\/span><\/span>.<\/span><\/span><span class=\"\"><\/span><\/li>\n<li><span class=\"\">Precyzja dzi\u0119ki niemieckiej in\u017cynierii: zaawansowane technologicznie prowadnice spr\u0119\u017cynowe idealnie dopasowuj\u0105 si\u0119 do przedniej szyby i r\u00f3wnomiernie rozk\u0142adaj\u0105 nacisk - zapewniaj\u0105c do 30% d\u0142u\u017csz\u0105 \u017cywotno\u015b\u0107 i maksymaln\u0105 jako\u015b\u0107 wycierania, nawet przy du\u017cych pr\u0119dko\u015bciach.<\/span><span class=\"\"><span class=\"whitespace-nowrap\"><span class=\"ml-xs hover:opacity-50 transition duration-300 cursor-pointer tabular-nums light text-[11px] font-bold tracking-wide font-mono leading-none uppercase text-textOff dark:text-textOffDark selection:bg-superDuper selection:text-textMain\"><span><\/span><\/span>.<\/span><\/span><span class=\"\"><\/span><\/li>\n<li><span class=\"\">Niezawodne zim\u0105: Nasze bezramkowe wycieraczki z p\u0142askim pi\u00f3rem zapobiegaj\u0105 tworzeniu si\u0119 lodu i gwarantuj\u0105 dobr\u0105 widoczno\u015b\u0107 - nawet podczas mrozu i opad\u00f3w \u015bniegu.<\/span><span class=\"\"><\/span><\/li>\n<li><span class=\"\">Prosta instalacja, uniwersalne dopasowanie: dzi\u0119ki innowacyjnemu uniwersalnemu adapterowi nasze pi\u00f3ra wycieraczek s\u0105 gotowe do u\u017cycia w prawie ka\u017cdym modelu pojazdu w mgnieniu oka.<\/span><span class=\"\"><span class=\"whitespace-nowrap\"><span class=\"ml-xs hover:opacity-50 transition duration-300 cursor-pointer tabular-nums light text-[11px] font-bold tracking-wide font-mono leading-none uppercase text-textOff dark:text-textOffDark selection:bg-superDuper selection:text-textMain\"><span><\/span><\/span>. Idealny do warsztat\u00f3w, aby utrzyma\u0107 niskie koszty przechowywania.<\/span><\/span><\/li>\n<\/ul>\n<\/div><\/div><\/div><\/div><div class=\"et_pb_row_1 et_pb_row et_pb_row_3-5_1-5_1-5 et_block_row et_block_row_3-5_1-5_1-5\"><div class=\"et_pb_column_2 et_pb_column et_pb_column_3_5 et_block_column et_pb_css_mix_blend_mode_passthrough\"><div class=\"et_pb_text_1 et_pb_text et_pb_bg_layout_light et_pb_module et_block_module\"><div class=\"et_pb_text_inner\"><ul class=\"list-outside list-disc pl-8\">\n<li><span class=\"\">Cichy i aerodynamiczny: dzi\u0119ki zminimalizowanemu szumowi wiatru i zmniejszonemu obszarowi przep\u0142ywu powietrza mo\u017cesz cieszy\u0107 si\u0119 cich\u0105 jazd\u0105 bez wzgl\u0119du na to, jak szybko jedziesz.<\/span><span class=\"\"><span class=\"whitespace-nowrap\"><span class=\"ml-xs hover:opacity-50 transition duration-300 cursor-pointer tabular-nums light text-[11px] font-bold tracking-wide font-mono leading-none uppercase text-textOff dark:text-textOffDark selection:bg-superDuper selection:text-textMain\"><span><\/span><\/span>.<\/span><\/span><\/li>\n<\/ul>\n<\/div><\/div><\/div><div class=\"et_pb_column_3 et_pb_column et_pb_column_1_5 et_block_column et_pb_css_mix_blend_mode_passthrough\"><div class=\"et_pb_image_1 et_pb_image et_pb_module et_block_module\"><span class=\"et_pb_image_wrap\"><img loading=\"lazy\" decoding=\"async\" src=\"https:\/\/franotech.com\/wp-content\/uploads\/2025\/05\/CFD-Analysis-2-16to9.gif\" width=\"538\" height=\"336\" srcset=\"https:\/\/franotech.com\/wp-content\/uploads\/2025\/05\/CFD-Analysis-2-16to9.gif 538w\" sizes=\"(min-width: 0px) and (max-width: 480px) 480px, (min-width: 481px) 538px, 100vw\" class=\"wp-image-1376715\" title=\"Analiza CFD 2 16to9\" \/><\/span><\/div><\/div><div class=\"et_pb_column_4 et_pb_column et_pb_column_1_5 et-last-child et_block_column et_pb_css_mix_blend_mode_passthrough\"><div class=\"et_pb_image_2 et_pb_image et_pb_module et_block_module\"><span class=\"et_pb_image_wrap\"><img loading=\"lazy\" decoding=\"async\" src=\"https:\/\/franotech.com\/wp-content\/uploads\/2025\/05\/CFD-Analysis-1-16to9.gif\" width=\"393\" height=\"221\" srcset=\"https:\/\/franotech.com\/wp-content\/uploads\/2025\/05\/CFD-Analysis-1-16to9.gif 393w\" sizes=\"(max-width: 393px) 100vw, 393px\" class=\"wp-image-1376697\" title=\"Analiza CFD 1 16to9\" \/><\/span><\/div><\/div><\/div><div class=\"et_pb_row_2 et_pb_row et_block_row\"><div class=\"et_pb_column_5 et_pb_column et_pb_column_4_4 et-last-child et_block_column et_pb_css_mix_blend_mode_passthrough\"><div class=\"et_pb_module et_pb_button_module_wrapper et_pb_button_0_wrapper\"><a class=\"et_pb_button_0 et_pb_button et_pb_bg_layout_dark et_pb_module et_block_module\" href=\"\">Zam\u00f3w wycieraczki na d\u0142ugo\u015b\u0107 ju\u017c teraz<\/a><\/div><div class=\"et_pb_divider_0 et_pb_divider et_pb_space et_pb_divider_position_top et_pb_module\"><div class=\"et_pb_divider_internal\"><\/div><\/div><\/div><\/div><div class=\"et_pb_row_3 et_pb_row et_block_row\"><div class=\"et_pb_column_6 et_pb_column et_pb_column_4_4 et-last-child et_block_column et_pb_css_mix_blend_mode_passthrough\"><div class=\"et_pb_text_2 et_pb_text et_pb_bg_layout_light et_pb_module et_block_module\"><div class=\"et_pb_text_inner\"><p style=\"text-align: center;\"><strong>Ju\u017c wkr\u00f3tce: Rainglide One<\/strong><\/p>\n<\/div><\/div><\/div><\/div><div class=\"et_pb_row_4 et_pb_row et_pb_equal_columns et_block_row\"><div class=\"et_pb_column_7 et_pb_column et_pb_column_1_2 et_block_column et_pb_css_mix_blend_mode_passthrough\"><div class=\"et_pb_video_0 et_pb_video et_pb_module et_block_module\"><div class=\"et_pb_video_box\"><video controls><source type=\"video\/webm\" src=\"https:\/\/rainglide.com\/wp-content\/uploads\/2025\/02\/Rainglide-German-compress.mp4\" \/><\/video><\/div><\/div><\/div><div class=\"et_pb_column_8 et_pb_column et_pb_column_1_2 et-last-child et_block_column et_pb_css_mix_blend_mode_passthrough\"><div class=\"et_pb_text_3 et_pb_text et_pb_bg_layout_light et_pb_module et_block_module\"><div class=\"et_pb_text_inner\"><ul>\n<li><strong>Aerodynamiczna innowacja zapewniaj\u0105ca du\u017c\u0105 si\u0142\u0119 docisku przy du\u017cych pr\u0119dko\u015bciach<\/strong><\/li>\n<li><strong>Technologia usuwania owad\u00f3w i innych uporczywych zabrudze\u0144<\/strong><\/li>\n<li><strong>Piel\u0119gnacja przedniej szyby przy ka\u017cdym cyklu wycierania dzi\u0119ki wbudowanemu zbiornikowi do dozowania nanoproduktu piel\u0119gnacyjnego Magic Glide.<\/strong><\/li>\n<\/ul>\n<p><strong>Wi\u0119cej informacji na stronie: <a href=\"https:\/\/rainglide.com\/\">rainglide.com<\/a><\/strong><\/p>\n<\/div><\/div><\/div><\/div><\/div>\n","protected":false},"excerpt":{"rendered":"","protected":false},"author":1,"featured_media":0,"parent":0,"menu_order":0,"comment_status":"closed","ping_status":"closed","template":"","meta":{"footnotes":""},"class_list":["post-1379299","page","type-page","status-publish","hentry"],"ams_acf":[],"_links":{"self":[{"href":"https:\/\/franotech.com\/pl\/wp-json\/wp\/v2\/pages\/1379299","targetHints":{"allow":["GET"]}}],"collection":[{"href":"https:\/\/franotech.com\/pl\/wp-json\/wp\/v2\/pages"}],"about":[{"href":"https:\/\/franotech.com\/pl\/wp-json\/wp\/v2\/types\/page"}],"author":[{"embeddable":true,"href":"https:\/\/franotech.com\/pl\/wp-json\/wp\/v2\/users\/1"}],"replies":[{"embeddable":true,"href":"https:\/\/franotech.com\/pl\/wp-json\/wp\/v2\/comments?post=1379299"}],"version-history":[{"count":6,"href":"https:\/\/franotech.com\/pl\/wp-json\/wp\/v2\/pages\/1379299\/revisions"}],"predecessor-version":[{"id":1380855,"href":"https:\/\/franotech.com\/pl\/wp-json\/wp\/v2\/pages\/1379299\/revisions\/1380855"}],"wp:attachment":[{"href":"https:\/\/franotech.com\/pl\/wp-json\/wp\/v2\/media?parent=1379299"}],"curies":[{"name":"wp","href":"https:\/\/api.w.org\/{rel}","templated":true}]}}