{"id":1379316,"date":"2025-05-20T09:21:34","date_gmt":"2025-05-20T09:21:34","guid":{"rendered":"https:\/\/franotech.com\/polityka-prywatnosci\/"},"modified":"2025-09-18T11:14:52","modified_gmt":"2025-09-18T11:14:52","slug":"polityka-prywatnosci","status":"publish","type":"page","link":"https:\/\/franotech.com\/pl\/polityka-prywatnosci\/","title":{"rendered":"Polityka prywatno\u015bci"},"content":{"rendered":"\n<p><strong>1. administrator przetwarzania danych<\/strong><br\/>Odpowiedzialny za przetwarzanie danych osobowych na tej stronie jest:<br\/>Franotech OU<br\/>Narva Mnt 5, 10117 Tallinn, Estonia<br\/>Dyrektor zarz\u0105dzaj\u0105cy: Marlon Franosch<br\/>E-mail: service@franotech.com<\/p>\n\n<p><strong>2. og\u00f3lne informacje o przetwarzaniu danych<\/strong><br\/>Bardzo powa\u017cnie podchodzimy do ochrony danych osobowych u\u017cytkownik\u00f3w. Dane osobowe s\u0105 przetwarzane na tej stronie internetowej tylko w niezb\u0119dnym zakresie. Przetwarzanie odbywa si\u0119 zgodnie z przepisami og\u00f3lnego rozporz\u0105dzenia o ochronie danych (RODO) i innymi odpowiednimi przepisami o ochronie danych.  <\/p>\n\n<p><strong>3. gromadzenie i przechowywanie danych osobowych oraz charakter i cel ich wykorzystywania<\/strong><br\/>Podczas odwiedzania naszej strony internetowej automatycznie gromadzone s\u0105 nast\u0119puj\u0105ce dane, kt\u00f3re s\u0105 tymczasowo przechowywane w plikach dziennika serwera:<\/p>\n\n<ul class=\"wp-block-list\">\n<li>Adres IP komputera wysy\u0142aj\u0105cego \u017c\u0105danie<\/li>\n\n\n\n<li>Data i godzina dost\u0119pu<\/li>\n\n\n\n<li>Nazwa i adres URL pobranego pliku<\/li>\n\n\n\n<li>Strona internetowa, z kt\u00f3rej uzyskano dost\u0119p (adres URL odsy\u0142acza)<\/li>\n\n\n\n<li>U\u017cywana przegl\u0105darka i, w stosownych przypadkach, system operacyjny komputera.<\/li>\n<\/ul>\n\n<p>Dane te s\u0105 przetwarzane w celu zapewnienia p\u0142ynnego po\u0142\u0105czenia ze stron\u0105 internetow\u0105, bezpiecze\u0144stwa i stabilno\u015bci systemu oraz w celach administracyjnych. Podstaw\u0105 prawn\u0105 jest art. 6 ust. 1 lit. f RODO.   <\/p>\n\n<p><strong>4. formularz kontaktowy i kontakt e-mailowy<\/strong><br\/>W przypadku przes\u0142ania nam zapytania za po\u015brednictwem formularza kontaktowego lub wiadomo\u015bci e-mail, dane u\u017cytkownika, w tym podane przez niego dane kontaktowe, b\u0119d\u0105 przez nas przechowywane w celu przetworzenia zapytania oraz w przypadku dalszych pyta\u0144. Nie przeka\u017cemy tych danych bez zgody u\u017cytkownika. Podstaw\u0105 prawn\u0105 jest art. 6 ust. 1 lit. b RODO.    <\/p>\n\n<p><strong>5. pliki cookie i narz\u0119dzia \u015bledz\u0105ce<\/strong><br\/>Nasza strona internetowa wykorzystuje pliki cookie. Pliki cookie to ma\u0142e pliki tekstowe, kt\u00f3re s\u0105 przechowywane na urz\u0105dzeniu ko\u0144cowym u\u017cytkownika i umo\u017cliwiaj\u0105 analiz\u0119 korzystania z witryny przez u\u017cytkownika. Mo\u017cesz zapobiec przechowywaniu plik\u00f3w cookie, wybieraj\u0105c odpowiednie ustawienia w oprogramowaniu przegl\u0105darki.<br\/>Je\u015bli korzystamy z narz\u0119dzi \u015bledz\u0105cych (takich jak Google Analytics) lub wtyczek medi\u00f3w spo\u0142eczno\u015bciowych, poinformujemy Ci\u0119 o tym osobno w niniejszej polityce prywatno\u015bci. S\u0105 one wykorzystywane na podstawie art. 6 ust. 1 lit. a RODO (zgoda) lub art. 6 ust. 1 lit. f RODO (uzasadniony interes).       <\/p>\n\n<p><strong>6. przekazywanie danych stronom trzecim<\/strong><br\/>Dane osobowe u\u017cytkownika b\u0119d\u0105 przekazywane stronom trzecim tylko wtedy, gdy jest to dozwolone przez prawo lub gdy u\u017cytkownik wyrazi\u0142 na to zgod\u0119. Mo\u017cliwymi odbiorcami s\u0105 na przyk\u0142ad dostawcy us\u0142ug IT, dostawcy us\u0142ug hostingowych lub organy w ramach obowi\u0105zk\u00f3w prawnych. Dane b\u0119d\u0105 przekazywane do kraj\u00f3w trzecich spoza UE tylko wtedy, gdy istniej\u0105 odpowiednie gwarancje, a u\u017cytkownik zosta\u0142 o tym poinformowany.  <\/p>\n\n<p><strong>7. czas przechowywania<\/strong><br\/>Dane osobowe b\u0119d\u0105 przechowywane tylko tak d\u0142ugo, jak jest to konieczne do okre\u015blonych cel\u00f3w lub tak d\u0142ugo, jak istniej\u0105 ustawowe okresy przechowywania. Po ustaniu danego celu lub up\u0142ywie tych okres\u00f3w dane s\u0105 rutynowo usuwane. <\/p>\n\n<p><strong>8. prawa os\u00f3b, kt\u00f3rych dane dotycz\u0105<\/strong><br\/>U\u017cytkownik ma prawo do<\/p>\n\n<ul class=\"wp-block-list\">\n<li>otrzymywania informacji o przechowywanych przez nas danych osobowych (art. 15 RODO)<\/li>\n\n\n\n<li>do \u017c\u0105dania sprostowania niedok\u0142adnych danych (art. 16 RODO)<\/li>\n\n\n\n<li>za\u017c\u0105da\u0107 usuni\u0119cia swoich danych (art. 17 RODO)<\/li>\n\n\n\n<li>\u017c\u0105dania ograniczenia przetwarzania (art. 18 RODO)<\/li>\n\n\n\n<li>wniesienia sprzeciwu wobec przetwarzania (art. 21 RODO)<\/li>\n\n\n\n<li>do \u017c\u0105dania przeniesienia danych (art. 20 RODO)<\/li>\n\n\n\n<li>Odwo\u0142anie udzielonej zgody w dowolnym momencie (art. 7 ust. 3 RODO)<\/li>\n\n\n\n<li>wniesienia skargi do organu nadzorczego (art. 77 RODO).<\/li>\n<\/ul>\n\n<p><strong>9. obowi\u0105zek podania danych<\/strong><br\/>Podanie danych osobowych jest cz\u0119\u015bciowo wymagane przez prawo lub konieczne do zawarcia umowy. Bez tych danych nie mo\u017cna zawrze\u0107 umowy ani przetworzy\u0107 zapytania. <\/p>\n\n<p><strong>10. zautomatyzowane podejmowanie decyzji<\/strong><br\/>Zautomatyzowane podejmowanie decyzji, w tym profilowanie, nie ma miejsca, chyba \u017ce wyra\u017anie okre\u015blono to w niniejszej polityce prywatno\u015bci.<\/p>\n\n<p><strong>11. aktualno\u015b\u0107 i zmiany niniejszej polityki prywatno\u015bci<\/strong><br\/>Niniejsza polityka prywatno\u015bci jest obecnie wa\u017cna i jest datowana na maj 2025 r. Ze wzgl\u0119du na dalszy rozw\u00f3j naszej strony internetowej lub ze wzgl\u0119du na zmienione wymogi prawne lub urz\u0119dowe, mo\u017ce okaza\u0107 si\u0119 konieczna zmiana niniejszej polityki prywatno\u015bci. Dost\u0119p do aktualnej polityki prywatno\u015bci mo\u017cna uzyska\u0107 w dowolnym momencie na tej stronie internetowej.  <\/p>\n","protected":false},"excerpt":{"rendered":"<p>1. administrator przetwarzania danychOdpowiedzialny za przetwarzanie danych osobowych na tej stronie jest:Franotech OUNarva Mnt 5, 10117 Tallinn, EstoniaDyrektor zarz\u0105dzaj\u0105cy: Marlon FranoschE-mail: service@franotech.com 2. og\u00f3lne informacje o przetwarzaniu danychBardzo powa\u017cnie podchodzimy do ochrony danych osobowych u\u017cytkownik\u00f3w. Dane osobowe s\u0105 przetwarzane na tej stronie internetowej tylko w niezb\u0119dnym zakresie. Przetwarzanie odbywa si\u0119 zgodnie z przepisami og\u00f3lnego rozporz\u0105dzenia [&hellip;]<\/p>\n","protected":false},"author":1,"featured_media":0,"parent":0,"menu_order":0,"comment_status":"closed","ping_status":"closed","template":"","meta":{"footnotes":""},"class_list":["post-1379316","page","type-page","status-publish","hentry"],"ams_acf":[],"_links":{"self":[{"href":"https:\/\/franotech.com\/pl\/wp-json\/wp\/v2\/pages\/1379316","targetHints":{"allow":["GET"]}}],"collection":[{"href":"https:\/\/franotech.com\/pl\/wp-json\/wp\/v2\/pages"}],"about":[{"href":"https:\/\/franotech.com\/pl\/wp-json\/wp\/v2\/types\/page"}],"author":[{"embeddable":true,"href":"https:\/\/franotech.com\/pl\/wp-json\/wp\/v2\/users\/1"}],"replies":[{"embeddable":true,"href":"https:\/\/franotech.com\/pl\/wp-json\/wp\/v2\/comments?post=1379316"}],"version-history":[{"count":3,"href":"https:\/\/franotech.com\/pl\/wp-json\/wp\/v2\/pages\/1379316\/revisions"}],"predecessor-version":[{"id":1379320,"href":"https:\/\/franotech.com\/pl\/wp-json\/wp\/v2\/pages\/1379316\/revisions\/1379320"}],"wp:attachment":[{"href":"https:\/\/franotech.com\/pl\/wp-json\/wp\/v2\/media?parent=1379316"}],"curies":[{"name":"wp","href":"https:\/\/api.w.org\/{rel}","templated":true}]}}