{"id":1379324,"date":"2025-05-20T09:21:34","date_gmt":"2025-05-20T09:21:34","guid":{"rendered":"https:\/\/franotech.com\/nadruk\/"},"modified":"2025-05-20T09:21:34","modified_gmt":"2025-05-20T09:21:34","slug":"nadruk","status":"publish","type":"page","link":"https:\/\/franotech.com\/pl\/nadruk\/","title":{"rendered":"Nadruk"},"content":{"rendered":"<p class=\"my-0\"><strong>Informacje zgodnie z \u00a7 5 Dyrektywy o handlu elektronicznym 2000\/31\/WE, prawem esto\u0144skim oraz w celu zapoznania si\u0119 z niemieckimi wymogami dotycz\u0105cymi mi\u0119dzynarodowej dzia\u0142alno\u015bci gospodarczej.<\/strong><\/p>\n<p class=\"my-0\"><strong>Nazwa firmy:<\/strong><br \/>\nFranotech OU<\/p>\n<p class=\"my-0\"><strong>Forma prawna:<\/strong><br \/>\nOsa\u00fching (esto\u0144ska sp\u00f3\u0142ka z ograniczon\u0105 odpowiedzialno\u015bci\u0105, OU)<\/p>\n<p class=\"my-0\"><strong>Dyrektor zarz\u0105dzaj\u0105cy:<\/strong><br \/>\nMarlon Franosch<\/p>\n<p class=\"my-0\"><strong>Siedziba sp\u00f3\u0142ki:<\/strong><br \/>\nNarva Mnt 5, 10117, Tallinn, Estonia<\/p>\n<p class=\"my-0\"><strong>Numer rejestru handlowego:<\/strong><br \/>\n16065958<\/p>\n<p class=\"my-0\"><strong>Numer identyfikacyjny podatku od warto\u015bci dodanej (VAT-ID):<\/strong><br \/>\nEE102296864<\/p>\n<p class=\"my-0\"><strong>Kontakt:<\/strong><br \/>\nTelefon: [Wpisz numer telefonu]<br \/>\nE-mail: service@franotech.com<\/p>\n<p class=\"my-0\"><strong>Odpowiedzialny za tre\u015b\u0107 zgodnie z \u00a7 55 Abs. 2 RStV (je\u015bli jest to wymagane): <\/strong><br \/>\nMarlon Franosch<\/p>\n<div class=\"woocommerce woocommerce-gzd woocommerce-gzd-complaints-shortcode\">\n\t\t\t<h3>Alternative Dispute Resolution in accordance with Art. 14 (1) ODR-VO and \u00a7 36 VSBG:<\/h3>\n\t\nZur Teilnahme an einem Streitbeilegungsverfahren vor einer Verbraucherschlichtungsstelle sind wir nicht verpflichtet und nicht bereit.<\/div>\n<p class=\"my-0\"><strong>Odpowiedzialno\u015b\u0107 za tre\u015b\u0107<\/strong><br \/>\nTre\u015b\u0107 naszej strony internetowej zosta\u0142a stworzona z najwi\u0119ksz\u0105 mo\u017cliw\u0105 staranno\u015bci\u0105. Nie ponosimy jednak odpowiedzialno\u015bci za dok\u0142adno\u015b\u0107, kompletno\u015b\u0107 i aktualno\u015b\u0107 udost\u0119pnianych tre\u015bci. Jako dostawca us\u0142ug jeste\u015bmy odpowiedzialni za w\u0142asne tre\u015bci na tych stronach zgodnie z obowi\u0105zuj\u0105cymi przepisami prawa. Nie jeste\u015bmy jednak zobowi\u0105zani do monitorowania przesy\u0142anych lub przechowywanych informacji os\u00f3b trzecich ani do badania okoliczno\u015bci wskazuj\u0105cych na nielegaln\u0105 dzia\u0142alno\u015b\u0107. Zobowi\u0105zania do usuni\u0119cia lub zablokowania korzystania z informacji zgodnie z og\u00f3lnymi przepisami prawa pozostaj\u0105 nienaruszone. Odpowiedzialno\u015b\u0107 w tym zakresie jest jednak mo\u017cliwa dopiero od momentu powzi\u0119cia informacji o konkretnym naruszeniu. Gdy tylko dowiemy si\u0119 o takich naruszeniach, niezw\u0142ocznie usuniemy te tre\u015bci.      <\/p>\n<p class=\"my-0\"><strong>Odpowiedzialno\u015b\u0107 za linki zewn\u0119trzne<\/strong><br \/>\nNasza strona internetowa zawiera linki do zewn\u0119trznych stron internetowych os\u00f3b trzecich, na kt\u00f3rych tre\u015b\u0107 nie mamy wp\u0142ywu. W zwi\u0105zku z tym nie mo\u017cemy przyj\u0105\u0107 \u017cadnej odpowiedzialno\u015bci za te tre\u015bci zewn\u0119trzne. Odpowiedni dostawca lub operator stron jest zawsze odpowiedzialny za tre\u015b\u0107 stron, do kt\u00f3rych prowadz\u0105 linki. W momencie umieszczania link\u00f3w nie stwierdzono \u017cadnych narusze\u0144 prawa. Sta\u0142e monitorowanie tre\u015bci stron, do kt\u00f3rych prowadz\u0105 linki, nie jest jednak uzasadnione bez konkretnych dowod\u00f3w naruszenia prawa. Je\u015bli dowiemy si\u0119 o jakichkolwiek naruszeniach prawa, natychmiast usuniemy takie linki.     <\/p>\n<p class=\"my-0\"><strong>Prawa autorskie<\/strong><br \/>\nTre\u015bci i dzie\u0142a stworzone przez operator\u00f3w witryny na tych stronach podlegaj\u0105 prawom autorskim. Wk\u0142ad os\u00f3b trzecich jest oznaczony jako taki. Powielanie, edytowanie, rozpowszechnianie i wszelkiego rodzaju wykorzystywanie poza granicami prawa autorskiego wymaga pisemnej zgody odpowiedniego autora lub tw\u00f3rcy. Pobieranie i kopiowanie tej strony jest dozwolone wy\u0142\u0105cznie do prywatnego, niekomercyjnego u\u017cytku.   <\/p>\n<p class=\"my-0\"><strong>Uwaga<\/strong><br \/>\nWy\u0142\u0105czenie odpowiedzialno\u015bci nie mo\u017ce skutecznie wy\u0142\u0105czy\u0107 odpowiedzialno\u015bci ustawowej, w szczeg\u00f3lno\u015bci w przypadku umy\u015blnego lub ra\u017c\u0105cego niedbalstwa lub uszczerbku na \u017cyciu, ciele lub zdrowiu. Sformu\u0142owanie to s\u0142u\u017cy wyja\u015bnieniu i przejrzysto\u015bci, ale nie zast\u0119puje indywidualnej porady prawnej. <\/p>\n","protected":false},"excerpt":{"rendered":"<p>Informacje zgodnie z \u00a7 5 Dyrektywy o handlu elektronicznym 2000\/31\/WE, prawem esto\u0144skim oraz w celu zapoznania si\u0119 z niemieckimi wymogami dotycz\u0105cymi mi\u0119dzynarodowej dzia\u0142alno\u015bci gospodarczej. Nazwa firmy: Franotech OU Forma prawna: Osa\u00fching (esto\u0144ska sp\u00f3\u0142ka z ograniczon\u0105 odpowiedzialno\u015bci\u0105, OU) Dyrektor zarz\u0105dzaj\u0105cy: Marlon Franosch Siedziba sp\u00f3\u0142ki: Narva Mnt 5, 10117, Tallinn, Estonia Numer rejestru handlowego: 16065958 Numer identyfikacyjny [&hellip;]<\/p>\n","protected":false},"author":1,"featured_media":0,"parent":0,"menu_order":0,"comment_status":"closed","ping_status":"closed","template":"","meta":{"footnotes":""},"class_list":["post-1379324","page","type-page","status-publish","hentry"],"ams_acf":[],"_links":{"self":[{"href":"https:\/\/franotech.com\/pl\/wp-json\/wp\/v2\/pages\/1379324","targetHints":{"allow":["GET"]}}],"collection":[{"href":"https:\/\/franotech.com\/pl\/wp-json\/wp\/v2\/pages"}],"about":[{"href":"https:\/\/franotech.com\/pl\/wp-json\/wp\/v2\/types\/page"}],"author":[{"embeddable":true,"href":"https:\/\/franotech.com\/pl\/wp-json\/wp\/v2\/users\/1"}],"replies":[{"embeddable":true,"href":"https:\/\/franotech.com\/pl\/wp-json\/wp\/v2\/comments?post=1379324"}],"version-history":[{"count":0,"href":"https:\/\/franotech.com\/pl\/wp-json\/wp\/v2\/pages\/1379324\/revisions"}],"wp:attachment":[{"href":"https:\/\/franotech.com\/pl\/wp-json\/wp\/v2\/media?parent=1379324"}],"curies":[{"name":"wp","href":"https:\/\/api.w.org\/{rel}","templated":true}]}}