{"id":1379362,"date":"2025-05-21T08:48:48","date_gmt":"2025-05-21T07:48:48","guid":{"rendered":"https:\/\/franotech.com\/skontaktuj-sie-z-nami\/"},"modified":"2026-02-27T07:40:37","modified_gmt":"2026-02-27T06:40:37","slug":"skontaktuj-sie-z-nami","status":"publish","type":"page","link":"https:\/\/franotech.com\/pl\/skontaktuj-sie-z-nami\/","title":{"rendered":"Skontaktuj si\u0119 z nami"},"content":{"rendered":"\n<div class=\"et_pb_section_0 et_pb_section et_section_regular et_block_section\"><div class=\"et_pb_row_0 et_pb_row et_block_row\"><div class=\"et_pb_column_0 et_pb_column et_pb_column_4_4 et-last-child et_block_column et_pb_css_mix_blend_mode_passthrough\"><div class=\"et_pb_text_0 et_pb_text et_pb_bg_layout_light et_pb_module et_block_module\"><div class=\"et_pb_text_inner\"><h1>Og\u00f3lnoeuropejskie wsparcie<\/h1>\n<\/div><\/div><div class=\"et_pb_text_1 et_pb_text et_pb_bg_layout_light et_pb_module et_block_module\"><div class=\"et_pb_text_inner\"><p><span>Witamy w dziale obs\u0142ugi klienta - centralnym punkcie naszej obietnicy \u015bwiadczenia us\u0142ug!<\/span><br \/><span>Wierzymy, \u017ce \u015bwietne produkty s\u0105 naprawd\u0119 przekonuj\u0105ce tylko wtedy, gdy towarzyszy im r\u00f3wnie \u015bwietna obs\u0142uga. Dlatego robimy wszystko, co w naszej mocy, aby nie tylko udziela\u0107 odpowiedzi, ale tak\u017ce oferowa\u0107 realne rozwi\u0105zania. W ca\u0142ej Europie.<\/span><\/p>\n<\/div><\/div><\/div><\/div><div class=\"et_pb_row_1 et_pb_row et_block_row\"><div class=\"et_pb_column_1 et_pb_column et_pb_column_4_4 et-last-child et_block_column et_pb_css_mix_blend_mode_passthrough\"><div class=\"et_pb_text_2 et_pb_text et_pb_bg_layout_light et_pb_module et_block_module\"><div class=\"et_pb_text_inner\"><p><strong>Zawsze dost\u0119pne w ca\u0142ej Europie. Przez telefon, system biletowy lub e-mail:<\/strong><\/p>\n<\/div><\/div><\/div><\/div><div class=\"et_pb_row_2 et_pb_row et_pb_row_1-4_1-4_1-2 et_pb_equal_columns et_block_row et_block_row_1-4_1-4_1-2\"><div class=\"et_pb_column_2 et_pb_column et_pb_column_1_4 et_block_column et_pb_css_mix_blend_mode_passthrough\"><div class=\"et_pb_text_3 et_pb_text et_pb_bg_layout_light et_pb_module et_block_module\"><div class=\"et_pb_text_inner\"><p><img decoding=\"async\" class=\"wpml-ls-flag\" src=\"https:\/\/franotech.com\/wp-content\/plugins\/sitepress-multilingual-cms\/res\/flags\/de.svg\" alt=\"\">  +4970314204070<br \/><img decoding=\"async\" class=\"wpml-ls-flag\" src=\"https:\/\/franotech.com\/wp-content\/plugins\/sitepress-multilingual-cms\/res\/flags\/en.svg\" alt=\"\"> +44 1865 638761<br \/><img decoding=\"async\" class=\"wpml-ls-flag\" src=\"https:\/\/franotech.com\/wp-content\/plugins\/sitepress-multilingual-cms\/res\/flags\/es.svg\" alt=\"\"> + wkr\u00f3tce<\/p>\n<\/div><\/div><\/div><div class=\"et_pb_column_3 et_pb_column et_pb_column_1_4 et_block_column et_pb_css_mix_blend_mode_passthrough\"><div class=\"et_pb_text_4 et_pb_text et_pb_bg_layout_light et_pb_module et_block_module\"><div class=\"et_pb_text_inner\"><p><img decoding=\"async\" class=\"wpml-ls-flag\" src=\"https:\/\/franotech.com\/wp-content\/plugins\/sitepress-multilingual-cms\/res\/flags\/fr.svg\" alt=\"\">  + wkr\u00f3tce<br \/><img decoding=\"async\" class=\"wpml-ls-flag\" src=\"https:\/\/franotech.com\/wp-content\/plugins\/sitepress-multilingual-cms\/res\/flags\/pl.svg\" alt=\"\"> +48664330894<br \/><img decoding=\"async\" class=\"wpml-ls-flag\" src=\"https:\/\/franotech.com\/wp-content\/plugins\/sitepress-multilingual-cms\/res\/flags\/et.svg\" alt=\"\"> +372 636 0743<\/p>\n<\/div><\/div><\/div><div class=\"et_pb_column_4 et_pb_column et_pb_column_1_2 et-last-child et_block_column et_pb_css_mix_blend_mode_passthrough\"><div class=\"et_pb_image_0 et_pb_image et_pb_module et_block_module\"><span class=\"et_pb_image_wrap\"><img loading=\"lazy\" decoding=\"async\" src=\"https:\/\/franotech.com\/wp-content\/uploads\/2025\/06\/contact-center-1024x576.jpg\" width=\"1024\" height=\"576\" srcset=\"https:\/\/franotech.com\/wp-content\/uploads\/2025\/06\/contact-center-980x551.jpg 980w, https:\/\/franotech.com\/wp-content\/uploads\/2025\/06\/contact-center-480x270.jpg 480w\" sizes=\"(min-width: 0px) and (max-width: 480px) 480px, (min-width: 481px) and (max-width: 980px) 980px, (min-width: 981px) 1024px, 100vw\" class=\"wp-image-1377004\" title=\"centrum kontaktowe\" \/><\/span><\/div><\/div><\/div><div class=\"et_pb_row_3 et_pb_row et_block_row\"><div class=\"et_pb_column_5 et_pb_column et_pb_column_4_4 et-last-child et_block_column et_pb_css_mix_blend_mode_passthrough\"><div class=\"et_pb_text_5 et_pb_text et_pb_bg_layout_light et_pb_module et_block_module\"><div class=\"et_pb_text_inner\"><p><strong>E-mail (wszystkie obs\u0142ugiwane j\u0119zyki): service@franotech.com<\/strong><\/p>\n<\/div><\/div><div class=\"et_pb_login_0 et_pb_login et_pb_newsletter et_pb_bg_layout_dark et_pb_module et_block_module\"><div class=\"et_pb_newsletter_description\"><h2 class=\"et_pb_module_header\">System bilet\u00f3w<\/h2><div class=\"et_pb_newsletter_description_content\"><p>Zaloguj si\u0119 do systemu zg\u0142osze\u0144, aby zobaczy\u0107 przegl\u0105d wszystkich zapyta\u0144 dotycz\u0105cych sprzeda\u017cy, wsparcia i logo. Wszystko jest tutaj przechowywane w uporz\u0105dkowany spos\u00f3b i masz dost\u0119p do najcz\u0119\u015bciej zadawanych pyta\u0144. Wszystkie zapytania kierowane na adres <a href=\"mailto:service@franotech.com\">service@franotech.com<\/a> automatycznie otwieraj\u0105 bilet. <strong>Zalecamy korzystanie z systemu zg\u0142osze\u0144 zamiast czatu na \u017cywo i telefonu.<\/strong><\/p>\n<\/div><\/div><div class=\"et_pb_newsletter_form et_pb_login_form\"><form action=\"https:\/\/franotech.com\/pl\/wp-login.php\" method=\"post\"><p class=\"et_pb_contact_form_field\"><label class=\"et_pb_contact_form_label\" for=\"user_login_0\" style=\"display: none;\">Nazwa U\u017cytkownika<\/label><input class=\"input\" id=\"user_login_0\" placeholder=\"Nazwa U\u017cytkownika\" type=\"text\" value=\"\" name=\"log\" \/><\/p><p class=\"et_pb_contact_form_field\"><label class=\"et_pb_contact_form_label\" for=\"user_pass_0\" style=\"display: none;\">Has\u0142o<\/label><input class=\"input\" id=\"user_pass_0\" placeholder=\"Has\u0142o\" type=\"password\" value=\"\" name=\"pwd\" \/><\/p><p class=\"et_pb_forgot_password\"><a href=\"https:\/\/franotech.com\/pl\/moje-konto\/lost-password\/\">Nie pami\u0119tasz has\u0142a?<\/a><\/p><p><button type=\"submit\" name=\"et_builder_submit_button\" class=\"et_pb_button et_pb_newsletter_button\">Login<\/button><input type=\"hidden\" name=\"redirect_to\" value=\"https:\/\/franotech.com\/pl\/wp-json\/wp\/v2\/pages\/1379362\" \/><\/p><\/form><\/div><\/div><\/div><\/div><\/div>\n","protected":false},"excerpt":{"rendered":"","protected":false},"author":1,"featured_media":0,"parent":0,"menu_order":0,"comment_status":"closed","ping_status":"closed","template":"","meta":{"footnotes":""},"class_list":["post-1379362","page","type-page","status-publish","hentry"],"ams_acf":[],"_links":{"self":[{"href":"https:\/\/franotech.com\/pl\/wp-json\/wp\/v2\/pages\/1379362","targetHints":{"allow":["GET"]}}],"collection":[{"href":"https:\/\/franotech.com\/pl\/wp-json\/wp\/v2\/pages"}],"about":[{"href":"https:\/\/franotech.com\/pl\/wp-json\/wp\/v2\/types\/page"}],"author":[{"embeddable":true,"href":"https:\/\/franotech.com\/pl\/wp-json\/wp\/v2\/users\/1"}],"replies":[{"embeddable":true,"href":"https:\/\/franotech.com\/pl\/wp-json\/wp\/v2\/comments?post=1379362"}],"version-history":[{"count":7,"href":"https:\/\/franotech.com\/pl\/wp-json\/wp\/v2\/pages\/1379362\/revisions"}],"predecessor-version":[{"id":1380866,"href":"https:\/\/franotech.com\/pl\/wp-json\/wp\/v2\/pages\/1379362\/revisions\/1380866"}],"wp:attachment":[{"href":"https:\/\/franotech.com\/pl\/wp-json\/wp\/v2\/media?parent=1379362"}],"curies":[{"name":"wp","href":"https:\/\/api.w.org\/{rel}","templated":true}]}}