{"id":1379511,"date":"2025-05-21T10:23:34","date_gmt":"2025-05-21T09:23:34","guid":{"rendered":"https:\/\/franotech.com\/apteczki-pierwszej-pomocy\/"},"modified":"2026-02-27T07:40:38","modified_gmt":"2026-02-27T06:40:38","slug":"apteczki-pierwszej-pomocy","status":"publish","type":"page","link":"https:\/\/franotech.com\/pl\/apteczki-pierwszej-pomocy\/","title":{"rendered":"Apteczki pierwszej pomocy"},"content":{"rendered":"\n<div class=\"et_pb_section_0 et_pb_section et_section_regular et_block_section\"><div class=\"et_pb_row_0 et_pb_row et_block_row\"><div class=\"et_pb_column_0 et_pb_column et_pb_column_4_4 et-last-child et_block_column et_pb_css_mix_blend_mode_passthrough\"><div class=\"et_pb_text_0 et_pb_text et_pb_bg_layout_light et_pb_module et_block_module\"><div class=\"et_pb_text_inner\"><p style=\"text-align: center;\"><strong>Nasze torby pierwszej pomocy<\/strong><\/p>\n<\/div><\/div><div class=\"et_pb_text_1 et_pb_text et_pb_bg_layout_light et_pb_module et_block_module\"><div class=\"et_pb_text_inner\"><p>Wszystkie nasze torby pierwszej pomocy mog\u0105 by\u0107 drukowane z logo firmy i np. wizerunkiem firmy, nawet w ma\u0142ych ilo\u015bciach 10 lub wi\u0119cej. Najlepsza reklama za najni\u017csz\u0105 cen\u0119. Niezb\u0119dne dla ka\u017cdego salonu samochodowego, kt\u00f3ry chce wyrobi\u0107 sobie mark\u0119. U\u017cywamy druku cyfrowego z najnowsz\u0105 technologi\u0105. Dlatego Franotech oferuje Twoje logo nie tylko w bia\u0142ym druku, ale tak\u017ce <strong>w kolorze bez dodatkowych op\u0142at!<\/strong>    <\/p>\n<\/div><\/div><\/div><\/div><div class=\"et_pb_row_1 et_pb_row et_pb_equal_columns et_block_row\"><div class=\"et_pb_column_1 et_pb_column et_pb_column_3_5 et_block_column et_pb_css_mix_blend_mode_passthrough\"><div class=\"et_pb_text_2 et_pb_text et_pb_bg_layout_light et_pb_module et_block_module\"><div class=\"et_pb_text_inner\"><p style=\"text-align: center;\"><strong>Klasyka. 3-cz\u0119\u015bciowa torba pierwszej pomocy <\/strong><\/p>\n<p style=\"text-align: left;\"><strong>Materia\u0142 banda\u017ca zgodny z<span>najnowsz\u0105<\/span> norm\u0105 13164 DIN<br \/>- Kamizelka ostrzegawcza zgodna z najnowsz\u0105norm\u0105<span> <\/span>EN ISO 20471<br \/> - Tr\u00f3jk\u0105t ostrzegawczyzgodny z najnowsz\u0105 norm\u010527R<span> <\/span>E<\/strong><\/p>\n<p style=\"text-align: left;\"><span>W razie wypadku wa\u017cne jest jak najszybsze zabezpieczenie miejsca zdarzenia, aby zapobiec dalszym wypadkom. 3-cz\u0119\u015bciowe torby pierwszej pomocy Franotech maj\u0105 wszystko, czego potrzebujesz. <\/span><br \/><span>Torba combi zawiera zatem materia\u0142y pierwszej pomocy, kamizelk\u0119 odblaskow\u0105 i tr\u00f3jk\u0105t ostrzegawczy. Wszystko, co StVZO nakazuje przewozi\u0107 w poje\u017adzie. <\/span><span><\/span><\/p>\n<p style=\"text-align: left;\"><span>Wymiary: 43cm x 5cm x 13cm Waga: 850g<\/span><\/p>\n<\/div><\/div><\/div><div class=\"et_pb_column_2 et_pb_column et_pb_column_2_5 et-last-child et_block_column et_pb_css_mix_blend_mode_passthrough\"><div class=\"et_pb_module et_d4_element dmpro_carousel dmpro_carousel_0\">\n\t\t\t\t\n\t\t\t\t\n\t\t\t\t\n\t\t\t\t\n\t\t\t\t\n\t\t\t\t\n\t\t\t\t<div class=\"et_pb_module_inner\">\n\t\t\t\t\t<style>.dmpro_carousel_0 .dmpro-carousel-main .swiper-button-next:before { content: attr(data-icon);}.dmpro_carousel_0 .dmpro-carousel-main .swiper-button-prev:before { content: attr(data-icon);}<\/style>\n            <div class=\"dmpro-carousel-main\" aria-roledescription=\"carousel\" data-columnsdesktop='1' data-columnstablet='1' data-columnsphone='1' data-spacebetween='30' data-spacebetween_tablet='30' data-spacebetween_phone='30' data-loop='on' data-speed='1201' data-navigation='on' data-pagination='off' data-autoplay='on' data-autoplayspeed='5000' data-pauseonhover='on' data-effect='coverflow' data-rotate='50' data-dynamicbullets='on' data-ordernumber='0' data-centered='on' data-shadow='false' data-a11y-prevslidemessage='Previous slide' data-a11y-nextslidemessage='Next slide' data-a11y-firstslidemessage='This is the first slide' data-a11y-lastslidemessage='This is the last slide' data-a11y-paginationbulletmessage='Go to slide {{index}}' data-a11y-slidelabelmessage='{{index}} \/ {{slidesLength}}'>\n\t\t\t\t<a role=\"button\" aria-label=\"Previous slide\" class=\"swiper-button-prev swiper-arrow-button dmpro-sbp0 et-pb-arrow-prev\" data-icon=\"\ue03b\"><\/a>\n\t\t\t\t <a role=\"button\" aria-label=\"Next slide\" class=\"swiper-button-next swiper-arrow-button dmpro-sbn0 et-pb-arrow-next\" data-icon=\"\ue03c\"><\/a> \n                 \n                <div class=\"swiper swiper-dmpro-container\">\n                    <div class=\"swiper-wrapper dmpro-carousel-wrapper\">\n                        <div class=\"et_pb_module et_d4_element dmpro_carousel_child dmpro_carousel_child_0\">\n\t\t\t\t\n\t\t\t\t\n\t\t\t\t\n\t\t\t\t\n\t\t\t\t\n\t\t\t\t\n\t\t\t\t<div class=\"et_pb_module_inner\">\n\t\t\t\t\t\n            <div class=\"dmpro-carousel-child-wrapper\">\n                <div class=\"dmpro-image-wrap\"><span class=\"dmpro-carousel-image\">\n                    <img decoding=\"async\" src=\"https:\/\/franotech.com\/wp-content\/uploads\/2025\/09\/AiO-Kfz-Kombitasche-Start-640x640-1.jpg\" alt=\"\" >\n                <\/span><\/div>\n                \n            <\/div>\n\t\t\t\t<\/div>\n\t\t\t<\/div><div class=\"et_pb_module et_d4_element dmpro_carousel_child dmpro_carousel_child_1\">\n\t\t\t\t\n\t\t\t\t\n\t\t\t\t\n\t\t\t\t\n\t\t\t\t\n\t\t\t\t\n\t\t\t\t<div class=\"et_pb_module_inner\">\n\t\t\t\t\t\n            <div class=\"dmpro-carousel-child-wrapper\">\n                <div class=\"dmpro-image-wrap\"><span class=\"dmpro-carousel-image\">\n                    <img decoding=\"async\" src=\"https:\/\/franotech.com\/wp-content\/uploads\/2025\/09\/6kombi-schwar.jpg\" alt=\"\" >\n                <\/span><\/div>\n                \n            <\/div>\n\t\t\t\t<\/div>\n\t\t\t<\/div><div class=\"et_pb_module et_d4_element dmpro_carousel_child dmpro_carousel_child_2\">\n\t\t\t\t\n\t\t\t\t\n\t\t\t\t\n\t\t\t\t\n\t\t\t\t\n\t\t\t\t\n\t\t\t\t<div class=\"et_pb_module_inner\">\n\t\t\t\t\t\n            <div class=\"dmpro-carousel-child-wrapper\">\n                <div class=\"dmpro-image-wrap\"><span class=\"dmpro-carousel-image\">\n                    <img decoding=\"async\" src=\"https:\/\/franotech.com\/wp-content\/uploads\/2025\/09\/5kombi-schwar.jpg\" alt=\"\" >\n                <\/span><\/div>\n                \n            <\/div>\n\t\t\t\t<\/div>\n\t\t\t<\/div><div class=\"et_pb_module et_d4_element dmpro_carousel_child dmpro_carousel_child_3\">\n\t\t\t\t\n\t\t\t\t\n\t\t\t\t\n\t\t\t\t\n\t\t\t\t\n\t\t\t\t\n\t\t\t\t<div class=\"et_pb_module_inner\">\n\t\t\t\t\t\n            <div class=\"dmpro-carousel-child-wrapper\">\n                <div class=\"dmpro-image-wrap\"><span class=\"dmpro-carousel-image\">\n                    <img decoding=\"async\" src=\"https:\/\/franotech.com\/wp-content\/uploads\/2025\/09\/3kombi-schwar.jpg\" alt=\"\" >\n                <\/span><\/div>\n                \n            <\/div>\n\t\t\t\t<\/div>\n\t\t\t<\/div><div class=\"et_pb_module et_d4_element dmpro_carousel_child dmpro_carousel_child_4\">\n\t\t\t\t\n\t\t\t\t\n\t\t\t\t\n\t\t\t\t\n\t\t\t\t\n\t\t\t\t\n\t\t\t\t<div class=\"et_pb_module_inner\">\n\t\t\t\t\t\n            <div class=\"dmpro-carousel-child-wrapper\">\n                <div class=\"dmpro-image-wrap\"><span class=\"dmpro-carousel-image\">\n                    <img decoding=\"async\" src=\"https:\/\/franotech.com\/wp-content\/uploads\/2025\/09\/4kombi-schwar.jpg\" alt=\"\" >\n                <\/span><\/div>\n                \n            <\/div>\n\t\t\t\t<\/div>\n\t\t\t<\/div>\n                    <\/div>\n                <\/div>\n                \n            <\/div>\n\t\t\t\t<\/div>\n\t\t\t<\/div><div class=\"et_pb_module et_d4_element dmpro_carousel dmpro_carousel_1\">\n\t\t\t\t\n\t\t\t\t\n\t\t\t\t\n\t\t\t\t\n\t\t\t\t\n\t\t\t\t\n\t\t\t\t<div class=\"et_pb_module_inner\">\n\t\t\t\t\t<style><\/style>\n            <div class=\"dmpro-carousel-main\" aria-roledescription=\"carousel\" data-columnsdesktop='4' data-columnstablet='2' data-columnsphone='1' data-spacebetween='30' data-spacebetween_tablet='30' data-spacebetween_phone='30' data-loop='off' data-speed='500' data-navigation='off' data-pagination='off' data-autoplay='off' data-autoplayspeed='5000' data-pauseonhover='on' data-effect='slide' data-rotate='50' data-dynamicbullets='on' data-ordernumber='1' data-centered='on' data-shadow='true' data-a11y-prevslidemessage='Previous slide' data-a11y-nextslidemessage='Next slide' data-a11y-firstslidemessage='This is the first slide' data-a11y-lastslidemessage='This is the last slide' data-a11y-paginationbulletmessage='Go to slide {{index}}' data-a11y-slidelabelmessage='{{index}} \/ {{slidesLength}}'>\n\t\t\t\t\n                <div class=\"swiper swiper-dmpro-container\">\n                    <div class=\"swiper-wrapper dmpro-carousel-wrapper\">\n                        \n                    <\/div>\n                <\/div>\n                \n            <\/div>\n\t\t\t\t<\/div>\n\t\t\t<\/div><\/div><\/div><div class=\"et_pb_row_2 et_pb_row et_block_row\"><div class=\"et_pb_column_3 et_pb_column et_pb_column_4_4 et-last-child et_block_column et_pb_css_mix_blend_mode_passthrough\"><div class=\"et_pb_divider_0 et_pb_divider et_pb_space et_pb_divider_position_top et_pb_module\"><div class=\"et_pb_divider_internal\"><\/div><\/div><\/div><\/div><div class=\"et_pb_row_3 et_pb_row et_pb_equal_columns et_block_row\"><div class=\"et_pb_column_4 et_pb_column et_pb_column_2_5 et_block_column et_pb_css_mix_blend_mode_passthrough\"><div class=\"et_pb_module et_d4_element dmpro_carousel dmpro_carousel_2\">\n\t\t\t\t\n\t\t\t\t\n\t\t\t\t\n\t\t\t\t\n\t\t\t\t\n\t\t\t\t\n\t\t\t\t<div class=\"et_pb_module_inner\">\n\t\t\t\t\t<style>.dmpro_carousel_2 .dmpro-carousel-main .swiper-button-next:before { content: attr(data-icon);}.dmpro_carousel_2 .dmpro-carousel-main .swiper-button-prev:before { content: attr(data-icon);}<\/style>\n            <div class=\"dmpro-carousel-main\" aria-roledescription=\"carousel\" data-columnsdesktop='1' data-columnstablet='1' data-columnsphone='1' data-spacebetween='30' data-spacebetween_tablet='30' data-spacebetween_phone='30' data-loop='on' data-speed='1201' data-navigation='on' data-pagination='off' data-autoplay='on' data-autoplayspeed='5000' data-pauseonhover='on' data-effect='coverflow' data-rotate='50' data-dynamicbullets='on' data-ordernumber='2' data-centered='on' data-shadow='false' data-a11y-prevslidemessage='Previous slide' data-a11y-nextslidemessage='Next slide' data-a11y-firstslidemessage='This is the first slide' data-a11y-lastslidemessage='This is the last slide' data-a11y-paginationbulletmessage='Go to slide {{index}}' data-a11y-slidelabelmessage='{{index}} \/ {{slidesLength}}'>\n\t\t\t\t<a role=\"button\" aria-label=\"Previous slide\" class=\"swiper-button-prev swiper-arrow-button dmpro-sbp2 et-pb-arrow-prev\" data-icon=\"\ue03b\"><\/a>\n\t\t\t\t <a role=\"button\" aria-label=\"Next slide\" class=\"swiper-button-next swiper-arrow-button dmpro-sbn2 et-pb-arrow-next\" data-icon=\"\ue03c\"><\/a> \n                 \n                <div class=\"swiper swiper-dmpro-container\">\n                    <div class=\"swiper-wrapper dmpro-carousel-wrapper\">\n                        <div class=\"et_pb_module et_d4_element dmpro_carousel_child dmpro_carousel_child_5\">\n\t\t\t\t\n\t\t\t\t\n\t\t\t\t\n\t\t\t\t\n\t\t\t\t\n\t\t\t\t\n\t\t\t\t<div class=\"et_pb_module_inner\">\n\t\t\t\t\t\n            <div class=\"dmpro-carousel-child-wrapper\">\n                <div class=\"dmpro-image-wrap\"><span class=\"dmpro-carousel-image\">\n                    <img decoding=\"async\" src=\"https:\/\/franotech.com\/wp-content\/uploads\/2025\/09\/Nanotaschen-Webpage-640x640-1.jpg\" alt=\"\" >\n                <\/span><\/div>\n                \n            <\/div>\n\t\t\t\t<\/div>\n\t\t\t<\/div><div class=\"et_pb_module et_d4_element dmpro_carousel_child dmpro_carousel_child_6\">\n\t\t\t\t\n\t\t\t\t\n\t\t\t\t\n\t\t\t\t\n\t\t\t\t\n\t\t\t\t\n\t\t\t\t<div class=\"et_pb_module_inner\">\n\t\t\t\t\t\n            <div class=\"dmpro-carousel-child-wrapper\">\n                <div class=\"dmpro-image-wrap\"><span class=\"dmpro-carousel-image\">\n                    <img decoding=\"async\" src=\"https:\/\/franotech.com\/wp-content\/uploads\/2025\/09\/6nano-schwarz.jpg\" alt=\"\" >\n                <\/span><\/div>\n                \n            <\/div>\n\t\t\t\t<\/div>\n\t\t\t<\/div><div class=\"et_pb_module et_d4_element dmpro_carousel_child dmpro_carousel_child_7\">\n\t\t\t\t\n\t\t\t\t\n\t\t\t\t\n\t\t\t\t\n\t\t\t\t\n\t\t\t\t\n\t\t\t\t<div class=\"et_pb_module_inner\">\n\t\t\t\t\t\n            <div class=\"dmpro-carousel-child-wrapper\">\n                <div class=\"dmpro-image-wrap\"><span class=\"dmpro-carousel-image\">\n                    <img decoding=\"async\" src=\"https:\/\/franotech.com\/wp-content\/uploads\/2025\/09\/5nano-schwarz.jpg\" alt=\"\" >\n                <\/span><\/div>\n                \n            <\/div>\n\t\t\t\t<\/div>\n\t\t\t<\/div><div class=\"et_pb_module et_d4_element dmpro_carousel_child dmpro_carousel_child_8\">\n\t\t\t\t\n\t\t\t\t\n\t\t\t\t\n\t\t\t\t\n\t\t\t\t\n\t\t\t\t\n\t\t\t\t<div class=\"et_pb_module_inner\">\n\t\t\t\t\t\n            <div class=\"dmpro-carousel-child-wrapper\">\n                <div class=\"dmpro-image-wrap\"><span class=\"dmpro-carousel-image\">\n                    <img decoding=\"async\" src=\"https:\/\/franotech.com\/wp-content\/uploads\/2025\/09\/3nano-schwarz.jpg\" alt=\"\" >\n                <\/span><\/div>\n                \n            <\/div>\n\t\t\t\t<\/div>\n\t\t\t<\/div><div class=\"et_pb_module et_d4_element dmpro_carousel_child dmpro_carousel_child_9\">\n\t\t\t\t\n\t\t\t\t\n\t\t\t\t\n\t\t\t\t\n\t\t\t\t\n\t\t\t\t\n\t\t\t\t<div class=\"et_pb_module_inner\">\n\t\t\t\t\t\n            <div class=\"dmpro-carousel-child-wrapper\">\n                <div class=\"dmpro-image-wrap\"><span class=\"dmpro-carousel-image\">\n                    <img decoding=\"async\" src=\"https:\/\/franotech.com\/wp-content\/uploads\/2025\/09\/4nano-schwarz.jpg\" alt=\"\" >\n                <\/span><\/div>\n                \n            <\/div>\n\t\t\t\t<\/div>\n\t\t\t<\/div>\n                    <\/div>\n                <\/div>\n                \n            <\/div>\n\t\t\t\t<\/div>\n\t\t\t<\/div><\/div><div class=\"et_pb_column_5 et_pb_column et_pb_column_3_5 et-last-child et_block_column et_pb_css_mix_blend_mode_passthrough\"><div class=\"et_pb_text_3 et_pb_text et_pb_bg_layout_light et_pb_module et_block_module\"><div class=\"et_pb_text_inner\"><p style=\"text-align: center;\"><strong>Klasyczny, ale mniejszy.<\/strong><\/p>\n<p style=\"text-align: left;\">Pod wzgl\u0119dem funkcjonalno\u015bci torba nano w niczym nie ust\u0119puje torbie combi. Jednak dzi\u0119ki opatentowanemu sk\u0142adanemu tr\u00f3jk\u0105towi ostrzegawczemu, nano torba jest o po\u0142ow\u0119 mniejsza od torby combi. <\/p>\n<p>Sk\u0142adany tr\u00f3jk\u0105t ostrzegawczy zosta\u0142 oczywi\u015bcie r\u00f3wnie\u017c przez nas znormalizowany i przetestowany w tunelu aerodynamicznym. Szczeg\u00f3lnie w przypadku sk\u0142adanych tr\u00f3jk\u0105t\u00f3w ostrzegawczych wa\u017cne jest, aby korzysta\u0107 wy\u0142\u0105cznie z us\u0142ug producenta posiadaj\u0105cego certyfikat ISO, takiego jak my, poniewa\u017c imitacje tych tr\u00f3jk\u0105t\u00f3w ostrzegawczych s\u0105 wykonane z gorszych materia\u0142\u00f3w i s\u0105 zdmuchiwane przez przeje\u017cd\u017caj\u0105ce ci\u0119\u017car\u00f3wki. <\/p>\n<p>Wymiary: 22cm x 10cm x 13cm Waga: 1065g<\/p>\n<\/div><\/div><\/div><\/div><div class=\"et_pb_row_4 et_pb_row et_block_row\"><div class=\"et_pb_column_6 et_pb_column et_pb_column_4_4 et-last-child et_block_column et_pb_css_mix_blend_mode_passthrough\"><div class=\"et_pb_divider_1 et_pb_divider et_pb_space et_pb_divider_position_top et_pb_module\"><div class=\"et_pb_divider_internal\"><\/div><\/div><\/div><\/div><div class=\"et_pb_row_5 et_pb_row et_pb_equal_columns et_block_row\"><div class=\"et_pb_column_7 et_pb_column et_pb_column_3_5 et_block_column et_pb_css_mix_blend_mode_passthrough\"><div class=\"et_pb_text_4 et_pb_text et_pb_bg_layout_light et_pb_module et_block_module\"><div class=\"et_pb_text_inner\"><p style=\"text-align: center;\"><strong>Standard<\/strong><\/p>\n<p style=\"text-align: left;\">Nasze torby pierwszej pomocy s\u0105 wykonane z wodoodpornej tkaniny nylonowej i maj\u0105 paski na rzepy przyszyte z ty\u0142u, dzi\u0119ki czemu torb\u0119 mo\u017cna \u0142atwo przymocowa\u0107 do wn\u0119trza pojazdu.<\/p>\n<p>Poniewa\u017c materia\u0142 opatrunkowy jest pakowany oddzielnie, mo\u017cna go \u0142atwo wymieni\u0107 po up\u0142ywie daty wa\u017cno\u015bci. Dzi\u0119ki wysokiej jako\u015bci zastosowanych materia\u0142\u00f3w minimalny okres trwa\u0142o\u015bci naszych opatrunk\u00f3w wynosi 5 lat. Nale\u017cy pami\u0119ta\u0107, \u017ce nadal potrzebny jest tr\u00f3jk\u0105t ostrzegawczy, aby spe\u0142ni\u0107 wszystkie punkty StVZO.  <\/p>\n<p>2-cz\u0119\u015bciowa torba pierwszej pomocy jest oczywi\u015bcie dost\u0119pna r\u00f3wnie\u017c jako 1-cz\u0119\u015bciowa torba pierwszej pomocy zawieraj\u0105ca tylko materia\u0142 pierwszej pomocy.<\/p>\n<p>Wymiary: 20cm x 6cm x 12cm Waga: 420g<\/p>\n<\/div><\/div><\/div><div class=\"et_pb_column_8 et_pb_column et_pb_column_2_5 et-last-child et_block_column et_pb_css_mix_blend_mode_passthrough\"><div class=\"et_pb_module et_d4_element dmpro_carousel dmpro_carousel_3\">\n\t\t\t\t\n\t\t\t\t\n\t\t\t\t\n\t\t\t\t\n\t\t\t\t\n\t\t\t\t\n\t\t\t\t<div class=\"et_pb_module_inner\">\n\t\t\t\t\t<style>.dmpro_carousel_3 .dmpro-carousel-main .swiper-button-next:before { content: attr(data-icon);}.dmpro_carousel_3 .dmpro-carousel-main .swiper-button-prev:before { content: attr(data-icon);}<\/style>\n            <div class=\"dmpro-carousel-main\" aria-roledescription=\"carousel\" data-columnsdesktop='1' data-columnstablet='1' data-columnsphone='1' data-spacebetween='30' data-spacebetween_tablet='30' data-spacebetween_phone='30' data-loop='on' data-speed='1201' data-navigation='on' data-pagination='off' data-autoplay='on' data-autoplayspeed='5000' data-pauseonhover='on' data-effect='coverflow' data-rotate='50' data-dynamicbullets='on' data-ordernumber='3' data-centered='on' data-shadow='false' data-a11y-prevslidemessage='Previous slide' data-a11y-nextslidemessage='Next slide' data-a11y-firstslidemessage='This is the first slide' data-a11y-lastslidemessage='This is the last slide' data-a11y-paginationbulletmessage='Go to slide {{index}}' data-a11y-slidelabelmessage='{{index}} \/ {{slidesLength}}'>\n\t\t\t\t<a role=\"button\" aria-label=\"Previous slide\" class=\"swiper-button-prev swiper-arrow-button dmpro-sbp3 et-pb-arrow-prev\" data-icon=\"\ue03b\"><\/a>\n\t\t\t\t <a role=\"button\" aria-label=\"Next slide\" class=\"swiper-button-next swiper-arrow-button dmpro-sbn3 et-pb-arrow-next\" data-icon=\"\ue03c\"><\/a> \n                 \n                <div class=\"swiper swiper-dmpro-container\">\n                    <div class=\"swiper-wrapper dmpro-carousel-wrapper\">\n                        <div class=\"et_pb_module et_d4_element dmpro_carousel_child dmpro_carousel_child_10\">\n\t\t\t\t\n\t\t\t\t\n\t\t\t\t\n\t\t\t\t\n\t\t\t\t\n\t\t\t\t\n\t\t\t\t<div class=\"et_pb_module_inner\">\n\t\t\t\t\t\n            <div class=\"dmpro-carousel-child-wrapper\">\n                <div class=\"dmpro-image-wrap\"><span class=\"dmpro-carousel-image\">\n                    <img decoding=\"async\" src=\"https:\/\/franotech.com\/wp-content\/uploads\/2025\/09\/Verbandtaschen-Web-Page-640x640-1.jpg\" alt=\"\" >\n                <\/span><\/div>\n                \n            <\/div>\n\t\t\t\t<\/div>\n\t\t\t<\/div><div class=\"et_pb_module et_d4_element dmpro_carousel_child dmpro_carousel_child_11\">\n\t\t\t\t\n\t\t\t\t\n\t\t\t\t\n\t\t\t\t\n\t\t\t\t\n\t\t\t\t\n\t\t\t\t<div class=\"et_pb_module_inner\">\n\t\t\t\t\t\n            <div class=\"dmpro-carousel-child-wrapper\">\n                <div class=\"dmpro-image-wrap\"><span class=\"dmpro-carousel-image\">\n                    <img decoding=\"async\" src=\"https:\/\/franotech.com\/wp-content\/uploads\/2025\/09\/6verband-schw.jpg\" alt=\"\" >\n                <\/span><\/div>\n                \n            <\/div>\n\t\t\t\t<\/div>\n\t\t\t<\/div><div class=\"et_pb_module et_d4_element dmpro_carousel_child dmpro_carousel_child_12\">\n\t\t\t\t\n\t\t\t\t\n\t\t\t\t\n\t\t\t\t\n\t\t\t\t\n\t\t\t\t\n\t\t\t\t<div class=\"et_pb_module_inner\">\n\t\t\t\t\t\n            <div class=\"dmpro-carousel-child-wrapper\">\n                <div class=\"dmpro-image-wrap\"><span class=\"dmpro-carousel-image\">\n                    <img decoding=\"async\" src=\"https:\/\/franotech.com\/wp-content\/uploads\/2025\/09\/5verband-schw.jpg\" alt=\"\" >\n                <\/span><\/div>\n                \n            <\/div>\n\t\t\t\t<\/div>\n\t\t\t<\/div><div class=\"et_pb_module et_d4_element dmpro_carousel_child dmpro_carousel_child_13\">\n\t\t\t\t\n\t\t\t\t\n\t\t\t\t\n\t\t\t\t\n\t\t\t\t\n\t\t\t\t\n\t\t\t\t<div class=\"et_pb_module_inner\">\n\t\t\t\t\t\n            <div class=\"dmpro-carousel-child-wrapper\">\n                <div class=\"dmpro-image-wrap\"><span class=\"dmpro-carousel-image\">\n                    <img decoding=\"async\" src=\"https:\/\/franotech.com\/wp-content\/uploads\/2025\/09\/3verband-schw.jpg\" alt=\"\" >\n                <\/span><\/div>\n                \n            <\/div>\n\t\t\t\t<\/div>\n\t\t\t<\/div><div class=\"et_pb_module et_d4_element dmpro_carousel_child dmpro_carousel_child_14\">\n\t\t\t\t\n\t\t\t\t\n\t\t\t\t\n\t\t\t\t\n\t\t\t\t\n\t\t\t\t\n\t\t\t\t<div class=\"et_pb_module_inner\">\n\t\t\t\t\t\n            <div class=\"dmpro-carousel-child-wrapper\">\n                <div class=\"dmpro-image-wrap\"><span class=\"dmpro-carousel-image\">\n                    <img decoding=\"async\" src=\"https:\/\/franotech.com\/wp-content\/uploads\/2025\/09\/4verband-schw.jpg\" alt=\"\" >\n                <\/span><\/div>\n                \n            <\/div>\n\t\t\t\t<\/div>\n\t\t\t<\/div>\n                    <\/div>\n                <\/div>\n                \n            <\/div>\n\t\t\t\t<\/div>\n\t\t\t<\/div><\/div><\/div><div class=\"et_pb_row_6 et_pb_row et_block_row\"><div class=\"et_pb_column_9 et_pb_column et_pb_column_4_4 et-last-child et_block_column et_pb_css_mix_blend_mode_passthrough\"><div class=\"et_pb_divider_2 et_pb_divider et_pb_space et_pb_divider_position_top et_pb_module\"><div class=\"et_pb_divider_internal\"><\/div><\/div><\/div><\/div><div class=\"et_pb_row_7 et_pb_row et_block_row\"><div class=\"et_pb_column_10 et_pb_column et_pb_column_4_4 et-last-child et_block_column et_pb_css_mix_blend_mode_passthrough\"><div class=\"et_pb_text_5 et_pb_text et_pb_bg_layout_light et_pb_module et_block_module\"><div class=\"et_pb_text_inner\"><h4 style=\"text-align: center;\"><strong>Wszystkie nasze torby combi, nano combi lub torby pierwszej pomocy s\u0105 wyposa\u017cone w :<\/strong><\/h4>\n<h4 style=\"text-align: center;\"><strong>2x paski na rzepy i szybki przewodnik awaryjny z ty\u0142u<\/strong><\/h4>\n<\/div><\/div><\/div><\/div><div class=\"et_pb_row_8 et_pb_row et_pb_equal_columns et_block_row\"><div class=\"et_pb_column_11 et_pb_column et_pb_column_1_2 et_block_column et_pb_css_mix_blend_mode_passthrough\"><div class=\"et_pb_image_0 et_pb_image et_pb_module et_block_module\"><span class=\"et_pb_image_wrap\"><img loading=\"lazy\" decoding=\"async\" src=\"https:\/\/franotech.com\/wp-content\/uploads\/2025\/09\/Kombitasche-Rot-4.jpg\" width=\"2000\" height=\"2000\" srcset=\"https:\/\/franotech.com\/wp-content\/uploads\/2025\/09\/Kombitasche-Rot-4.jpg 2000w, https:\/\/franotech.com\/wp-content\/uploads\/2025\/09\/Kombitasche-Rot-4-1280x1280.jpg 1280w, https:\/\/franotech.com\/wp-content\/uploads\/2025\/09\/Kombitasche-Rot-4-980x980.jpg 980w, https:\/\/franotech.com\/wp-content\/uploads\/2025\/09\/Kombitasche-Rot-4-480x480.jpg 480w\" sizes=\"(min-width: 0px) and (max-width: 480px) 480px, (min-width: 481px) and (max-width: 980px) 980px, (min-width: 981px) and (max-width: 1280px) 1280px, (min-width: 1281px) 2000px, 100vw\" class=\"wp-image-1378538\" title=\"Torba Combi czerwona 4\" \/><\/span><\/div><\/div><div class=\"et_pb_column_12 et_pb_column et_pb_column_1_2 et-last-child et_block_column et_pb_css_mix_blend_mode_passthrough\"><div class=\"et_pb_image_1 et_pb_image et_pb_module et_block_module\"><span class=\"et_pb_image_wrap\"><img loading=\"lazy\" decoding=\"async\" src=\"https:\/\/franotech.com\/wp-content\/uploads\/2025\/09\/Schnell-Notfallanleitung-640x640-1.png\" width=\"640\" height=\"640\" srcset=\"https:\/\/franotech.com\/wp-content\/uploads\/2025\/09\/Schnell-Notfallanleitung-640x640-1.png 640w, https:\/\/franotech.com\/wp-content\/uploads\/2025\/09\/Schnell-Notfallanleitung-640x640-1-480x480.png 480w\" sizes=\"(min-width: 0px) and (max-width: 480px) 480px, (min-width: 481px) 640px, 100vw\" class=\"wp-image-1378531\" title=\"Szybkie instrukcje awaryjne 640x640\" \/><\/span><\/div><\/div><\/div><\/div>\n","protected":false},"excerpt":{"rendered":"","protected":false},"author":1,"featured_media":0,"parent":0,"menu_order":0,"comment_status":"closed","ping_status":"closed","template":"","meta":{"_et_pb_use_builder":"on","_et_pb_old_content":"","_et_gb_content_width":"","footnotes":""},"class_list":["post-1379511","page","type-page","status-publish","hentry"],"ams_acf":[],"_links":{"self":[{"href":"https:\/\/franotech.com\/pl\/wp-json\/wp\/v2\/pages\/1379511","targetHints":{"allow":["GET"]}}],"collection":[{"href":"https:\/\/franotech.com\/pl\/wp-json\/wp\/v2\/pages"}],"about":[{"href":"https:\/\/franotech.com\/pl\/wp-json\/wp\/v2\/types\/page"}],"author":[{"embeddable":true,"href":"https:\/\/franotech.com\/pl\/wp-json\/wp\/v2\/users\/1"}],"replies":[{"embeddable":true,"href":"https:\/\/franotech.com\/pl\/wp-json\/wp\/v2\/comments?post=1379511"}],"version-history":[{"count":5,"href":"https:\/\/franotech.com\/pl\/wp-json\/wp\/v2\/pages\/1379511\/revisions"}],"predecessor-version":[{"id":1380873,"href":"https:\/\/franotech.com\/pl\/wp-json\/wp\/v2\/pages\/1379511\/revisions\/1380873"}],"wp:attachment":[{"href":"https:\/\/franotech.com\/pl\/wp-json\/wp\/v2\/media?parent=1379511"}],"curies":[{"name":"wp","href":"https:\/\/api.w.org\/{rel}","templated":true}]}}